{"id":820,"date":"2011-06-04T18:44:08","date_gmt":"2011-06-04T16:44:08","guid":{"rendered":"http:\/\/www.jcbechet.com\/?page_id=820"},"modified":"2021-11-23T01:00:26","modified_gmt":"2021-11-23T00:00:26","slug":"820-2","status":"publish","type":"page","link":"https:\/\/www.jcbechet.com\/?page_id=820","title":{"rendered":"Tokyo Station (2005)"},"content":{"rendered":"<p><a href=\"http:\/\/www.jcbechet.com\/wp-content\/uploads\/2011\/06\/livre-tokyo-ok2.jpg\"><img loading=\"lazy\" decoding=\"async\" class=\"aligncenter size-full wp-image-838\" title=\"OLYMPUS DIGITAL CAMERA\" alt=\"\" src=\"http:\/\/www.jcbechet.com\/wp-content\/uploads\/2011\/06\/livre-tokyo-ok2.jpg\" width=\"940\" height=\"358\" srcset=\"https:\/\/www.jcbechet.com\/wp-content\/uploads\/2011\/06\/livre-tokyo-ok2.jpg 940w, https:\/\/www.jcbechet.com\/wp-content\/uploads\/2011\/06\/livre-tokyo-ok2-300x114.jpg 300w, https:\/\/www.jcbechet.com\/wp-content\/uploads\/2011\/06\/livre-tokyo-ok2-2x1.jpg 2w\" sizes=\"(max-width: 940px) 100vw, 940px\" \/><\/a><\/p>\n<p><strong>TOKYO STATION, \u00e9ditions Trans Photographic Press, 93 photos couleur et n&amp;b,\u00a0format 23 x 23 cm<br \/>\nSuivi d&rsquo;un d<\/strong><strong>ialogue entre Raymond Depardon et Jean-Christophe B\u00e9chet.<br \/>\nLivre \u00e9puis\u00e9, derniers exemplaires en \u00e9dition limit\u00e9e avec tirage original (Prix : 350 E)<\/strong><\/p>\n<p style=\"text-align: center;\"><span style=\"text-decoration: underline;\">Dialogue entre Raymond Depardon et Jean-Christophe B\u00e9chet \u00e0 propos de \u00ab Tokyo Station \u00bb (extraits)<\/span><\/p>\n<p><strong>RAYMOND DEPARDON<\/strong> : Quand je suis all\u00e9 la premi\u00e8re fois \u00e0 Tokyo, en 1964 pour les Jeux Olympiques, j\u2019ai d\u00e9test\u00e9 cette ville. A force d\u2019y aller, environ une fois tous les dix ans, j\u2019ai commenc\u00e9 \u00e0 aimer cette ville et aujourd\u2019hui je serai pr\u00eat \u00e0 y habiter parce que je trouve que c\u2019est une ville qu\u2019il faut affronter, qu&rsquo;il ne faut pas la fuir. Tokyo c\u2019est une ville qui casse un peu l\u2019image romantique qu\u2019on peut avoir de la ville. C\u2019est Rem Koohlas, l\u2019architecte qui dit : \u00a0\u00bb il faut arr\u00eater de voir la ville comme un petit village reconstitu\u00e9\u00a0\u00bb. Tokyo reste une ville tr\u00e8s forte visuellement et tes photos nous le montrent bien. Quand je vois tes photos, je trouve d\u2019abord qu\u2019il y a de tr\u00e9s belles choses. Mais surtout, il y a quelque chose de nouveau dans tes photos car tu es parti du d\u00e9sordre et tu as mis de l\u2019ordre. Mettre de l\u2019ordre dans la rue de Tokyo c\u2019est quand m\u00eame un exploit ! Il existe un nouveau d\u00e9sordre dans les villes avec l\u2019arriv\u00e9e d\u2019un nouveau mobilier urbain. Et un d\u00e9sordre en couleur que tu as bien saisi. J\u2019ai photographi\u00e9 New York dans les ann\u00e9es 80 en n&amp;b, toi tu fais parti de cette nouvelle g\u00e9n\u00e9ration qui voit aussi en couleur, ce qui est apr\u00e8s tout assez naturel\u2026(rires)<\/p>\n<p><a href=\"http:\/\/www.jcbechet.com\/wp-content\/uploads\/2011\/06\/depardon1.jpg\"><img loading=\"lazy\" decoding=\"async\" class=\"aligncenter size-full wp-image-828\" title=\"depardon1\" alt=\"\" src=\"http:\/\/www.jcbechet.com\/wp-content\/uploads\/2011\/06\/depardon1.jpg\" width=\"950\" height=\"225\" srcset=\"https:\/\/www.jcbechet.com\/wp-content\/uploads\/2011\/06\/depardon1.jpg 950w, https:\/\/www.jcbechet.com\/wp-content\/uploads\/2011\/06\/depardon1-300x71.jpg 300w, https:\/\/www.jcbechet.com\/wp-content\/uploads\/2011\/06\/depardon1-4x1.jpg 4w, https:\/\/www.jcbechet.com\/wp-content\/uploads\/2011\/06\/depardon1-940x222.jpg 940w\" sizes=\"(max-width: 950px) 100vw, 950px\" \/><\/a><\/p>\n<p><strong>JCB<\/strong> : Je suis heureux que tu aies senti cette id\u00e9e d\u2019ordre et de d\u00e9sordre, car cela a \u00e9t\u00e9 mon moteur. Voir le d\u00e9sordre, et l\u2019ordonner tout en laissant laisser entrer une part de surprise dans le cadre. La photographie pour moi c\u2019est d\u2019abord la disponibilit\u00e9. Aux gens, aux architectures, aux odeurs, aux bruits\u2026 Il y a une phrase de L\u00e9o Ferr\u00e9 que j\u2019aime beaucoup : le d\u00e9sordre c&rsquo;est l&rsquo;ordre sans le pouvoir.\u00a0Ce qui est compliqu\u00e9, c\u2019est d\u2019expliquer qu\u2019\u00e0 la fois c\u2019est important que ces photos soient prises au Japon et qu\u2019en m\u00eame temps ce n\u2019est pas important de reconna\u00eetre le Japon. C\u2019est un point de vue, un roman documentaire. Une photo seule ne veut pas dire grand chose. C\u2019est le flux qui compte, le rythme. Chaque ville a son rythme. On retrouve les m\u00eames fast food, les m\u00eames pub, les m\u00eames modes vestimentaires\u2026 mais pas les m\u00eames rythmes, ni les m\u00eames architectures. Les livres touristiques jouent sur la ressemblance : le spectateur doit reconnaitre le Japon qu\u2019il a vu ou qu\u2019il imagine. Moi, je ne veux pas que l\u2019on reconnaisse quoique ce soit. Je veux faire passer un sentiment, un t\u00e9moignage, une respiration\u2026<\/p>\n<p><strong>RD <\/strong>: Oui tu ne veux pas \u00eatre trop formaliste, je te comprends. Tokyo c&rsquo;est aussi un grand asile psychiatrique, c&rsquo;est une danse, une gestuelle. Dans les bars, les japonais se lib\u00e8rent, c&rsquo;est magnifique. Tu les vois et tu te dis qu&rsquo;au fond cet \u00e9tranger, c&rsquo;est\u2026 toi ! Eux c&rsquo;est nous, et au fond on est tous pareil. J&rsquo;ai un peu peur quand je les vois, car c&rsquo;est un peu moi aussi. Moi aussi quand je marche dans la rue, j&rsquo;ai cet air ailleurs, comme dans tes photos , je pense \u00e0 mes n\u00e9gatifs, je me dis pourvu qu&rsquo;ils ne soient pas surexpos\u00e9s (rires) du coup j&rsquo;ai cet air absent, concentr\u00e9\u2026<\/p>\n<p><strong>JCB <\/strong>: c\u2019est aussi pourquoi, il ne faut pas plaquer trop d\u2019explications psychologiques sur des photos. Il faut accepter de ne pas tout expliquer ou comprendre. J\u2019offre le point de vue d\u2019un \u00ab passant \u00bb. Je d\u00e9fends cette id\u00e9e d\u2019\u00eatre un voyageur, un passeur. Ni un sociologue, ni un illustrateur. Juste un photographe fran\u00e7ais qui regarde et capte des situations en essayant de les organiser sur le plan du sens et de l\u2019esth\u00e9tique.<\/p>\n<p><strong>RD :<\/strong> Moi, je trouve que c&rsquo;est toi tout \u00e7a. Dans ce livre, tu es chez toi , tu as trouv\u00e9 ton style. En tous cas je trouve que ton travail est int\u00e9ressant car des photos comme celles-ci manquaient en France. Welcome !<\/p>\n<p style=\"text-align: right;\"><strong>Paris, novembre 2003<\/strong><\/p>\n","protected":false},"excerpt":{"rendered":"<p>TOKYO STATION, \u00e9ditions Trans Photographic Press, 93 photos couleur et n&amp;b,\u00a0format 23 x 23 cm Suivi d&rsquo;un dialogue entre Raymond Depardon et Jean-Christophe B\u00e9chet. Livre \u00e9puis\u00e9, derniers exemplaires en \u00e9dition limit\u00e9e avec tirage original&#46;&#46;&#46;<\/p>\n","protected":false},"author":1,"featured_media":823,"parent":0,"menu_order":0,"comment_status":"closed","ping_status":"closed","template":"","meta":{"footnotes":""},"class_list":["post-820","page","type-page","status-publish","has-post-thumbnail","hentry"],"_links":{"self":[{"href":"https:\/\/www.jcbechet.com\/index.php?rest_route=\/wp\/v2\/pages\/820"}],"collection":[{"href":"https:\/\/www.jcbechet.com\/index.php?rest_route=\/wp\/v2\/pages"}],"about":[{"href":"https:\/\/www.jcbechet.com\/index.php?rest_route=\/wp\/v2\/types\/page"}],"author":[{"embeddable":true,"href":"https:\/\/www.jcbechet.com\/index.php?rest_route=\/wp\/v2\/users\/1"}],"replies":[{"embeddable":true,"href":"https:\/\/www.jcbechet.com\/index.php?rest_route=%2Fwp%2Fv2%2Fcomments&post=820"}],"version-history":[{"count":0,"href":"https:\/\/www.jcbechet.com\/index.php?rest_route=\/wp\/v2\/pages\/820\/revisions"}],"wp:featuredmedia":[{"embeddable":true,"href":"https:\/\/www.jcbechet.com\/index.php?rest_route=\/wp\/v2\/media\/823"}],"wp:attachment":[{"href":"https:\/\/www.jcbechet.com\/index.php?rest_route=%2Fwp%2Fv2%2Fmedia&parent=820"}],"curies":[{"name":"wp","href":"https:\/\/api.w.org\/{rel}","templated":true}]}}