{"id":789,"date":"2011-05-23T00:03:09","date_gmt":"2011-05-22T22:03:09","guid":{"rendered":"http:\/\/www.jcbechet.com\/?page_id=789"},"modified":"2025-03-26T22:57:39","modified_gmt":"2025-03-26T21:57:39","slug":"carnets-3-noir-vertical","status":"publish","type":"page","link":"https:\/\/www.jcbechet.com\/?page_id=789","title":{"rendered":"Carnets #1 : Noir Vertical (2008)"},"content":{"rendered":"<p><a href=\"http:\/\/www.jcbechet.com\/wp-content\/uploads\/2011\/05\/Bon.jpg\"><img loading=\"lazy\" decoding=\"async\" class=\"aligncenter size-full wp-image-1443\" title=\"Bon\" src=\"http:\/\/www.jcbechet.com\/wp-content\/uploads\/2011\/05\/Bon.jpg\" alt=\"\" width=\"950\" height=\"474\" srcset=\"https:\/\/www.jcbechet.com\/wp-content\/uploads\/2011\/05\/Bon.jpg 950w, https:\/\/www.jcbechet.com\/wp-content\/uploads\/2011\/05\/Bon-300x149.jpg 300w, https:\/\/www.jcbechet.com\/wp-content\/uploads\/2011\/05\/Bon-2x1.jpg 2w, https:\/\/www.jcbechet.com\/wp-content\/uploads\/2011\/05\/Bon-940x469.jpg 940w\" sizes=\"(max-width: 950px) 100vw, 950px\" \/><\/a><\/p>\n<p><strong>Format 24&#215;30 cm, 48 pages, 38 photos n&amp;b, \u00e9ditions trans photographic press<br \/>\n\u00c9dition num\u00e9rot\u00e9e de 750 exemplaires (livre \u00e9puis\u00e9)<\/strong><br \/>\n<strong> Une \u00e9dition limit\u00e9e, num\u00e9rot\u00e9e et sign\u00e9e, avec un tirage original ( limit\u00e9 \u00e0 30 exemplaires ) est disponible aupr\u00e8s de l&rsquo;auteur (160 E)<\/strong><\/p>\n<p>Au d\u00e9part, il y a une phrase de Pierre Soulages : \u00ab J\u2019aime l\u2019autorit\u00e9 du noir, sa gravit\u00e9, son \u00e9vidence, sa radicalit\u00e9. \u00bb<br \/>\nLa lumi\u00e8re et le noir, le contraste et la densit\u00e9. Comme nous voyons le monde \u00e0 l\u2019horizontal et en couleur, j\u2019ai voulu le photographier en noir &amp; blanc et en vertical\u2026 Tout en restant dans une vision du r\u00e9el. L\u00e0 r\u00e9side peut \u00eatre une des sources de la sp\u00e9cificit\u00e9 photographique\u2026<\/p>\n<p><strong>Lieux des prises de vue : <\/strong><br \/>\nMarseille. Rome. Chili-Atacama. Paris. Lisbonne. Bruxelles. Valencia.B\u00e9nar\u00e8s. Concarneau. Valparaiso. Ouagadougou. Prague. Tokyo. Amsterdam. Santiago du Chili. Londres. Madrid. Alg\u00e9rie-El Oued. Helsinki. Japon-Minamata.<\/p>\n","protected":false},"excerpt":{"rendered":"<p>Format 24&#215;30 cm, 48 pages, 38 photos n&amp;b, \u00e9ditions trans photographic press \u00c9dition num\u00e9rot\u00e9e de 750 exemplaires (livre \u00e9puis\u00e9) Une \u00e9dition limit\u00e9e, num\u00e9rot\u00e9e et sign\u00e9e, avec un tirage original ( limit\u00e9 \u00e0 30 exemplaires&#46;&#46;&#46;<\/p>\n","protected":false},"author":1,"featured_media":0,"parent":0,"menu_order":0,"comment_status":"closed","ping_status":"closed","template":"","meta":{"footnotes":""},"class_list":["post-789","page","type-page","status-publish","hentry"],"_links":{"self":[{"href":"https:\/\/www.jcbechet.com\/index.php?rest_route=\/wp\/v2\/pages\/789"}],"collection":[{"href":"https:\/\/www.jcbechet.com\/index.php?rest_route=\/wp\/v2\/pages"}],"about":[{"href":"https:\/\/www.jcbechet.com\/index.php?rest_route=\/wp\/v2\/types\/page"}],"author":[{"embeddable":true,"href":"https:\/\/www.jcbechet.com\/index.php?rest_route=\/wp\/v2\/users\/1"}],"replies":[{"embeddable":true,"href":"https:\/\/www.jcbechet.com\/index.php?rest_route=%2Fwp%2Fv2%2Fcomments&post=789"}],"version-history":[{"count":1,"href":"https:\/\/www.jcbechet.com\/index.php?rest_route=\/wp\/v2\/pages\/789\/revisions"}],"predecessor-version":[{"id":6877,"href":"https:\/\/www.jcbechet.com\/index.php?rest_route=\/wp\/v2\/pages\/789\/revisions\/6877"}],"wp:attachment":[{"href":"https:\/\/www.jcbechet.com\/index.php?rest_route=%2Fwp%2Fv2%2Fmedia&parent=789"}],"curies":[{"name":"wp","href":"https:\/\/api.w.org\/{rel}","templated":true}]}}