{"id":780,"date":"2011-05-22T23:53:18","date_gmt":"2011-05-22T21:53:18","guid":{"rendered":"http:\/\/www.jcbechet.com\/?page_id=780"},"modified":"2025-03-27T11:45:01","modified_gmt":"2025-03-27T10:45:01","slug":"carnets-2-climats-2","status":"publish","type":"page","link":"https:\/\/www.jcbechet.com\/?page_id=780","title":{"rendered":"Carnets #2 : Climats (2008)"},"content":{"rendered":"<p><a href=\"http:\/\/www.jcbechet.com\/wp-content\/uploads\/2011\/05\/Climats-ok.jpg\"><img loading=\"lazy\" decoding=\"async\" class=\"aligncenter size-full wp-image-1445\" title=\"Climats-ok\" src=\"http:\/\/www.jcbechet.com\/wp-content\/uploads\/2011\/05\/Climats-ok.jpg\" alt=\"\" width=\"961\" height=\"369\" srcset=\"https:\/\/www.jcbechet.com\/wp-content\/uploads\/2011\/05\/Climats-ok.jpg 961w, https:\/\/www.jcbechet.com\/wp-content\/uploads\/2011\/05\/Climats-ok-300x115.jpg 300w, https:\/\/www.jcbechet.com\/wp-content\/uploads\/2011\/05\/Climats-ok-2x1.jpg 2w, https:\/\/www.jcbechet.com\/wp-content\/uploads\/2011\/05\/Climats-ok-940x360.jpg 940w\" sizes=\"(max-width: 961px) 100vw, 961px\" \/><\/a><\/p>\n<p><strong>Format 24&#215;30 cm, 48 pages, 22 photos couleur, \u00e9ditions trans photographic press<br \/>\n<\/strong><strong>\u00c9dition classique \u00e9puis\u00e9e<br \/>\n<\/strong><strong>Une \u00e9dition limit\u00e9e, num\u00e9rot\u00e9e et sign\u00e9e, avec un tirage original 18 x 27 cm au choix (limit\u00e9 \u00e0 30 exemplaires) est disponible aupr\u00e8s de l&rsquo;auteur (160 E)<\/strong><\/p>\n<p style=\"text-align: left;\"><strong>\u00a0<\/strong><\/p>\n<p>D\u00e9s l\u2019origine, c\u2019est le climat qui fa\u00e7onne les rythmes de vie, les d\u00e9placements, les caract\u00e8res. Apr\u00e8s viennent les croyances, les villes, la politique et les habitudes. Mais au d\u00e9part, il y a la m\u00e9t\u00e9o. Et j\u2019aime les images o\u00f9 l\u2019on sent la mati\u00e8re et l\u2019\u00e9paisseur du temps qu\u2019il fait\u2026L\u2019homme existe par rapport \u00e0 son climat. Latin ou nordique, tout est une question de pluie et de soleil. Comme la photographie\u2026 Question de TEMPS : en fran\u00e7ais (en Italien et espagnol aussi, mais pas en anglais ou allemand\u2026 ) on utilise le m\u00eame mot pour parler de l\u2019\u00e9poque et de la m\u00e9t\u00e9o. Dr\u00f4le de confusion. Dans \u00ab Climats \u00bb j\u2019ai donc voulu dans mes photos arr\u00eater ces deux temps : celui de l\u2019instant du d\u00e9clenchement et celui de la m\u00e9t\u00e9o qui fa\u00e7onne la lumi\u00e8re.<\/p>\n<p><span style=\"text-decoration: underline;\"><strong>Lieux des prises de vue :<\/strong><\/span><br \/>\nItalie. Cuba. Ecosse. Norv\u00e8ge. Cameroun. France. France. France. France. Alg\u00e9rie. Su\u00e8de. Russie.<br \/>\nEspagne. Islande. Norv\u00e8ge. Islande. Etats-Unis. Paris. Cameroun. Paris. Norv\u00e8ge. Italie.<\/p>\n","protected":false},"excerpt":{"rendered":"<p>Format 24&#215;30 cm, 48 pages, 22 photos couleur, \u00e9ditions trans photographic press \u00c9dition classique \u00e9puis\u00e9e Une \u00e9dition limit\u00e9e, num\u00e9rot\u00e9e et sign\u00e9e, avec un tirage original 18 x 27 cm au choix (limit\u00e9 \u00e0 30&#46;&#46;&#46;<\/p>\n","protected":false},"author":1,"featured_media":0,"parent":0,"menu_order":0,"comment_status":"closed","ping_status":"closed","template":"","meta":{"footnotes":""},"class_list":["post-780","page","type-page","status-publish","hentry"],"_links":{"self":[{"href":"https:\/\/www.jcbechet.com\/index.php?rest_route=\/wp\/v2\/pages\/780"}],"collection":[{"href":"https:\/\/www.jcbechet.com\/index.php?rest_route=\/wp\/v2\/pages"}],"about":[{"href":"https:\/\/www.jcbechet.com\/index.php?rest_route=\/wp\/v2\/types\/page"}],"author":[{"embeddable":true,"href":"https:\/\/www.jcbechet.com\/index.php?rest_route=\/wp\/v2\/users\/1"}],"replies":[{"embeddable":true,"href":"https:\/\/www.jcbechet.com\/index.php?rest_route=%2Fwp%2Fv2%2Fcomments&post=780"}],"version-history":[{"count":1,"href":"https:\/\/www.jcbechet.com\/index.php?rest_route=\/wp\/v2\/pages\/780\/revisions"}],"predecessor-version":[{"id":6879,"href":"https:\/\/www.jcbechet.com\/index.php?rest_route=\/wp\/v2\/pages\/780\/revisions\/6879"}],"wp:attachment":[{"href":"https:\/\/www.jcbechet.com\/index.php?rest_route=%2Fwp%2Fv2%2Fmedia&parent=780"}],"curies":[{"name":"wp","href":"https:\/\/api.w.org\/{rel}","templated":true}]}}