{"id":7566,"date":"2025-11-30T17:56:51","date_gmt":"2025-11-30T16:56:51","guid":{"rendered":"https:\/\/www.jcbechet.com\/?page_id=7566"},"modified":"2026-02-23T12:21:08","modified_gmt":"2026-02-23T11:21:08","slug":"frenchtown-04-2022","status":"publish","type":"page","link":"https:\/\/www.jcbechet.com\/?page_id=7566","title":{"rendered":"Frenchtown # 4 (2022)"},"content":{"rendered":"\n<figure class=\"wp-block-image size-large\"><a href=\"https:\/\/www.jcbechet.com\/wp-content\/uploads\/2025\/11\/COUV-FRENCHTOWN-04-copie.jpg\"><img loading=\"lazy\" decoding=\"async\" width=\"1024\" height=\"480\" src=\"https:\/\/www.jcbechet.com\/wp-content\/uploads\/2025\/11\/COUV-FRENCHTOWN-04-copie-1024x480.jpg\" alt=\"\" class=\"wp-image-7567\" srcset=\"https:\/\/www.jcbechet.com\/wp-content\/uploads\/2025\/11\/COUV-FRENCHTOWN-04-copie-1024x480.jpg 1024w, https:\/\/www.jcbechet.com\/wp-content\/uploads\/2025\/11\/COUV-FRENCHTOWN-04-copie-300x141.jpg 300w, https:\/\/www.jcbechet.com\/wp-content\/uploads\/2025\/11\/COUV-FRENCHTOWN-04-copie-768x360.jpg 768w, https:\/\/www.jcbechet.com\/wp-content\/uploads\/2025\/11\/COUV-FRENCHTOWN-04-copie-520x245.jpg 520w, https:\/\/www.jcbechet.com\/wp-content\/uploads\/2025\/11\/COUV-FRENCHTOWN-04-copie.jpg 1500w\" sizes=\"(max-width: 1024px) 100vw, 1024px\" \/><\/a><\/figure>\n\n\n\n<p><br><strong>FRENCHTOWN #4 : Deauville (14)<\/strong><br><em>Le Pas du Trem, 48 pages,  ( \u00e9puis\u00e9 en version normale )<br>Une \u00e9dition limit\u00e9e avec un tirage original de l\u2019auteur est disponible (90 E)<br>Une \u00e9dition limit\u00e9e avec deux tirages originaux de l\u2019auteur est disponible (130 E)<br>(contact : jcbechet@gmail.com)<\/em><\/p>\n\n\n\n<p><br>ll existe deux Deauville, la ville des habitants, la semaine, et l\u2019autre, celle des touristes et des r\u00e9sidences secondaires, pendant les week-end et les vacances scolaires. Mon premier fil conducteur sera l\u00e0 :&nbsp; oublier les vacanciers et chercher l\u2019identit\u00e9 de la ville dans ces longs temps faibles o\u00f9 la cit\u00e9 semble dormir, ou plut\u00f4t somnoler.&nbsp; Mais derri\u00e8re cette apparence de vide, des hommes et des femmes s\u2019affairent, comme en coulisses. Les coulisses, le cin\u00e9ma, les planches, je commen\u00e7ais \u00e0 tenir mon sc\u00e9nario. J\u2019ai alors vu Deauville comme un th\u00e9\u00e2tre, sa plage et la promenade qui la longe en sont une sc\u00e8ne somptueuse \u00e9clair\u00e9e par les sunlights, et en arri\u00e8re-plan, dans l\u2019ombre, la ville, grande machinerie \u00ab backstage \u00bb o\u00f9 vivent et travaillent les organisateurs et les techniciens de ce grand spectacle qui s\u2019\u00e9claire par \u00e0 coup quand les spectateurs (et le soleil) d\u00e9barquent !&nbsp;<\/p>\n\n\n\n<p>&nbsp;&nbsp;&nbsp;&nbsp;&nbsp;&nbsp;&nbsp;&nbsp;&nbsp;&nbsp;&nbsp;&nbsp;&nbsp;&nbsp;&nbsp;&nbsp;&nbsp; C\u2019est \u00e0 partir de ces sensations, et de cette dichotomie, que s\u2019est construit mon travail. Avec le choix d\u2019un noir &amp; blanc \u00e2pre et rugueux pour installer le d\u00e9cor qui est aussi le socle et l\u2019armature de la ville\u2026 Et puis, dessus, en pleine lumi\u00e8re, en couleur, les acteurs de cette grande repr\u00e9sentation humaine et sociale qu\u2019est la promenade sur les Planches. Je retrouvais cette atmosph\u00e8re du Lido v\u00e9nitien que j\u2019aime tant, et le cin\u00e9ma qui venait \u00e0 ma m\u00e9moire n\u2019\u00e9tait pas celui d\u2019Hollywood, ou de Lelouch, mais plut\u00f4t celui d\u2019un Visconti, d\u2019un Antonioni, ou d\u2019un Fellini\u2026&nbsp;<\/p>\n\n\n\n<p><\/p>\n\n\n\n<p><\/p>\n","protected":false},"excerpt":{"rendered":"<p>FRENCHTOWN #4 : Deauville (14)Le Pas du Trem, 48 pages, ( \u00e9puis\u00e9 en version normale )Une \u00e9dition limit\u00e9e avec un tirage original de l\u2019auteur est disponible (90 E)Une \u00e9dition limit\u00e9e avec deux tirages originaux&#46;&#46;&#46;<\/p>\n","protected":false},"author":1,"featured_media":0,"parent":0,"menu_order":0,"comment_status":"closed","ping_status":"closed","template":"","meta":{"footnotes":""},"class_list":["post-7566","page","type-page","status-publish","hentry"],"_links":{"self":[{"href":"https:\/\/www.jcbechet.com\/index.php?rest_route=\/wp\/v2\/pages\/7566"}],"collection":[{"href":"https:\/\/www.jcbechet.com\/index.php?rest_route=\/wp\/v2\/pages"}],"about":[{"href":"https:\/\/www.jcbechet.com\/index.php?rest_route=\/wp\/v2\/types\/page"}],"author":[{"embeddable":true,"href":"https:\/\/www.jcbechet.com\/index.php?rest_route=\/wp\/v2\/users\/1"}],"replies":[{"embeddable":true,"href":"https:\/\/www.jcbechet.com\/index.php?rest_route=%2Fwp%2Fv2%2Fcomments&post=7566"}],"version-history":[{"count":4,"href":"https:\/\/www.jcbechet.com\/index.php?rest_route=\/wp\/v2\/pages\/7566\/revisions"}],"predecessor-version":[{"id":7583,"href":"https:\/\/www.jcbechet.com\/index.php?rest_route=\/wp\/v2\/pages\/7566\/revisions\/7583"}],"wp:attachment":[{"href":"https:\/\/www.jcbechet.com\/index.php?rest_route=%2Fwp%2Fv2%2Fmedia&parent=7566"}],"curies":[{"name":"wp","href":"https:\/\/api.w.org\/{rel}","templated":true}]}}