{"id":730,"date":"2011-05-22T19:34:32","date_gmt":"2011-05-22T17:34:32","guid":{"rendered":"http:\/\/www.jcbechet.com\/?page_id=730"},"modified":"2025-04-11T23:30:19","modified_gmt":"2025-04-11T21:30:19","slug":"carnets-3-discontinue","status":"publish","type":"page","link":"https:\/\/www.jcbechet.com\/?page_id=730","title":{"rendered":"Carnets #3 : Discontinu\u00e9\u2026 (2010)"},"content":{"rendered":"<p><a href=\"http:\/\/www.jcbechet.com\/wp-content\/uploads\/2011\/05\/ok12.jpg\"><img loading=\"lazy\" decoding=\"async\" class=\"aligncenter size-full wp-image-1452\" title=\"ok1\" src=\"http:\/\/www.jcbechet.com\/wp-content\/uploads\/2011\/05\/ok12.jpg\" alt=\"\" width=\"957\" height=\"498\" srcset=\"https:\/\/www.jcbechet.com\/wp-content\/uploads\/2011\/05\/ok12.jpg 957w, https:\/\/www.jcbechet.com\/wp-content\/uploads\/2011\/05\/ok12-300x156.jpg 300w, https:\/\/www.jcbechet.com\/wp-content\/uploads\/2011\/05\/ok12-1x1.jpg 1w, https:\/\/www.jcbechet.com\/wp-content\/uploads\/2011\/05\/ok12-940x489.jpg 940w\" sizes=\"(max-width: 957px) 100vw, 957px\" \/><\/a><\/p>\n<p><strong>Format 24&#215;30 cm, 48 pages, 38 photos Polaroid n&amp;b, \u00e9ditions trans photographic press<br \/>\n\u00c9dition num\u00e9rot\u00e9e de 750 exemplaires (32 E)- Derniers exempaires<\/strong><br \/>\n<strong> Une \u00e9dition limit\u00e9e, num\u00e9rot\u00e9e et sign\u00e9e, avec un tirage original (limit\u00e9 \u00e0 30 exemplaires) est disponible aupr\u00e9s de l&rsquo;auteur (160 E)<\/strong><\/p>\n<h3>Discontinu\u00e9\u2026<\/h3>\n<p>A l\u2019automne 2006, j\u2019ai vu appara\u00eetre sur les boites bleues des Polaroid 665 une \u00e9tiquette jaune. En cinq langues, elle annon\u00e7ait la mort prochaine de ce film. Dans l\u2019industrie, on ne dit jamais qu\u2019un produit est arr\u00eat\u00e9, on dit qu\u2019il est \u00ab discontinu\u00e9 \u00bb. Un aveugle est un non-voyant, un sourd est un mal-entendant, un film photo qui meurt est un produit \u00ab discontinu\u00e9 \u00bb. En anglais: \u00ab Product being discontinued \u00bb. En allemand \u00ab Das produkt wir eingestellt \u00bb . En espagnol : \u00ab producto est\u00e0 suspendido \u00bb, en italien : \u00ab prodotto fuori produzione\u00a0\u00bb.<br \/>\nPolaroid est une des grandes victimes \u00e9conomiques de l\u2019essor du num\u00e9rique. Le Pola n&amp;b 665 \u00e9tait le seul film (avec son grand fr\u00e8re, le PN 55 lui aussi \u00ab discontinu\u00e9 \u00bb) qui d\u00e9livrait instantan\u00e9ment un n\u00e9gatif en plus du petit \u00ab pola \u00bb traditionnel. Une fois lav\u00e9 et s\u00e9ch\u00e9 ce n\u00e9gatif de 8x10cm pouvait \u00eatre utilis\u00e9e comme n\u2019importe quel n\u00e9gatif n&amp;b de grand format. Son rendu esth\u00e9tique \u00e9tait exceptionnel. Souvent ab\u00eem\u00e9 lors du d\u00e9veloppement instantan\u00e9, encaissant mal les variations de temp\u00e9ratures, d\u00f4t\u00e9 d\u2019une chimie capricieuse, le Pola 665 poss\u00e9dait une personnalit\u00e9 unique. Depuis ses bords d\u00e9licatement voil\u00e9s jusqu\u2019\u00e0 la douceur et la finesse de son grain m\u00eame, le 665 \u00e9tait unique.<\/p>\n<p>Son utilisation m\u2019obligeait \u00e0 utiliser une grosse camera m\u00e9tallique. Avec cet \u00e9quipement, je m\u2019\u00e9tais lanc\u00e9 dans une s\u00e9rie de paysages, notamment en montagne. J\u2019aimais emporter ce mat\u00e9riel capricieux et rustique sur les chemins de randonn\u00e9e. J\u2019ai toujours tendance \u00e0 penser que c\u2019est avec un appareil lourd et contraignant que l\u2019on fait des images qui ont elles-m\u00eames du poids\u2026 Quand la fin du film 665 fut annonc\u00e9e, j\u2019ai d\u00e9cid\u00e9 de photographier en en ayant ce compte \u00e0 rebours en t\u00eate : plus que 10 packs (chacun contient 10 vues), plus que 7 packs, 5, 4, 3, 2, 1\u2026 Fini ! Il s\u2019agissait d\u2019une nouvelle sensation. A l\u2019heure du num\u00e9rique o\u00f9 justement tout para\u00eet infini, gratuit, l\u00e9ger, volatile, je me retrouvais dans une \u00e9conomie restreinte, avec la n\u00e9cessit\u00e9 de penser chaque vue. Et puisque le film \u00e9tait discontinu\u00e9, j\u2019allais aussi photographier ce sentiment de \u00ab discontinuit\u00e9 \u00bb. Le hasard des voyages m\u2019a emmen\u00e9 en Islande. Et quoi de plus discontinu\u00e9 qu\u2019un Geyser ? Ou qu\u2019une cascade qui \u00ab coupe \u00bb brutalement l\u2019\u00e9coulement d\u2019une rivi\u00e8re ? En montagne, j\u2019allais maintenant chercher les fortifications abandonn\u00e9es, vestiges \u00ab discontinu\u00e9s \u00bb des derni\u00e8res guerres.<\/p>\n<p>N\u2019\u00e9tant pas d\u2019une nature m\u00e9lancolique, je ne me suis pas laiss\u00e9 emporter par une nostalgie pass\u00e9iste. Au fur et \u00e0 mesure que je finissais mes derniers Pola 665, ma tristesse s\u2019\u00e9vaporait. Toute vie, tout bonheur n\u2019est-il pas discontinu\u00e9 ? Du coup, c\u2019est avec une vraie jouissance que j\u2019ai termin\u00e9 cette s\u00e9rie. Finis mes doutes, mes h\u00e9sitations (ai-je assez d\u2019images ? Ne faudrait-il pas encore aller \u00e0 Zanzibar, Tombouctou ou Valparaiso ?). L\u00e0 tout est net : c\u2019est le fabricant qui a d\u00e9cid\u00e9 et cette contrainte me va finalement tr\u00e8s bien. J\u2019ai pris du plaisir \u00e0 d\u00e9livrer au compte goutte mes derni\u00e8res vues. Je recherchais des discontinuit\u00e9s myst\u00e9rieuses, cach\u00e9es, al\u00e9atoires, je privil\u00e9giais les espaces o\u00f9 cette mati\u00e8re unique du film 665 me semblait pertinente. Et c\u2019est ce voyage de deux ans, au coeur de la \u00ab discontinuit\u00e9 \u00bb, que je vous propose ici de partager. Sans nostalgie, ni m\u00e9lancolie (ou alors si peu\u2026). JCB<\/p>\n","protected":false},"excerpt":{"rendered":"<p>Format 24&#215;30 cm, 48 pages, 38 photos Polaroid n&amp;b, \u00e9ditions trans photographic press \u00c9dition num\u00e9rot\u00e9e de 750 exemplaires (32 E)- Derniers exempaires Une \u00e9dition limit\u00e9e, num\u00e9rot\u00e9e et sign\u00e9e, avec un tirage original (limit\u00e9 \u00e0&#46;&#46;&#46;<\/p>\n","protected":false},"author":1,"featured_media":0,"parent":0,"menu_order":0,"comment_status":"closed","ping_status":"closed","template":"","meta":{"footnotes":""},"class_list":["post-730","page","type-page","status-publish","hentry"],"_links":{"self":[{"href":"https:\/\/www.jcbechet.com\/index.php?rest_route=\/wp\/v2\/pages\/730"}],"collection":[{"href":"https:\/\/www.jcbechet.com\/index.php?rest_route=\/wp\/v2\/pages"}],"about":[{"href":"https:\/\/www.jcbechet.com\/index.php?rest_route=\/wp\/v2\/types\/page"}],"author":[{"embeddable":true,"href":"https:\/\/www.jcbechet.com\/index.php?rest_route=\/wp\/v2\/users\/1"}],"replies":[{"embeddable":true,"href":"https:\/\/www.jcbechet.com\/index.php?rest_route=%2Fwp%2Fv2%2Fcomments&post=730"}],"version-history":[{"count":1,"href":"https:\/\/www.jcbechet.com\/index.php?rest_route=\/wp\/v2\/pages\/730\/revisions"}],"predecessor-version":[{"id":6883,"href":"https:\/\/www.jcbechet.com\/index.php?rest_route=\/wp\/v2\/pages\/730\/revisions\/6883"}],"wp:attachment":[{"href":"https:\/\/www.jcbechet.com\/index.php?rest_route=%2Fwp%2Fv2%2Fmedia&parent=730"}],"curies":[{"name":"wp","href":"https:\/\/api.w.org\/{rel}","templated":true}]}}