{"id":6931,"date":"2025-07-30T12:06:21","date_gmt":"2025-07-30T10:06:21","guid":{"rendered":"https:\/\/www.jcbechet.com\/?page_id=6931"},"modified":"2025-10-01T16:39:06","modified_gmt":"2025-10-01T14:39:06","slug":"rio-centro","status":"publish","type":"page","link":"https:\/\/www.jcbechet.com\/?page_id=6931","title":{"rendered":""},"content":{"rendered":"\n<figure class=\"wp-block-image size-full\"><a href=\"https:\/\/www.jcbechet.com\/wp-content\/uploads\/2025\/07\/DIAPO-CENTRO-0001-copie.jpg\"><img loading=\"lazy\" decoding=\"async\" width=\"1000\" height=\"508\" src=\"https:\/\/www.jcbechet.com\/wp-content\/uploads\/2025\/07\/DIAPO-CENTRO-0001-copie.jpg\" alt=\"\" class=\"wp-image-6974\" srcset=\"https:\/\/www.jcbechet.com\/wp-content\/uploads\/2025\/07\/DIAPO-CENTRO-0001-copie.jpg 1000w, https:\/\/www.jcbechet.com\/wp-content\/uploads\/2025\/07\/DIAPO-CENTRO-0001-copie-300x152.jpg 300w, https:\/\/www.jcbechet.com\/wp-content\/uploads\/2025\/07\/DIAPO-CENTRO-0001-copie-768x390.jpg 768w\" sizes=\"(max-width: 1000px) 100vw, 1000px\" \/><\/a><\/figure>\n\n\n\n<p class=\"has-large-font-size\"><br><strong>RIO CENTRO<\/strong><\/p>\n\n\n\n<p><strong>aux \u00e9ditions LOCO<br>128 pages, 160 photos couleur &amp; nb<\/strong> <br><strong>Format 25 x 33 cm<\/strong> <br><strong>Prix de vente : 35 Euros<\/strong><br><br><em><strong>Edition Collector avec calque, interventions manuscrites de l\u2019auteur<br>et tirage de t\u00eate sign\u00e9 et num\u00e9rot\u00e9 (format 20 x 30 cm) <\/strong><\/em><br><em><strong>Disponible aupr\u00e8s de l\u2019auteur (jcbechet@gmail.com)<br>165 Euros chaque volume<br>290 pour les deux volumes (Rio Praia \/ Rio Centro) en version Collector<\/strong><\/em><\/p>\n\n\n\n<figure class=\"wp-block-image size-full\"><a href=\"https:\/\/www.jcbechet.com\/wp-content\/uploads\/2025\/07\/Site.jpg\"><img loading=\"lazy\" decoding=\"async\" width=\"1000\" height=\"477\" src=\"https:\/\/www.jcbechet.com\/wp-content\/uploads\/2025\/07\/Site.jpg\" alt=\"\" class=\"wp-image-6971\" srcset=\"https:\/\/www.jcbechet.com\/wp-content\/uploads\/2025\/07\/Site.jpg 1000w, https:\/\/www.jcbechet.com\/wp-content\/uploads\/2025\/07\/Site-300x143.jpg 300w, https:\/\/www.jcbechet.com\/wp-content\/uploads\/2025\/07\/Site-768x366.jpg 768w\" sizes=\"(max-width: 1000px) 100vw, 1000px\" \/><\/a><\/figure>\n\n\n\n<p><br><strong>Depuis 2023<\/strong>, je photographie Rio de fa\u00e7on intensive. D\u00e8s mon premier s\u00e9jour dans la ville, je comprends intuitivement ce que Cendrars voulait dire en \u00e9crivant&nbsp;: <strong>\u00abIl y a dans la banlieue accident\u00e9e de Marseille des coins qui me rappellent Rio-de-Janeiro, m\u00eame ciel, m\u00eame genre de rochers, m\u00eame lumi\u00e8re\u00bb<\/strong>. J\u2019\u00e9tais en terre \u00abamie\u00bb.&nbsp;<\/p>\n\n\n\n<p>Rapidement je trouve mon rythme. <strong>Les heures du petit matin sont les plus belles. <\/strong>Les plus subtiles. Les plus \u00e9nigmatiques. Rio se pr\u00eate bien \u00e0 l\u2019\u00e9criture photographique que j\u2019essaie de d\u00e9velopper, quand l\u2019<strong>esprit documentaire<\/strong> s\u2019\u00e9vade vers une forme de<strong> fiction cin\u00e9matographique<\/strong>.&nbsp;<\/p>\n\n\n\n<figure class=\"wp-block-image size-full\"><a href=\"https:\/\/www.jcbechet.com\/wp-content\/uploads\/2025\/07\/SITE-2.jpg\"><img loading=\"lazy\" decoding=\"async\" width=\"1000\" height=\"264\" src=\"https:\/\/www.jcbechet.com\/wp-content\/uploads\/2025\/07\/SITE-2.jpg\" alt=\"\" class=\"wp-image-6976\" srcset=\"https:\/\/www.jcbechet.com\/wp-content\/uploads\/2025\/07\/SITE-2.jpg 1000w, https:\/\/www.jcbechet.com\/wp-content\/uploads\/2025\/07\/SITE-2-300x79.jpg 300w, https:\/\/www.jcbechet.com\/wp-content\/uploads\/2025\/07\/SITE-2-768x203.jpg 768w\" sizes=\"(max-width: 1000px) 100vw, 1000px\" \/><\/a><\/figure>\n\n\n\n<p><br>Je commence par me plonger dans la litt\u00e9rature. Je d\u00e9couvre la po\u00e9sie de<strong> Carlos Drummond de Andrade <\/strong>(1902-1987). Ses textes po\u00e9tiques, souvent un peu m\u00e9lancoliques, vont r\u00e9sonner en moi et m\u2019aident \u00e0 <strong>voir Rio au-del\u00e0 des clich\u00e9s<\/strong>\u2026 Comme toutes les villes c\u00e9l\u00e8bres, fantasm\u00e9es et caricatur\u00e9es, Rio trimballe une <strong>imagerie populaire obs\u00e9dante<\/strong>. Des maillots de bain minimalistes \u00e0 la samba, des tongs Havaianas au mythe du football des rues, des inqui\u00e9tantes Favelas aux caipirinhas que l\u2019on sirote sur les plages\u2026 Tout est l\u00e0, bien s\u00fbr, mais il y aussi des <strong>lumi\u00e8res grises somptueuses<\/strong>, des moments suspendus o\u00f9 le temps s\u2019\u00e9tire jusqu\u2019\u00e0 se dissoudre dans l\u2019ind\u00e9termination. &nbsp;Et aussi, bien s\u00fbr, les <strong>injustices sociales<\/strong> qui \u00e9clatent sous nos yeux, <strong>avec des Favelas qui jouxtent les quartiers riches<\/strong> de la Zone Sud.<\/p>\n\n\n\n<p>Cette double identit\u00e9 de Rio est au c\u0153ur de mon projet. <strong>J\u2019ai vu deux Rio, Rio Praia et Rio Centro.<\/strong> Rio Praia, c\u2019est univers des plages qui longent l\u2019Oc\u00e9an Atlantique, <strong>un espace de vie et de loisirs<\/strong> o\u00f9 tous les milieux sociaux se retrouvent pour se reposer, se baigner,\u00a0faire du sport, rencontrer des amis, fl\u00e2ner, courir, p\u00e9daler, travailler\u2026 Et il y a Rio Centro et <strong>ses grandes avenues perpendiculaires, aussi anim\u00e9es en semaine que d\u00e9sertes et dangereuses le week-end<\/strong> (ou le soir) quand les bureaux sont ferm\u00e9s. A c\u00f4t\u00e9, il y a aussi les quartiers de Santa Teresa, de Lapa, de Botafogo, de Flamengo, de G\u00e1vea\u2026 Des lieux o\u00f9 la <strong>Street Photography <\/strong>est un parfait outil pour <strong>t\u00e9moigner d\u2019un univers sombre et contrast\u00e9<\/strong>.<\/p>\n\n\n\n<figure class=\"wp-block-image size-full\"><a href=\"https:\/\/www.jcbechet.com\/wp-content\/uploads\/2025\/07\/eeee.jpg\"><img loading=\"lazy\" decoding=\"async\" width=\"1000\" height=\"507\" src=\"https:\/\/www.jcbechet.com\/wp-content\/uploads\/2025\/07\/eeee.jpg\" alt=\"\" class=\"wp-image-6978\" srcset=\"https:\/\/www.jcbechet.com\/wp-content\/uploads\/2025\/07\/eeee.jpg 1000w, https:\/\/www.jcbechet.com\/wp-content\/uploads\/2025\/07\/eeee-300x152.jpg 300w, https:\/\/www.jcbechet.com\/wp-content\/uploads\/2025\/07\/eeee-768x389.jpg 768w\" sizes=\"(max-width: 1000px) 100vw, 1000px\" \/><\/a><\/figure>\n\n\n\n<p><\/p>\n\n\n\n<p>Ainsi s\u2019est construit en deux parties, ce <strong>portrait subjectif et intime de Rio<\/strong> o\u00f9 je m\u00eale comme souvent la couleur et le N&amp;B, <strong>entre la tentation documentaire et l\u2019\u00e9vasion po\u00e9tique<\/strong>. Depuis deux ans, Rio est devenue ma deuxi\u00e8me ville. Mais je reste un passager, un voyageur, un \u00ab&nbsp;europ\u00e9en&nbsp;\u00bb comme on me l\u2019a souvent dit. Un visiteur qui essaie de retrouver cet \u00abUtopialand\u00bb dont parlait joliment Blaise Cendrars\u2026 JCB<\/p>\n\n\n\n<p><br><\/p>\n","protected":false},"excerpt":{"rendered":"<p>RIO CENTRO aux \u00e9ditions LOCO128 pages, 160 photos couleur &amp; nb Format 25 x 33 cm Prix de vente : 35 Euros Edition Collector avec calque, interventions manuscrites de l\u2019auteuret tirage de t\u00eate sign\u00e9&#46;&#46;&#46;<\/p>\n","protected":false},"author":1,"featured_media":0,"parent":0,"menu_order":0,"comment_status":"closed","ping_status":"closed","template":"","meta":{"footnotes":""},"class_list":["post-6931","page","type-page","status-publish","hentry"],"_links":{"self":[{"href":"https:\/\/www.jcbechet.com\/index.php?rest_route=\/wp\/v2\/pages\/6931"}],"collection":[{"href":"https:\/\/www.jcbechet.com\/index.php?rest_route=\/wp\/v2\/pages"}],"about":[{"href":"https:\/\/www.jcbechet.com\/index.php?rest_route=\/wp\/v2\/types\/page"}],"author":[{"embeddable":true,"href":"https:\/\/www.jcbechet.com\/index.php?rest_route=\/wp\/v2\/users\/1"}],"replies":[{"embeddable":true,"href":"https:\/\/www.jcbechet.com\/index.php?rest_route=%2Fwp%2Fv2%2Fcomments&post=6931"}],"version-history":[{"count":18,"href":"https:\/\/www.jcbechet.com\/index.php?rest_route=\/wp\/v2\/pages\/6931\/revisions"}],"predecessor-version":[{"id":7561,"href":"https:\/\/www.jcbechet.com\/index.php?rest_route=\/wp\/v2\/pages\/6931\/revisions\/7561"}],"wp:attachment":[{"href":"https:\/\/www.jcbechet.com\/index.php?rest_route=%2Fwp%2Fv2%2Fmedia&parent=6931"}],"curies":[{"name":"wp","href":"https:\/\/api.w.org\/{rel}","templated":true}]}}