{"id":6926,"date":"2025-07-30T12:01:16","date_gmt":"2025-07-30T10:01:16","guid":{"rendered":"https:\/\/www.jcbechet.com\/?page_id=6926"},"modified":"2025-10-01T16:37:32","modified_gmt":"2025-10-01T14:37:32","slug":"rio-praia","status":"publish","type":"page","link":"https:\/\/www.jcbechet.com\/?page_id=6926","title":{"rendered":""},"content":{"rendered":"\n<figure class=\"wp-block-image size-full\"><a href=\"https:\/\/www.jcbechet.com\/wp-content\/uploads\/2025\/07\/SITE-COUV-PRAIA.jpg\"><img loading=\"lazy\" decoding=\"async\" width=\"1000\" height=\"500\" src=\"https:\/\/www.jcbechet.com\/wp-content\/uploads\/2025\/07\/SITE-COUV-PRAIA.jpg\" alt=\"\" class=\"wp-image-6984\" srcset=\"https:\/\/www.jcbechet.com\/wp-content\/uploads\/2025\/07\/SITE-COUV-PRAIA.jpg 1000w, https:\/\/www.jcbechet.com\/wp-content\/uploads\/2025\/07\/SITE-COUV-PRAIA-300x150.jpg 300w, https:\/\/www.jcbechet.com\/wp-content\/uploads\/2025\/07\/SITE-COUV-PRAIA-768x384.jpg 768w\" sizes=\"(max-width: 1000px) 100vw, 1000px\" \/><\/a><\/figure>\n\n\n\n<p class=\"has-large-font-size\"><br><strong>RIO PRAIA<\/strong><\/p>\n\n\n\n<p><strong>aux \u00e9ditions LOCO<br>128 pages, 160 photos couleur &amp; nb<\/strong> <br><strong>Format 25 x 33 cm<\/strong> <br><strong>Prix de vente : 35 Euros<\/strong><br><br><em><strong>Edition Collector avec calque, interventions manuscrites de l\u2019auteur<br>et tirage de t\u00eate sign\u00e9 et num\u00e9rot\u00e9 (format 20 x 30 cm) <\/strong><\/em><br><em><strong>Disponible aupr\u00e8s de l\u2019auteur (jcbechet@gmail.com)<br>165 Euros chaque volume<br>290  pour les deux volumes (Rio Praia \/ Rio Centro) en version Collector<\/strong><\/em><\/p>\n\n\n\n<figure class=\"wp-block-image size-full\"><a href=\"https:\/\/www.jcbechet.com\/wp-content\/uploads\/2025\/07\/aaaa.jpg\"><img loading=\"lazy\" decoding=\"async\" width=\"1000\" height=\"372\" src=\"https:\/\/www.jcbechet.com\/wp-content\/uploads\/2025\/07\/aaaa.jpg\" alt=\"\" class=\"wp-image-6987\" srcset=\"https:\/\/www.jcbechet.com\/wp-content\/uploads\/2025\/07\/aaaa.jpg 1000w, https:\/\/www.jcbechet.com\/wp-content\/uploads\/2025\/07\/aaaa-300x112.jpg 300w, https:\/\/www.jcbechet.com\/wp-content\/uploads\/2025\/07\/aaaa-768x286.jpg 768w\" sizes=\"(max-width: 1000px) 100vw, 1000px\" \/><\/a><\/figure>\n\n\n\n<p><br>Rio-de-Janeiro (Rivi\u00e8re-de-janvier) fait partie de ces villes que chacun conna\u00eet. Inutile d\u2019ailleurs de sp\u00e9cifier \u00ab&nbsp;de-Janeiro&nbsp;\u00bb, les trois lettres suffisent&nbsp;: RIO. Ce nom d\u00e9passe les fronti\u00e8res. Que ce soit pour le football et le stade Maracana, le Christ r\u00e9dempteur, les pains de sucre, le carnaval, la \u00abGirl from Ipanema\u00bb, la Bossa Nova ou le nom magique de Copacabana\u2026&nbsp;<br><br><em>Rio Praia<\/em>, premier volume d\u2019un diptyque d\u00e9di\u00e9 \u00e0 Rio par Jean-Christophe B\u00e9chet, se consacre \u00e0 ces \u00e9tendues de sable infinies, de Copacabana, la plus populaire, \u00e0 Prainha, paradis des surfeurs \u00e0 l\u2019\u00e9cart de la ville. <br>Les plages \u00e0 Rio sont une v\u00e9ritable agora o\u00f9 l\u2019on fait aussi bien la f\u00eate que du sport, o\u00f9 tout se m\u00eale et s\u2019entrem\u00eale dans une atmosph\u00e8re accueillante. Elles sont un v\u00e9ritable creuset social o\u00f9 tout le monde se retrouve : le bourgeois de Leblon comme le gamin des Favelas, l\u2019employ\u00e9 municipal comme les couples qui sirotent une noix de coco \u00e0 la fin d\u2019une journ\u00e9e de travail&#8230;<\/p>\n\n\n\n<figure class=\"wp-block-image size-full\"><a href=\"https:\/\/www.jcbechet.com\/wp-content\/uploads\/2025\/07\/BBBB.jpg\"><img loading=\"lazy\" decoding=\"async\" width=\"1000\" height=\"515\" src=\"https:\/\/www.jcbechet.com\/wp-content\/uploads\/2025\/07\/BBBB.jpg\" alt=\"\" class=\"wp-image-6989\" srcset=\"https:\/\/www.jcbechet.com\/wp-content\/uploads\/2025\/07\/BBBB.jpg 1000w, https:\/\/www.jcbechet.com\/wp-content\/uploads\/2025\/07\/BBBB-300x155.jpg 300w, https:\/\/www.jcbechet.com\/wp-content\/uploads\/2025\/07\/BBBB-768x396.jpg 768w\" sizes=\"(max-width: 1000px) 100vw, 1000px\" \/><\/a><\/figure>\n\n\n\n<p><br>Jean-Christophe B\u00e9chet d\u00e9couvre la ville en mars 2023 et la photographie intens\u00e9ment, en jonglant intuitivement avec diverses techniques. Il y d\u00e9c\u00e8le une forme de douceur m\u00e9lancolique, la \u00ab saudade \u00bb des lumi\u00e8res grises somptueuses, des instants suspendus&#8230; <br>En particulier au petit matin, o\u00f9 les lumi\u00e8res sont les plus belles et \u00e9nigmatiques.Rio se pr\u00eate bien \u00e0 l\u2019\u00e9criture photographique de Jean-Christophe B\u00e9chet, dans laquelle l\u2019esprit documentaire s\u2019\u00e9vade vers une forme de po\u00e9sie cin\u00e9matographique qui laisse la r\u00e9alit\u00e9 en suspension&#8230;&nbsp;<\/p>\n\n\n\n<figure class=\"wp-block-image size-large\"><a href=\"https:\/\/www.jcbechet.com\/wp-content\/uploads\/2025\/07\/unnamed.jpg\"><img loading=\"lazy\" decoding=\"async\" width=\"1024\" height=\"240\" src=\"https:\/\/www.jcbechet.com\/wp-content\/uploads\/2025\/07\/unnamed-1024x240.jpg\" alt=\"\" class=\"wp-image-6945\" srcset=\"https:\/\/www.jcbechet.com\/wp-content\/uploads\/2025\/07\/unnamed-1024x240.jpg 1024w, https:\/\/www.jcbechet.com\/wp-content\/uploads\/2025\/07\/unnamed-300x70.jpg 300w, https:\/\/www.jcbechet.com\/wp-content\/uploads\/2025\/07\/unnamed-768x180.jpg 768w, https:\/\/www.jcbechet.com\/wp-content\/uploads\/2025\/07\/unnamed.jpg 1200w\" sizes=\"(max-width: 1024px) 100vw, 1024px\" \/><\/a><\/figure>\n\n\n\n<p><strong>&nbsp;<\/strong><\/p>\n\n\n\n<h2 class=\"wp-block-heading\"><\/h2>\n\n\n\n<p><\/p>\n","protected":false},"excerpt":{"rendered":"<p>RIO PRAIA aux \u00e9ditions LOCO128 pages, 160 photos couleur &amp; nb Format 25 x 33 cm Prix de vente : 35 Euros Edition Collector avec calque, interventions manuscrites de l\u2019auteuret tirage de t\u00eate sign\u00e9&#46;&#46;&#46;<\/p>\n","protected":false},"author":1,"featured_media":0,"parent":0,"menu_order":0,"comment_status":"closed","ping_status":"closed","template":"","meta":{"footnotes":""},"class_list":["post-6926","page","type-page","status-publish","hentry"],"_links":{"self":[{"href":"https:\/\/www.jcbechet.com\/index.php?rest_route=\/wp\/v2\/pages\/6926"}],"collection":[{"href":"https:\/\/www.jcbechet.com\/index.php?rest_route=\/wp\/v2\/pages"}],"about":[{"href":"https:\/\/www.jcbechet.com\/index.php?rest_route=\/wp\/v2\/types\/page"}],"author":[{"embeddable":true,"href":"https:\/\/www.jcbechet.com\/index.php?rest_route=\/wp\/v2\/users\/1"}],"replies":[{"embeddable":true,"href":"https:\/\/www.jcbechet.com\/index.php?rest_route=%2Fwp%2Fv2%2Fcomments&post=6926"}],"version-history":[{"count":16,"href":"https:\/\/www.jcbechet.com\/index.php?rest_route=\/wp\/v2\/pages\/6926\/revisions"}],"predecessor-version":[{"id":7559,"href":"https:\/\/www.jcbechet.com\/index.php?rest_route=\/wp\/v2\/pages\/6926\/revisions\/7559"}],"wp:attachment":[{"href":"https:\/\/www.jcbechet.com\/index.php?rest_route=%2Fwp%2Fv2%2Fmedia&parent=6926"}],"curies":[{"name":"wp","href":"https:\/\/api.w.org\/{rel}","templated":true}]}}