{"id":6765,"date":"2025-01-15T18:07:14","date_gmt":"2025-01-15T17:07:14","guid":{"rendered":"https:\/\/www.jcbechet.com\/?page_id=6765"},"modified":"2026-02-23T12:21:28","modified_gmt":"2026-02-23T11:21:28","slug":"frenchtown-05-2025","status":"publish","type":"page","link":"https:\/\/www.jcbechet.com\/?page_id=6765","title":{"rendered":"Frenchtown # 5 (2025)"},"content":{"rendered":"\n<figure class=\"wp-block-image size-large\"><a href=\"https:\/\/www.jcbechet.com\/wp-content\/uploads\/2025\/01\/LURE-OK-001-copie-2.jpg\"><img loading=\"lazy\" decoding=\"async\" width=\"1024\" height=\"329\" src=\"https:\/\/www.jcbechet.com\/wp-content\/uploads\/2025\/01\/LURE-OK-001-copie-2-1024x329.jpg\" alt=\"\" class=\"wp-image-6769\" srcset=\"https:\/\/www.jcbechet.com\/wp-content\/uploads\/2025\/01\/LURE-OK-001-copie-2-1024x329.jpg 1024w, https:\/\/www.jcbechet.com\/wp-content\/uploads\/2025\/01\/LURE-OK-001-copie-2-300x96.jpg 300w, https:\/\/www.jcbechet.com\/wp-content\/uploads\/2025\/01\/LURE-OK-001-copie-2-768x247.jpg 768w, https:\/\/www.jcbechet.com\/wp-content\/uploads\/2025\/01\/LURE-OK-001-copie-2.jpg 1500w\" sizes=\"(max-width: 1024px) 100vw, 1024px\" \/><\/a><\/figure>\n\n\n\n<p><\/p>\n\n\n\n<p class=\"has-text-align-left\"><strong>FRENCHTOWN # 5 : Lure (70)<\/strong><br><em>Le Pas du Trem, 48 pages, 45 E<br>Une \u00e9dition limit\u00e9e avec un tirage original de l\u2019auteur est disponible (90 E)<br>Une \u00e9dition limit\u00e9e avec deux tirages originaux de l\u2019auteur est disponible (130 E)<br>(contact : jcbechet@gmail.com)<\/em><\/p>\n\n\n\n<p>Lure est une petite ville de Haute-Sa\u00f4ne, qui se situe entre Vesoul et Belfort. Sur place, de nombreux services publics ont ferm\u00e9 au fil des ans (tribunal de grande instance, commissariat, maternit\u00e9\u2026 ), l\u2019h\u00f4pital a perdu sa maternit\u00e9, son centre de soins intensifs, ses urgences de nuit puis sa cardiologie et sa chirurgie avant d\u2019\u00eatre finalement rattach\u00e9 \u00e0 l\u2019h\u00f4pital de Vesoul, \u00e0 30 kilom\u00e8tres\u2026 La prison\/maison d\u2019arr\u00eat a aussi \u00e9t\u00e9 ferm\u00e9e. A chacun de mes voyages \u00e0 Lure, j\u2019ai eu la m\u00eame impression. Un grand sentiment de calme, la cit\u00e9 semble endormie, m\u00eame si son axe principal, la rue de la r\u00e9publique, connait un fort trafic routier. Sur le plan photographique la ville est un d\u00e9fi. Peu d\u2019activit\u00e9s humaines, ni de lieux marquants, mais une multitude de petites rues qui jouxtent de grands espaces d\u00e9serts. M\u00eame la Foire annuelle ne r\u00e9veille pas la ville. Le soir en revanche des nu\u00e9es d\u2019oiseaux envahissent le ciel et cr\u00e9ent un \u00e9tonnant ballet dans le ciel\u2026 Comme d\u2019habitude, j\u2019ai choisi de m\u00ealer le noir &amp; blanc et la couleur et de faire la part belle aux architectures et aux \u00ab paysages habit\u00e9s \u00bb. Mes images ne d\u00e9montrent rien, elles \u00e9voquent des atmosph\u00e8res et des moments en suspension. Autant de micro-fictions que chacun peut interpr\u00e9ter \u00e0 sa fa\u00e7on. Entre documents du quotidien et po\u00e9sie visuelle, je cherche \u00e0 raconter un pays que beaucoup connaissent mal : la France. \u00c0 vol d\u2019oiseau, Paris est \u00e0 333 km, Lyon \u00e0 248 km, Marseille \u00e0 494 km. Mais comme pour la m\u00e9t\u00e9o o\u00f9 il y a la temp\u00e9rature r\u00e9elle et la temp\u00e9rature ressentie, il y a ici la distance \u00ab ressentie \u00bb : A Lure, la vie parisienne semble \u00eatre \u00e0 des milliers de kilom\u00e8tres de celles des Lurons et des Luronnes. Le prix de l\u2019immobilier parle de lui-m\u00eame avec un \u00e9cart qui peut aller de 1 \u00e0 20, voir de 1 \u00e0 30 avec la capitale\u2026<\/p>\n","protected":false},"excerpt":{"rendered":"<p>FRENCHTOWN # 5 : Lure (70)Le Pas du Trem, 48 pages, 45 EUne \u00e9dition limit\u00e9e avec un tirage original de l\u2019auteur est disponible (90 E)Une \u00e9dition limit\u00e9e avec deux tirages originaux de l\u2019auteur est&#46;&#46;&#46;<\/p>\n","protected":false},"author":1,"featured_media":0,"parent":0,"menu_order":0,"comment_status":"closed","ping_status":"closed","template":"","meta":{"footnotes":""},"class_list":["post-6765","page","type-page","status-publish","hentry"],"_links":{"self":[{"href":"https:\/\/www.jcbechet.com\/index.php?rest_route=\/wp\/v2\/pages\/6765"}],"collection":[{"href":"https:\/\/www.jcbechet.com\/index.php?rest_route=\/wp\/v2\/pages"}],"about":[{"href":"https:\/\/www.jcbechet.com\/index.php?rest_route=\/wp\/v2\/types\/page"}],"author":[{"embeddable":true,"href":"https:\/\/www.jcbechet.com\/index.php?rest_route=\/wp\/v2\/users\/1"}],"replies":[{"embeddable":true,"href":"https:\/\/www.jcbechet.com\/index.php?rest_route=%2Fwp%2Fv2%2Fcomments&post=6765"}],"version-history":[{"count":8,"href":"https:\/\/www.jcbechet.com\/index.php?rest_route=\/wp\/v2\/pages\/6765\/revisions"}],"predecessor-version":[{"id":7584,"href":"https:\/\/www.jcbechet.com\/index.php?rest_route=\/wp\/v2\/pages\/6765\/revisions\/7584"}],"wp:attachment":[{"href":"https:\/\/www.jcbechet.com\/index.php?rest_route=%2Fwp%2Fv2%2Fmedia&parent=6765"}],"curies":[{"name":"wp","href":"https:\/\/api.w.org\/{rel}","templated":true}]}}