{"id":6187,"date":"2023-08-05T00:28:28","date_gmt":"2023-08-04T22:28:28","guid":{"rendered":"https:\/\/www.jcbechet.com\/?page_id=6187"},"modified":"2023-08-05T00:31:48","modified_gmt":"2023-08-04T22:31:48","slug":"sauvage-materialite-2023","status":"publish","type":"page","link":"https:\/\/www.jcbechet.com\/?page_id=6187","title":{"rendered":"SAUVAGE MATERIALIT\u00c9 (2023)"},"content":{"rendered":"\n<p><\/p>\n\n\n\n<figure class=\"wp-block-image size-full\"><a href=\"https:\/\/www.jcbechet.com\/wp-content\/uploads\/2023\/08\/OK-NEWS-3.jpg\"><img loading=\"lazy\" decoding=\"async\" width=\"1000\" height=\"317\" src=\"https:\/\/www.jcbechet.com\/wp-content\/uploads\/2023\/08\/OK-NEWS-3.jpg\" alt=\"\" class=\"wp-image-6188\" srcset=\"https:\/\/www.jcbechet.com\/wp-content\/uploads\/2023\/08\/OK-NEWS-3.jpg 1000w, https:\/\/www.jcbechet.com\/wp-content\/uploads\/2023\/08\/OK-NEWS-3-300x95.jpg 300w, https:\/\/www.jcbechet.com\/wp-content\/uploads\/2023\/08\/OK-NEWS-3-768x243.jpg 768w\" sizes=\"(max-width: 1000px) 100vw, 1000px\" \/><\/a><\/figure>\n\n\n\n<p><\/p>\n\n\n\n<h3 class=\"wp-block-heading\"><strong>SAUVAGE MAT\u00c9RALIT\u00c9, aux \u00e9ditions LOC<\/strong>O<strong><br><\/strong><br><strong>132 pages, 118 photos couleur et n&amp;b, 45 Euros<br>160 Euros avec un tirage limit\u00e9 sign\u00e9<br><\/strong><em><strong> (contact : jcbechet@gmail.com)<\/strong><\/em><\/h3>\n\n\n\n<p><strong><em>Le d\u00e9faut principal de tout le mat\u00e9rialisme est que l&rsquo;objet, la r\u00e9alit\u00e9 la mat\u00e9rialit\u00e9 n&rsquo;y sont consid\u00e9r\u00e9s que sous la forme de l&rsquo;objet ou de l&rsquo;intuition, mais non comme activit\u00e9 sensible de l&rsquo;homme, comme praxis, non subjectivement.<br>Karl Marx \/ Th\u00e8ses sur Feuerbach (1845)&nbsp;<\/em><\/strong><\/p>\n\n\n\n<p><strong><em>Il ne faut jamais ouvrir le ventre du myst\u00e8re. \/Ren\u00e9 Char<\/em><\/strong><\/p>\n\n\n\n<p><strong><em>Premi\u00e8rement, on peut tromper l&rsquo;appareil, aussi obstin\u00e9 soit-il. Deuxi\u00e8mement, on peut introduire clandestinement dans son programme des intentions humaines qui n&rsquo;\u00e9taient pas pr\u00e9vues. Troisi\u00e8mement, on peut contraindre l\u2019appareil \u00e0 produire de l&rsquo;impr\u00e9vu, de l&rsquo;improbable, de l\u2019informatif. Quatri\u00e8mement, on peut m\u00e9priser l\u2019appareil ainsi que ses productions, et d\u00e9tourner son int\u00e9r\u00eat de la chose en g\u00e9n\u00e9ral pour le concentrer sur l\u2019information. En d&rsquo;autres termes, la libert\u00e9 est la strat\u00e9gie qui consiste \u00e0 soumettre le hasard et la n\u00e9cessit\u00e9 \u00e0 l&rsquo;intention humaine. \u00catre libre, c&rsquo;est jouer contre les appareils. &nbsp;<\/em><\/strong><\/p>\n\n\n\n<p><strong><em>L&rsquo;appareil photo n&rsquo;est pas un outil, mais un jouet et le photographe n&rsquo;est pas un travailleur, mais un joueur. La seule diff\u00e9rence est que le photographe ne joue pas avec son appareil, mais contre lui. Il s\u2019insinue dans son appareil pour mettre en lumi\u00e8re les intrigues qui s\u2019y trament \u00ab\u00a0<\/em><\/strong> <strong><em>Vil\u00e9m FLUSSER \/ \u00ab\u00a0POUR UNE PHILOSOPHIE DE LA PHOTOGRAPHIE&nbsp;\u00aa<\/em><\/strong><\/p>\n\n\n\n<p><strong>2006<\/strong>&nbsp;: je publie aux \u00e9ditions Trans Photographic Press un livre intitul\u00e9 \u00ab&nbsp;vues n\u00b00&nbsp;\u00bb&nbsp; o\u00f9 je parlais de mon attachement \u00e0 la mati\u00e8re argentique du film photographique et \u00e0 ce hasard al\u00e9atoire de la premi\u00e8re vue, souvent voil\u00e9e, o\u00f9 la lumi\u00e8re venait contrarier et perturber le cadrage imagin\u00e9 par le photographe. J\u2019avais rassembl\u00e9 de fa\u00e7on chronologique 50 d\u00e9buts de films o\u00f9 je trouvais ces photos rat\u00e9es, amput\u00e9es, effac\u00e9es diablement r\u00e9ussies&nbsp;! Imprim\u00e9 sur trois papiers diff\u00e9rents (mat, satin\u00e9, brillant), trois \u00ab&nbsp;mati\u00e8res&nbsp;\u00bb, ce livre \u00e9tait une d\u00e9claration d\u2019amour \u00e0 l\u2019argentique \u00e0 un moment o\u00f9 l\u2019on pensait que le num\u00e9rique allait rel\u00e9guer le grain d\u2019argent aux oubliettes de l\u2019histoire. Il n\u2019en a rien \u00e9t\u00e9, la r\u00e9sistance analogique a \u00e9t\u00e9 efficace men\u00e9e en grande partie par les nouvelles g\u00e9n\u00e9rations. Les \u00ab&nbsp;digital natives&nbsp;\u00bb, autrement dit les moins de 35 ans,&nbsp; semblent friands de pellicules et d\u2019appareils m\u00e9caniques. Belle revanche\u2026<\/p>\n\n\n\n<p><strong>2013<\/strong>\u00a0: aux Rencontres d\u2019Arles, \u00e0 l\u2019invitation de Fran\u00e7ois Hebel, j\u2019expose aux Ateliers SNCF une s\u00e9rie intitul\u00e9e \u00ab\u00a0Accidents\u00a0\u00bb qui prolonge cette r\u00e9flexion sur l\u2019\u00e9mouvante\u00a0 fragilit\u00e9 du film argentique et son dialogue permanent avec la r\u00e9v\u00e9lation de la lumi\u00e8re. Je compl\u00e9te mes \u00ab\u00a0Vues n\u00b00\u00a0\u00bb avec des diapositives couleur et des films polaroids. <\/p>\n\n\n\n<p><strong>2023<\/strong>&nbsp;: La Biblioth\u00e8que Nationale retient certaines de mes photographies dans une exposition intitul\u00e9e \u00ab L\u2019\u00e9preuve de la mati\u00e8re \u00bb . C\u2019est le moment pour moi de montrer les essais et exp\u00e9rimentations que je m\u00e8ne depuis 15 ans. J\u2019ai revisit\u00e9 mes \u00ab&nbsp;vues n\u00b00&nbsp;\u00bb et mes \u00ab&nbsp;accidents&nbsp;\u00bb argentiques en employant au quotidien les outils num\u00e9riques que sont l\u2019appareil photo digital, l\u2019ordinateur, l\u2019imprimante, le scanner, etc\u2026 Le num\u00e9rique est finalement, pour moi, non pas une d\u00e9mat\u00e9rialisation&nbsp;\u00bb de l\u2019image photographique mais au contraire une re-mat\u00e9rialisation&nbsp;! En me permettant d\u2019imprimer mes images sur beaucoup plus de supports diff\u00e9rents, sur des papiers incroyablement beaux et vari\u00e9s, en s\u2019adaptant aux proc\u00e9d\u00e9s anciens gr\u00e2ce \u00e0 l\u2019obtention facile de \u00ab&nbsp;n\u00e9gatifs num\u00e9riques&nbsp;\u00bb, le pixel a en r\u00e9alit\u00e9 dop\u00e9 la mat\u00e9rialit\u00e9 photographique. D\u2019une fa\u00e7on d\u00e9sordonn\u00e9e, anarchique, sauvage, donc, comme le dit le titre de ce livre (que j\u2019explique en fin d\u2019ouvrage\u2026) . Le foisonnement actuel de la photographie d\u2019art prend sa source dans cette r\u00e9volution du m\u00e9dium. Une r\u00e9volution que j\u2019essaie ici d\u2019explorer en textes (avec le concours d\u2019H\u00e9lo\u00efse Conesa et de Thierry Bigaignon) et en images avec des \u00ab \u00e9tudes&nbsp;\u00bb&nbsp; qui sont \u00e0 la fois des \u0153uvres esth\u00e9tiques et des preuves philosophiques de la richesse des mat\u00e9riaux photographiques. Car si je pratique l\u2019hybridation et le m\u00e9tissage des techniques, toutes sont ici issues du monde photographique. Je revendique une hybridation interne&nbsp;! Et un voyage dans une mati\u00e8re riche en potentialit\u00e9s. Une mati\u00e8re 100% photographique, car ici il n\u2019y a ici que de \u00ab&nbsp;pures&nbsp;\u00bb et \u00ab&nbsp;vraies&nbsp;\u00bb photographies&nbsp;! JCB<\/p>\n","protected":false},"excerpt":{"rendered":"<p>SAUVAGE MAT\u00c9RALIT\u00c9, aux \u00e9ditions LOCO132 pages, 118 photos couleur et n&amp;b, 45 Euros160 Euros avec un tirage limit\u00e9 sign\u00e9 (contact : jcbechet@gmail.com) Le d\u00e9faut principal de tout le mat\u00e9rialisme est que l&rsquo;objet, la r\u00e9alit\u00e9&#46;&#46;&#46;<\/p>\n","protected":false},"author":1,"featured_media":0,"parent":0,"menu_order":0,"comment_status":"closed","ping_status":"closed","template":"","meta":{"footnotes":""},"class_list":["post-6187","page","type-page","status-publish","hentry"],"_links":{"self":[{"href":"https:\/\/www.jcbechet.com\/index.php?rest_route=\/wp\/v2\/pages\/6187"}],"collection":[{"href":"https:\/\/www.jcbechet.com\/index.php?rest_route=\/wp\/v2\/pages"}],"about":[{"href":"https:\/\/www.jcbechet.com\/index.php?rest_route=\/wp\/v2\/types\/page"}],"author":[{"embeddable":true,"href":"https:\/\/www.jcbechet.com\/index.php?rest_route=\/wp\/v2\/users\/1"}],"replies":[{"embeddable":true,"href":"https:\/\/www.jcbechet.com\/index.php?rest_route=%2Fwp%2Fv2%2Fcomments&post=6187"}],"version-history":[{"count":3,"href":"https:\/\/www.jcbechet.com\/index.php?rest_route=\/wp\/v2\/pages\/6187\/revisions"}],"predecessor-version":[{"id":6192,"href":"https:\/\/www.jcbechet.com\/index.php?rest_route=\/wp\/v2\/pages\/6187\/revisions\/6192"}],"wp:attachment":[{"href":"https:\/\/www.jcbechet.com\/index.php?rest_route=%2Fwp%2Fv2%2Fmedia&parent=6187"}],"curies":[{"name":"wp","href":"https:\/\/api.w.org\/{rel}","templated":true}]}}