{"id":4527,"date":"2019-04-05T01:15:33","date_gmt":"2019-04-04T23:15:33","guid":{"rendered":"http:\/\/www.jcbechet.com\/?page_id=4527"},"modified":"2026-02-23T12:18:49","modified_gmt":"2026-02-23T11:18:49","slug":"frenchtown","status":"publish","type":"page","link":"https:\/\/www.jcbechet.com\/?page_id=4527","title":{"rendered":"Frenchtown # 1 : Corbeil-Essonnes  (2019)"},"content":{"rendered":"\n<figure class=\"wp-block-image size-large\"><a href=\"https:\/\/www.jcbechet.com\/wp-content\/uploads\/2022\/04\/COUV-FRENCHTOWN-01-b-2.jpg\"><img loading=\"lazy\" decoding=\"async\" width=\"1024\" height=\"532\" src=\"https:\/\/www.jcbechet.com\/wp-content\/uploads\/2022\/04\/COUV-FRENCHTOWN-01-b-2-1024x532.jpg\" alt=\"\" class=\"wp-image-5841\" srcset=\"https:\/\/www.jcbechet.com\/wp-content\/uploads\/2022\/04\/COUV-FRENCHTOWN-01-b-2-1024x532.jpg 1024w, https:\/\/www.jcbechet.com\/wp-content\/uploads\/2022\/04\/COUV-FRENCHTOWN-01-b-2-300x156.jpg 300w, https:\/\/www.jcbechet.com\/wp-content\/uploads\/2022\/04\/COUV-FRENCHTOWN-01-b-2-768x399.jpg 768w, https:\/\/www.jcbechet.com\/wp-content\/uploads\/2022\/04\/COUV-FRENCHTOWN-01-b-2-1536x798.jpg 1536w, https:\/\/www.jcbechet.com\/wp-content\/uploads\/2022\/04\/COUV-FRENCHTOWN-01-b-2.jpg 1675w\" sizes=\"(max-width: 1024px) 100vw, 1024px\" \/><\/a><\/figure>\n\n\n\n<p><\/p>\n\n\n\n<p><strong>FRENCHTOWN #1 : Corbeil-Essonnes (91<\/strong><em>)<\/em><br><em>Le Pas du Trem, 48 pages, (\u00e9puis\u00e9 en version normale)<br>Une \u00e9dition limit\u00e9e avec un tirage original de l\u2019auteur est disponible (90 E)<br>Une \u00e9dition limit\u00e9e avec deux tirages originaux de l\u2019auteur est disponible (130 E)<br>(contact : jcbechet@gmail.com)<\/em><\/p>\n\n\n\n<p class=\"has-text-align-right has-vivid-cyan-blue-color has-text-color\">\u00ab&nbsp;La ville s&rsquo;endormait <br>Et j&rsquo;en oublie le nom <br>Sur le fleuve en amont <br>Un coin de ciel br\u00fblait&nbsp;\u00bb<br><strong>Jacques Brel<\/strong><\/p>\n\n\n\n<p>C\u2019est avec en t\u00eate ces paroles de Jacques Brel que je suis arriv\u00e9 \u00e0 Corbeil-Essonnes. \u00ab&nbsp;La ville s\u2019endormait&nbsp;\u00bb se trouve dans son dernier disque, au c\u00f4t\u00e9 de la chanson \u00ab&nbsp;Orly&nbsp;\u00bb. Etrange co\u00efncidence, pour aller \u00e0 Corbeil-Essonnes, je laissais sur ma gauche la bretelle d\u2019autoroute qui m\u00e8ne \u00e0 Orly, ce vieil a\u00e9roport au parfum l\u00e9g\u00e8rement surann\u00e9 des ann\u00e9es 70.&nbsp; C\u2019est donc peut-\u00eatre \u00e0 cause d\u2019Orly et de Brel, que j\u2019ai tout de suite vu Corbeil-Essonnes comme une ville endormie et myst\u00e9rieuse, une cit\u00e9 o\u00f9 r\u00e8gne une douce et inqui\u00e9tante \u00e9tranget\u00e9. Une ville qui flotte dans un entre-deux ind\u00e9fini, ni vraiment pauvre, ni vraiment r\u00e9sidentielle, ni enclav\u00e9e, ni d\u00e9senclav\u00e9e, ni industrielle, ni d\u00e9sindustrialis\u00e9e\u2026<br>Au fil de mon s\u00e9jour et de mes multiples errances la commune m\u2019a sembl\u00e9 \u00eatre une ville typiquement et fondamentalement fran\u00e7aise. Une France contemporaine en miniature, autant sur le plan architectural qu\u2019humain. Avec mon appareil photo, je m\u2019y sentais en voyage, j\u2019avais l\u2019impression d\u2019\u00eatre un visiteur \u00e9tranger qui d\u00e9couvrait une&nbsp;\u00ab&nbsp;French Town&nbsp;\u00bb d\u2019aujourd\u2019hui. Pourquoi ce sentiment&nbsp;? Je ne saurai l\u2019expliquer de fa\u00e7on rationnelle, ce fut un ressenti visuel avant tout. Je me sentais plong\u00e9 dans un film de Claude Chabrol, l\u00e0 o\u00f9 l\u2019on sent vibrer au quotidien une r\u00e9alit\u00e9 fran\u00e7aise. <br>Mes photos sont la chronique d\u2019une ann\u00e9e d\u2019observation, elles t\u00e9moignent de ce qui fait l\u2019identit\u00e9 d\u2019un territoire. \u00c0 Corbeil-Essonnes, j\u2019ai travaill\u00e9 comme un \u00e9crivain visuel\u2026 Loin des faits divers et des soubresauts de l\u2019actualit\u00e9, dans ce temps long qui, seul, permet de saisir les petites traces fugaces du quotidien et d\u2019en faire un r\u00e9cit authentique. Sans oublier que la photographie ne montre jamais la r\u00e9alit\u00e9, ou la v\u00e9rit\u00e9, mais une id\u00e9e du r\u00e9el. Et c\u2019est d\u00e9j\u00e0 beaucoup\u2026 JCB<\/p>\n\n\n<h6>&nbsp;<\/h6>\n<\/p>\n<h6>&nbsp;<\/h6>\n<h6>&nbsp;<\/h6>\n<h6>&nbsp;<\/h6>\n<h6>&nbsp;<\/h6>\n<\/p>","protected":false},"excerpt":{"rendered":"<p>FRENCHTOWN #1 : Corbeil-Essonnes (91)Le Pas du Trem, 48 pages, (\u00e9puis\u00e9 en version normale)Une \u00e9dition limit\u00e9e avec un tirage original de l\u2019auteur est disponible (90 E)Une \u00e9dition limit\u00e9e avec deux tirages originaux de l\u2019auteur&#46;&#46;&#46;<\/p>\n","protected":false},"author":1,"featured_media":0,"parent":0,"menu_order":0,"comment_status":"closed","ping_status":"closed","template":"","meta":{"footnotes":""},"class_list":["post-4527","page","type-page","status-publish","hentry"],"_links":{"self":[{"href":"https:\/\/www.jcbechet.com\/index.php?rest_route=\/wp\/v2\/pages\/4527"}],"collection":[{"href":"https:\/\/www.jcbechet.com\/index.php?rest_route=\/wp\/v2\/pages"}],"about":[{"href":"https:\/\/www.jcbechet.com\/index.php?rest_route=\/wp\/v2\/types\/page"}],"author":[{"embeddable":true,"href":"https:\/\/www.jcbechet.com\/index.php?rest_route=\/wp\/v2\/users\/1"}],"replies":[{"embeddable":true,"href":"https:\/\/www.jcbechet.com\/index.php?rest_route=%2Fwp%2Fv2%2Fcomments&post=4527"}],"version-history":[{"count":12,"href":"https:\/\/www.jcbechet.com\/index.php?rest_route=\/wp\/v2\/pages\/4527\/revisions"}],"predecessor-version":[{"id":7579,"href":"https:\/\/www.jcbechet.com\/index.php?rest_route=\/wp\/v2\/pages\/4527\/revisions\/7579"}],"wp:attachment":[{"href":"https:\/\/www.jcbechet.com\/index.php?rest_route=%2Fwp%2Fv2%2Fmedia&parent=4527"}],"curies":[{"name":"wp","href":"https:\/\/api.w.org\/{rel}","templated":true}]}}