{"id":3497,"date":"2015-04-19T19:56:33","date_gmt":"2015-04-19T17:56:33","guid":{"rendered":"http:\/\/www.jcbechet.com\/?page_id=3497"},"modified":"2026-01-20T15:32:26","modified_gmt":"2026-01-20T14:32:26","slug":"stages","status":"publish","type":"page","link":"https:\/\/www.jcbechet.com\/?page_id=3497","title":{"rendered":"Stages &#038; Masterclass"},"content":{"rendered":"\n<figure class=\"wp-block-image size-full\"><a href=\"https:\/\/www.jcbechet.com\/wp-content\/uploads\/2015\/04\/Site-stage-OK3-.jpg\"><img loading=\"lazy\" decoding=\"async\" width=\"950\" height=\"181\" src=\"https:\/\/www.jcbechet.com\/wp-content\/uploads\/2015\/04\/Site-stage-OK3-.jpg\" alt=\"\" class=\"wp-image-3509\" srcset=\"https:\/\/www.jcbechet.com\/wp-content\/uploads\/2015\/04\/Site-stage-OK3-.jpg 950w, https:\/\/www.jcbechet.com\/wp-content\/uploads\/2015\/04\/Site-stage-OK3--300x57.jpg 300w, https:\/\/www.jcbechet.com\/wp-content\/uploads\/2015\/04\/Site-stage-OK3--5x1.jpg 5w, https:\/\/www.jcbechet.com\/wp-content\/uploads\/2015\/04\/Site-stage-OK3--940x179.jpg 940w\" sizes=\"(max-width: 950px) 100vw, 950px\" \/><\/a><\/figure>\n\n\n\n<p class=\"has-large-font-size\"><strong> <\/strong><\/p>\n\n\n\n<p class=\"has-luminous-vivid-orange-color has-text-color\"><\/p>\n\n\n\n<p class=\"has-luminous-vivid-orange-color has-text-color has-link-color wp-elements-77a809e84271a1e8eb2580c86c5df901\">P<strong>ARIS : <em> juin 202<\/em>6<br>STAGE : 5 jours de  STREET PHOTOGRAPHY<\/strong><\/p>\n\n\n\n<p class=\"has-luminous-vivid-orange-color has-text-color has-link-color wp-elements-594234fd932524f17099846813b287bc\">Prises de vue, analyses d\u2019image et travail d\u2019\u00e9diting<br>Un stage intensif qui explore en 5 jours toutes les facettes de la Street Photo.<br>Chaque jour des prises de vues auront lieu dans diff\u00e9rents lieux aussi diff\u00e9rents que<br>Belleville, La D\u00e9fense ou le 13<sup>\u00e8me<\/sup> arrondissement.<br>Les s\u00e9ances d\u2019\u00e9diting auront lieu sur tirage papier pour un travail plus individualis\u00e9.&nbsp;<br>Un stage organis\u00e9 avec Zoom\u2019up<br>Infos&nbsp;: <a href=\"https:\/\/www.zoomup.biz\/formation-apprendre-cours-atelier-stage-street-photography-photo-de-rue-ville\/\">https:\/\/www.zoomup.biz\/formation-apprendre-cours-atelier-stage-street-photography-photo-de-rue-ville\/<\/a><\/p>\n\n\n\n<p><\/p>\n\n\n\n<p class=\"has-luminous-vivid-orange-color has-text-color\"><strong>SUD-OUEST &#8211; <em>Du 29 octobre au 2 novembre 2025&nbsp;: <\/em>&nbsp;<br>STAGE avec LEICA dans un ch\u00e2teau en Dordogne et prises de vue dans le P\u00e9rigord Noir<br>Th\u00e8me&nbsp;:&nbsp; L\u2019esprit du lieu (de la prise de vue au tirage d&rsquo;exposition)<\/strong><\/p>\n\n\n\n<p>Troisi\u00e8me \u00e9dition de \u00ab&nbsp;La vie de Ch\u00e2teau&nbsp;\u00bb en partenariat avec Leica.&nbsp;<br>Au programme 5 jours d\u2019immersion dans le domaine de Cazenac situ\u00e9 dans le P\u00e9rigord Noir \u00e0 mi-chemin entre Bergerac et Sarlat.<br>Nous photographions et logeons sur place, au c\u0153ur du <strong>ch\u00e2teau de Cazenac<\/strong> qui surplombe la vall\u00e9e de la Dordogne.<br>\u00c9quip\u00e9 en labo num\u00e9rique et argentique, ce lieu permettra de d\u00e9velopper une pratique personnelle pour r\u00e9v\u00e9ler \u00ab&nbsp;l\u2019esprit d\u2019un lieu&nbsp;\u00bb.<\/p>\n\n\n\n<p>Le d\u00e9fi pour les stagiaires sera de cr\u00e9er une petite s\u00e9rie artistique et personnelle de 6 \u00e0 8 photos sur ce lieu magique.<br>L\u2019originalit\u00e9 de ce stage sera aussi la part consacr\u00e9e aux tirages, avec la possibilit\u00e9 de pratiquer le tirage argentique noir &amp; blanc.&nbsp;<br>Au final, trois photos par stagiaires seront tir\u00e9es en format 30&#215;40 cm et remises aux stagiaires.<br>De son c\u00f4t\u00e9, le Ch\u00e2teau de Cazenac s\u00e9lectionne une photo par stagiaire et l\u2019exposera sur ses murs pendant un an,<br>offrant des possibilit\u00e9s de vente de ce tirage (Le Ch\u00e2teau accueille des s\u00e9minaires et des mariages tout au long de l\u2019ann\u00e9e)<\/p>\n\n\n\n<p>Les repas du midi et du soir seront pris en commun, ce sera des moments d\u2019\u00e9change et de discussions.&nbsp;<br>L&rsquo;accent sera mis aussi sur des m\u00e9thodes d&rsquo;Editing et des lectures de portfolio<br>Enfin, la gastronomie ne sera pas oubli\u00e9e puisqu\u2019un chef local assurera les repas du midi et du soir.<\/p>\n\n\n\n<p>Prix 1500 E, h\u00e9bergement et repas compris du mercredi soir au dimanche midi<br>Informations\u00a0: <a href=\"https:\/\/store.leica-camera.com\/fr\/fr\/JCB-DORDOGNE?aknumber=AKFR00000359\" target=\"_blank\" rel=\"noreferrer noopener\">https:\/\/store.leica-camera.com\/fr\/fr\/JCB-DORDOGNE?aknumber=AKFR00000359<\/a><br>Inscription a<\/p>\n\n\n\n<p class=\"has-luminous-vivid-orange-color has-text-color has-link-color wp-elements-7a40125a7e9ee3fcd89fefc12325428b\"><strong>SAINT JULIEN EN CHAMPSAUR <em>:&nbsp;du 6 au 9 &nbsp;novembre 2025 <\/em><br>Sur les traces de Vivian Maier\u2026<br><em>Avec l\u2019association \u00ab&nbsp;Vivian Maier et le Champsaur&nbsp;\u00bb<\/em><\/strong><\/p>\n\n\n\n<p class=\"has-black-color has-text-color has-link-color wp-elements-f572cc8c2f528ac5c7aad8a049f0d027\">Photos de rue dans Saint-Bonnet ou dans des exploitations agricoles, s\u00e9ances de portraits (ou d\u2019autoportraits&nbsp;!),<br>paysages \u2026 \u00e0 chacun d\u2019exprimer son style en s\u2019inspirant de Vivian Maier dans une ambiance tr\u00e8s conviviale.<br>Le stage comprend les repas et le logement. &nbsp;Prix&nbsp;: 840 E<br>(infos et inscription Alain Robert&nbsp;06 31 41 74 56 et&nbsp; <a href=\"mailto:05alainrobert@gmail.com)\" target=\"_blank\" rel=\"noreferrer noopener\">05alainrobert@gmail.com)<\/a><\/p>\n\n\n\n<h5 class=\"wp-block-heading\"><\/h5>\n\n\n\n<p class=\"has-luminous-vivid-orange-color has-text-color\"><strong><em>Paris&nbsp;: D\u00e9cembre 2025 \/ mai 202<\/em><\/strong>6 <br><strong>6<sup>\u00e8me<\/sup> MASTERCLASS \u00ab&nbsp;\u00c9DITION&nbsp;\u00bb <\/strong><br><strong>CONCEVOIR SON LIVRE DE A \u00c0 Z, 36 bd de la Bastille \u2013 75012 Paris<br>Dates&nbsp;: \u00e0 partir du 23 novembre 202<\/strong>5<\/p>\n\n\n\n<p>Cette formation tr\u00e8s compl\u00e8te pilot\u00e9e par Franck Landron et moi-m\u00eame,<br>aboutit \u00e0 la r\u00e9alisation d\u2019un projet d\u2019\u00e9dition individuel pour chaque stagiaire.<br>Chaque stagiaire aura son \u00ab&nbsp;livre&nbsp;\u00bb finalis\u00e9 en mai.<br>Les trois week-ends de travail en commun s\u2019\u00e9taleront sur six mois<br>1<sup>er<\/sup> WE&nbsp;: Samedi 22 \/ dimanche 23 novembre 2025<br>2<sup>\u00e8me<\/sup> WE&nbsp;: Samedi 14\/ dimanche 15 f\u00e9vrier 2026<br>3<sup>\u00e8me<\/sup> WE&nbsp;: Dates \u00e0 fixer en mai 2026<br>Chaque jour, les horaires sont de 10h \u00e0 environ 17h.<br>Tout se passe \u00e0 l&rsquo;Atelier de Franck Landron au 36 Boulevard de la Bastille (75011), au c\u0153ur d\u2018une biblioth\u00e8que riche de plus d\u2019un millier de livres photographiques. <br>Ces livres serviront de point d\u2019appui \u00e0 chaque participant, car c\u2019est par la compr\u00e9hension <br>de \u00ab l\u2019objet livre \u00bb, de ses enjeux, de ses particularit\u00e9s, de sa force narrative ou esth\u00e9tique, <br>qu\u2019une s\u00e9rie photographique finit par s\u2019\u00e9panouir et trouver son d\u00e9bouch\u00e9 naturel dans l\u2019espace de la page imprim\u00e9e.<br>En cas d\u2019absence sur une des s\u00e9ances, des rendez-vous individuels sont propos\u00e9s.<br>Prix&nbsp;: 950 E pour l\u2019ensemble de la formation<br>D\u00e9tails et infos&nbsp;: <a href=\"mailto:jcbechet@gmail.com\" target=\"_blank\" rel=\"noreferrer noopener\">jcbechet@gmail.com<\/a><\/p>\n\n\n\n<p><\/p>\n\n\n\n<p class=\"has-vivid-purple-color has-text-color has-link-color wp-elements-4dce62a22a922cc2baa811826a40d195\"><strong>Boulogne-Billancourt (92) <em>:&nbsp;A partir du 29\/30 novembre 2025 <\/em><\/strong><strong><br><\/strong><strong>Nouvelle Masterclass \u00ab&nbsp;EXPOSITION&nbsp;\u00bb<br>AVEC INITIAL LABO <\/strong><a href=\"https:\/\/www.google.com\/maps\/place\/data=!4m2!3m1!1s0x47e67ad910f7bee3:0xee256398534a4acf?sa=X&amp;ved=1t:8290&amp;ictx=111\" target=\"_blank\" rel=\"noreferrer noopener\"><\/a><\/p>\n\n\n\n<p>Cette formation permet de s\u2019initier \u00e0 l\u2019univers du tirage d\u2019art et de la vente de tirages limit\u00e9s. &nbsp;<br>Du choix des images \u00e0 l\u2019encadrement en passant par le choix du papier<br>et la limitation des \u00e9preuves, tous les aspects de l\u2019exposition sont d\u00e9taill\u00e9s.<br>La Masterclass se d\u00e9roule trois s\u00e9ances r\u00e9parties sur six mois avec \u00e0 la clef une exposition collective.<br>En plus des photos expos\u00e9es (qui sont mises en vente), les participants auront<br>la possibilit\u00e9 de se constituer un portfolio de leurs meilleures images.<br>Attention nombre de places limit\u00e9es&nbsp;! Prix 980 E comprenant la production de 5 ou 6 tirages d\u2019exposition.<br>Renseignements et inscriptions&nbsp;: <a href=\"mailto:jcbechet@gmail.com\" target=\"_blank\" rel=\"noreferrer noopener\">jcbechet@gmail.com<\/a><br><\/p>\n\n\n\n<p class=\"has-luminous-vivid-orange-color has-text-color has-link-color wp-elements-4a8b107ba93e06aa5fa23c496fc10a3e\"><\/p>\n\n\n\n<p class=\"has-luminous-vivid-orange-color has-text-color\"><\/p>\n\n\n\n<p class=\"has-luminous-vivid-orange-color has-text-color\"><\/p>\n\n\n\n<p><\/p>\n\n\n\n<p><\/p>\n\n\n\n<p class=\"has-luminous-vivid-orange-color has-text-color\"><br><\/p>\n\n\n\n<p><\/p>\n\n\n\n<h5 class=\"wp-block-heading\"><strong>&nbsp;<\/strong><\/h5>\n","protected":false},"excerpt":{"rendered":"<p>PARIS : juin 2026STAGE : 5 jours de STREET PHOTOGRAPHY Prises de vue, analyses d\u2019image et travail d\u2019\u00e9ditingUn stage intensif qui explore en 5 jours toutes les facettes de la Street Photo.Chaque jour des&#46;&#46;&#46;<\/p>\n","protected":false},"author":1,"featured_media":0,"parent":0,"menu_order":0,"comment_status":"closed","ping_status":"closed","template":"","meta":{"footnotes":""},"class_list":["post-3497","page","type-page","status-publish","hentry"],"_links":{"self":[{"href":"https:\/\/www.jcbechet.com\/index.php?rest_route=\/wp\/v2\/pages\/3497"}],"collection":[{"href":"https:\/\/www.jcbechet.com\/index.php?rest_route=\/wp\/v2\/pages"}],"about":[{"href":"https:\/\/www.jcbechet.com\/index.php?rest_route=\/wp\/v2\/types\/page"}],"author":[{"embeddable":true,"href":"https:\/\/www.jcbechet.com\/index.php?rest_route=\/wp\/v2\/users\/1"}],"replies":[{"embeddable":true,"href":"https:\/\/www.jcbechet.com\/index.php?rest_route=%2Fwp%2Fv2%2Fcomments&post=3497"}],"version-history":[{"count":60,"href":"https:\/\/www.jcbechet.com\/index.php?rest_route=\/wp\/v2\/pages\/3497\/revisions"}],"predecessor-version":[{"id":7577,"href":"https:\/\/www.jcbechet.com\/index.php?rest_route=\/wp\/v2\/pages\/3497\/revisions\/7577"}],"wp:attachment":[{"href":"https:\/\/www.jcbechet.com\/index.php?rest_route=%2Fwp%2Fv2%2Fmedia&parent=3497"}],"curies":[{"name":"wp","href":"https:\/\/api.w.org\/{rel}","templated":true}]}}