{"id":3407,"date":"2014-10-03T23:37:54","date_gmt":"2014-10-03T21:37:54","guid":{"rendered":"http:\/\/www.jcbechet.com\/?page_id=3407"},"modified":"2022-04-17T15:08:24","modified_gmt":"2022-04-17T13:08:24","slug":"collection-des-carnets","status":"publish","type":"page","link":"https:\/\/www.jcbechet.com\/?page_id=3407","title":{"rendered":"Carnets \/ Livres"},"content":{"rendered":"<p style=\"text-align: center;\"><a href=\"http:\/\/www.jcbechet.com\/wp-content\/uploads\/2014\/10\/Tous-Carnets-copie.jpg\"><img loading=\"lazy\" decoding=\"async\" class=\"alignleft size-full wp-image-4460\" src=\"http:\/\/www.jcbechet.com\/wp-content\/uploads\/2014\/10\/Tous-Carnets-copie.jpg\" alt=\"Tous Carnets - copie\" width=\"1220\" height=\"630\" srcset=\"https:\/\/www.jcbechet.com\/wp-content\/uploads\/2014\/10\/Tous-Carnets-copie.jpg 1220w, https:\/\/www.jcbechet.com\/wp-content\/uploads\/2014\/10\/Tous-Carnets-copie-300x154.jpg 300w, https:\/\/www.jcbechet.com\/wp-content\/uploads\/2014\/10\/Tous-Carnets-copie-1024x528.jpg 1024w, https:\/\/www.jcbechet.com\/wp-content\/uploads\/2014\/10\/Tous-Carnets-copie-1x1.jpg 1w, https:\/\/www.jcbechet.com\/wp-content\/uploads\/2014\/10\/Tous-Carnets-copie-940x485.jpg 940w\" sizes=\"(max-width: 1220px) 100vw, 1220px\" \/><\/a><em>\u00a0\u00bb Depuis trente ans, je colle mes photos dans des petits albums.<\/em><br \/>\n<em>Ce sont mes carnets. Les photos sont rassembl\u00e9es par th\u00e8me.<\/em><br \/>\n<em>Par chronologie. Par association d\u2019id\u00e9es. Par lieu.<\/em><br \/>\n<em>Ces \u00ab\u00a0carnets\u00a0\u00bb num\u00e9rot\u00e9s et al\u00e9atoires, constituent, au fil du temps, le r\u00e9cit<\/em><br \/>\n<em>de ma trajectoire de photographe.\u00a0\u00bb JCB<\/em><\/p>\n<p>La collection des \u00ab\u00a0Carnets\u00a0\u00bb reprend ce principe.<br \/>\nElle comprend 10 volumes de 24&#215;30 cm.<br \/>\nChacun raconte une histoire en 48 pages.<br \/>\nLes num\u00e9ros pairs proposent des s\u00e9ries en couleur, les num\u00e9ros impairs des s\u00e9ries en n&amp;b.<br \/>\nChaque livre poss\u00e8de une couleur de reliure sp\u00e9cifique.<br \/>\nAinsi se construit avec le temps un ensemble unique d&rsquo;ouvrages photographiques<br \/>\nd&rsquo;un m\u00eame auteur dans l&rsquo;esprit des albums de bande dessin\u00e9e.<br \/>\nDeux coffrets de 5 livres chacun sont encore disponibles pour<br \/>\ndisposer de la s\u00e9rie compl\u00e8te.<\/p>\n","protected":false},"excerpt":{"rendered":"<p>\u00a0\u00bb Depuis trente ans, je colle mes photos dans des petits albums. Ce sont mes carnets. Les photos sont rassembl\u00e9es par th\u00e8me. Par chronologie. Par association d\u2019id\u00e9es. Par lieu. Ces \u00ab\u00a0carnets\u00a0\u00bb num\u00e9rot\u00e9s et al\u00e9atoires,&#46;&#46;&#46;<\/p>\n","protected":false},"author":1,"featured_media":0,"parent":0,"menu_order":0,"comment_status":"closed","ping_status":"closed","template":"","meta":{"footnotes":""},"class_list":["post-3407","page","type-page","status-publish","hentry"],"_links":{"self":[{"href":"https:\/\/www.jcbechet.com\/index.php?rest_route=\/wp\/v2\/pages\/3407"}],"collection":[{"href":"https:\/\/www.jcbechet.com\/index.php?rest_route=\/wp\/v2\/pages"}],"about":[{"href":"https:\/\/www.jcbechet.com\/index.php?rest_route=\/wp\/v2\/types\/page"}],"author":[{"embeddable":true,"href":"https:\/\/www.jcbechet.com\/index.php?rest_route=\/wp\/v2\/users\/1"}],"replies":[{"embeddable":true,"href":"https:\/\/www.jcbechet.com\/index.php?rest_route=%2Fwp%2Fv2%2Fcomments&post=3407"}],"version-history":[{"count":2,"href":"https:\/\/www.jcbechet.com\/index.php?rest_route=\/wp\/v2\/pages\/3407\/revisions"}],"predecessor-version":[{"id":5837,"href":"https:\/\/www.jcbechet.com\/index.php?rest_route=\/wp\/v2\/pages\/3407\/revisions\/5837"}],"wp:attachment":[{"href":"https:\/\/www.jcbechet.com\/index.php?rest_route=%2Fwp%2Fv2%2Fmedia&parent=3407"}],"curies":[{"name":"wp","href":"https:\/\/api.w.org\/{rel}","templated":true}]}}