{"id":3389,"date":"2014-10-03T23:08:47","date_gmt":"2014-10-03T21:08:47","guid":{"rendered":"http:\/\/www.jcbechet.com\/?page_id=3389"},"modified":"2025-04-11T23:31:23","modified_gmt":"2025-04-11T21:31:23","slug":"carnets-7-gunung-2014","status":"publish","type":"page","link":"https:\/\/www.jcbechet.com\/?page_id=3389","title":{"rendered":"Carnets #7 : Gunung (2015)"},"content":{"rendered":"<p><a href=\"http:\/\/www.jcbechet.com\/wp-content\/uploads\/2014\/10\/Site-Gununug-ok.jpg\"><img loading=\"lazy\" decoding=\"async\" class=\"alignleft size-full wp-image-3412\" src=\"http:\/\/www.jcbechet.com\/wp-content\/uploads\/2014\/10\/Site-Gununug-ok.jpg\" alt=\"Site-Gununug-ok\" width=\"950\" height=\"437\" srcset=\"https:\/\/www.jcbechet.com\/wp-content\/uploads\/2014\/10\/Site-Gununug-ok.jpg 950w, https:\/\/www.jcbechet.com\/wp-content\/uploads\/2014\/10\/Site-Gununug-ok-300x138.jpg 300w, https:\/\/www.jcbechet.com\/wp-content\/uploads\/2014\/10\/Site-Gununug-ok-2x1.jpg 2w, https:\/\/www.jcbechet.com\/wp-content\/uploads\/2014\/10\/Site-Gununug-ok-940x432.jpg 940w\" sizes=\"(max-width: 950px) 100vw, 950px\" \/><\/a><\/p>\n<p><strong>Format 24\u00d730 cm, 48 pages, 22 photos panoramiques noir &amp; blanc,<br \/>\n\u00e9ditions trans photographic press<\/strong><br \/>\n<strong> \u00c9dition num\u00e9rot\u00e9e de 750 exemplaires (32 E)<\/strong><br \/>\n<strong> Une \u00e9dition limit\u00e9e, num\u00e9rot\u00e9e et sign\u00e9e, avec un tirage original (limit\u00e9 \u00e0 30 exemplaires) est disponible aupr\u00e8s de l\u2019auteur (160 E<\/strong>)<\/p>\n<p>En Indon\u00e9sie, la vie s\u2019organise autour des volcans. Des millions de personnes vivent sur leurs flancs et plus de cent d\u2019entre eux sont consid\u00e9r\u00e9s comme actifs. Le mot \u00ab Gunung \u00bb est un terme g\u00e9n\u00e9rique qui caract\u00e9rise aussi bien des montagnes que des volcans ; il r\u00e9sonne comme le patronyme d\u2019un Dieu auquel on doit se plier. Des temples et des parcs naturels utilisent aussi ce nom\u00a0 qui sonne comme une menace. A\u00a0Java, Bali et Lombok, je suis all\u00e9 voir comment la vie s\u2019organisait sur les pentes de ces volcans actifs. Du c\u00e9l\u00e8bre Krakatau qui bouleversa, en 1883,\u00a0 la carte g\u00e9ographique de la r\u00e9gion aux inqui\u00e9tants Merapi, Bromo, Semaru, Kawah Ijen ou Rinjani, j\u2019ai arpent\u00e9 les sentiers de pierre, de cendres et de fum\u00e9e. Au coeur d\u2019une nature excessive et exub\u00e9rante, entre enfer et paradis, j\u2019ai choisi le film n&amp;b et le format panoramique pour restituer la densit\u00e9 et la s\u00e9v\u00e9rit\u00e9 du pays des Gunung.<\/p>\n","protected":false},"excerpt":{"rendered":"<p>Format 24\u00d730 cm, 48 pages, 22 photos panoramiques noir &amp; blanc, \u00e9ditions trans photographic press \u00c9dition num\u00e9rot\u00e9e de 750 exemplaires (32 E) Une \u00e9dition limit\u00e9e, num\u00e9rot\u00e9e et sign\u00e9e, avec un tirage original (limit\u00e9 \u00e0&#46;&#46;&#46;<\/p>\n","protected":false},"author":1,"featured_media":0,"parent":0,"menu_order":0,"comment_status":"closed","ping_status":"closed","template":"","meta":{"footnotes":""},"class_list":["post-3389","page","type-page","status-publish","hentry"],"_links":{"self":[{"href":"https:\/\/www.jcbechet.com\/index.php?rest_route=\/wp\/v2\/pages\/3389"}],"collection":[{"href":"https:\/\/www.jcbechet.com\/index.php?rest_route=\/wp\/v2\/pages"}],"about":[{"href":"https:\/\/www.jcbechet.com\/index.php?rest_route=\/wp\/v2\/types\/page"}],"author":[{"embeddable":true,"href":"https:\/\/www.jcbechet.com\/index.php?rest_route=\/wp\/v2\/users\/1"}],"replies":[{"embeddable":true,"href":"https:\/\/www.jcbechet.com\/index.php?rest_route=%2Fwp%2Fv2%2Fcomments&post=3389"}],"version-history":[{"count":1,"href":"https:\/\/www.jcbechet.com\/index.php?rest_route=\/wp\/v2\/pages\/3389\/revisions"}],"predecessor-version":[{"id":6886,"href":"https:\/\/www.jcbechet.com\/index.php?rest_route=\/wp\/v2\/pages\/3389\/revisions\/6886"}],"wp:attachment":[{"href":"https:\/\/www.jcbechet.com\/index.php?rest_route=%2Fwp%2Fv2%2Fmedia&parent=3389"}],"curies":[{"name":"wp","href":"https:\/\/api.w.org\/{rel}","templated":true}]}}