{"id":3387,"date":"2014-10-03T23:08:11","date_gmt":"2014-10-03T21:08:11","guid":{"rendered":"http:\/\/www.jcbechet.com\/?page_id=3387"},"modified":"2025-04-11T23:31:05","modified_gmt":"2025-04-11T21:31:05","slug":"carnets-6-7203-2014","status":"publish","type":"page","link":"https:\/\/www.jcbechet.com\/?page_id=3387","title":{"rendered":"Carnets #6 : 72,03 % (2014)"},"content":{"rendered":"<p><a href=\"http:\/\/www.jcbechet.com\/wp-content\/uploads\/2014\/10\/COUV-Carnet-6-ok2.jpg\"><img loading=\"lazy\" decoding=\"async\" class=\"alignleft size-full wp-image-3423\" src=\"http:\/\/www.jcbechet.com\/wp-content\/uploads\/2014\/10\/COUV-Carnet-6-ok2.jpg\" alt=\"COUV Carnet 6-ok\" width=\"950\" height=\"440\" srcset=\"https:\/\/www.jcbechet.com\/wp-content\/uploads\/2014\/10\/COUV-Carnet-6-ok2.jpg 950w, https:\/\/www.jcbechet.com\/wp-content\/uploads\/2014\/10\/COUV-Carnet-6-ok2-300x138.jpg 300w, https:\/\/www.jcbechet.com\/wp-content\/uploads\/2014\/10\/COUV-Carnet-6-ok2-2x1.jpg 2w, https:\/\/www.jcbechet.com\/wp-content\/uploads\/2014\/10\/COUV-Carnet-6-ok2-940x435.jpg 940w\" sizes=\"(max-width: 950px) 100vw, 950px\" \/><\/a><\/p>\n<p><strong>Format 24\u00d730 cm, 48 pages, 35 photos couleur, \u00e9ditions trans photographic press<\/strong><br \/>\n<strong> \u00c9dition num\u00e9rot\u00e9e de 750 exemplaires (32 E)<\/strong><br \/>\n<strong> Une \u00e9dition limit\u00e9e, num\u00e9rot\u00e9e et sign\u00e9e, avec un tirage original (limit\u00e9 \u00e0 30 exemplaires) est disponible aupr\u00e8s de l\u2019auteur (160 E)<\/strong><\/p>\n<p><em>\u00ab\u00a0L&rsquo;ennemi est b\u00eate\u00a0: il croit que c&rsquo;est nous l&rsquo;ennemi\u2026\u00a0\u00bb\u00a0Pierre Desproges<\/em><\/p>\n<p>Le 17 juin 2012, lors du deuxi\u00e8me tour des \u00e9lections l\u00e9gislatives\u00a0la candidate du Front National obtient 72,03% des votes exprim\u00e9s dans la commune des Saintes-Maries-de la mer en Camargue. Le projet de ce livre est n\u00e9 le lendemain, \u00e0 la lecture de ces r\u00e9sultats. Moins de 3000 habitants r\u00e9sident dans cette ville de Camargue\u00a0qui est \u00e0 la fois une station baln\u00e9aire pris\u00e9e et un lieu de p\u00e8lerinage o\u00f9 des gitans du monde entier se rassemblent chaque ann\u00e9e les 24 et 25 Mai\u2026\u00a0 Pendant des d\u00e9cennies les photographes ont montr\u00e9 cette f\u00eate gitane o\u00f9 danse, musique et religiosit\u00e9 offrent un spectacle unique. Comment une ville c\u00e9l\u00e8bre pour l\u2019accueil des gitans, une ville sans probl\u00e8mes sociaux apparents, sans banlieue, ni quartier difficile, peut-elle voter \u00e0 72,03% pour un parti comme le Front National\u00a0?\u00a0C\u2019est en partant de cette interrogation que je suis all\u00e9 sur place. Coinc\u00e9 au fin fond de la Camargue dans une torpeur troubl\u00e9e en haute saison par les seuls touristes, la ville \u00e9tonne par sa blancheur immacul\u00e9e. Tout est propre, r\u00e9gent\u00e9e, organis\u00e9e, la vie se d\u00e9roule sous le regard des cameras de vid\u00e9o surveillance. Les interdictions fleurissent \u00e0 chaque coin de rue\u00a0: l\u00e0 pas de jeux de ballon, ici pas de v\u00e9los, de caravanes, ailleurs pas de visiteurs hormis les r\u00e9sidents. Petite ville close, sans graffiti, ni affiche, avec des ar\u00e8nes colori\u00e9es, son am\u00e9nagement urbain est exemplaire d\u2019un urbanisme d\u2019exclusion qui se r\u00e9pand, notamment dans le Sud de la France. L\u2019architecture n\u2019est jamais innocente\u2026 Quelques femmes gitanes, diseuses de bonne aventure, surveill\u00e9es du coin de l\u2019\u0153il par la police municipale, gravitent autour de l\u2019\u00e9glise. Tol\u00e9r\u00e9es, elles apportent la petite touche folklorique recherch\u00e9e par des touristes. En groupe, elles interpellent les passants avec une abn\u00e9gation sans fin, et souvent sans illusion, pour lire les lignes de la main ou vendre un petit pendentif \u00ab\u00a0porte-bonheur\u00a0\u00bb. A c\u00f4t\u00e9, autour, partout, l\u2019ordre et le silence r\u00e8gnent\u2026<\/p>\n<p>.<\/p>\n","protected":false},"excerpt":{"rendered":"<p>Format 24\u00d730 cm, 48 pages, 35 photos couleur, \u00e9ditions trans photographic press \u00c9dition num\u00e9rot\u00e9e de 750 exemplaires (32 E) Une \u00e9dition limit\u00e9e, num\u00e9rot\u00e9e et sign\u00e9e, avec un tirage original (limit\u00e9 \u00e0 30 exemplaires) est&#46;&#46;&#46;<\/p>\n","protected":false},"author":1,"featured_media":0,"parent":0,"menu_order":0,"comment_status":"closed","ping_status":"closed","template":"","meta":{"footnotes":""},"class_list":["post-3387","page","type-page","status-publish","hentry"],"_links":{"self":[{"href":"https:\/\/www.jcbechet.com\/index.php?rest_route=\/wp\/v2\/pages\/3387"}],"collection":[{"href":"https:\/\/www.jcbechet.com\/index.php?rest_route=\/wp\/v2\/pages"}],"about":[{"href":"https:\/\/www.jcbechet.com\/index.php?rest_route=\/wp\/v2\/types\/page"}],"author":[{"embeddable":true,"href":"https:\/\/www.jcbechet.com\/index.php?rest_route=\/wp\/v2\/users\/1"}],"replies":[{"embeddable":true,"href":"https:\/\/www.jcbechet.com\/index.php?rest_route=%2Fwp%2Fv2%2Fcomments&post=3387"}],"version-history":[{"count":1,"href":"https:\/\/www.jcbechet.com\/index.php?rest_route=\/wp\/v2\/pages\/3387\/revisions"}],"predecessor-version":[{"id":6885,"href":"https:\/\/www.jcbechet.com\/index.php?rest_route=\/wp\/v2\/pages\/3387\/revisions\/6885"}],"wp:attachment":[{"href":"https:\/\/www.jcbechet.com\/index.php?rest_route=%2Fwp%2Fv2%2Fmedia&parent=3387"}],"curies":[{"name":"wp","href":"https:\/\/api.w.org\/{rel}","templated":true}]}}