{"id":284,"date":"2011-05-03T15:53:01","date_gmt":"2011-05-03T13:53:01","guid":{"rendered":"http:\/\/www.jcbechet.com\/?page_id=284"},"modified":"2025-10-21T18:30:57","modified_gmt":"2025-10-21T16:30:57","slug":"cv-bio","status":"publish","type":"page","link":"https:\/\/www.jcbechet.com\/?page_id=284","title":{"rendered":"Biographie"},"content":{"rendered":"<p><a href=\"http:\/\/www.jcbechet.com\/wp-content\/uploads\/2011\/05\/JCB-ok.jpg\"><img loading=\"lazy\" decoding=\"async\" class=\"aligncenter size-full wp-image-1457\" title=\"JCB-ok\" src=\"http:\/\/www.jcbechet.com\/wp-content\/uploads\/2011\/05\/JCB-ok.jpg\" alt=\"\" width=\"950\" height=\"205\" srcset=\"https:\/\/www.jcbechet.com\/wp-content\/uploads\/2011\/05\/JCB-ok.jpg 950w, https:\/\/www.jcbechet.com\/wp-content\/uploads\/2011\/05\/JCB-ok-300x64.jpg 300w, https:\/\/www.jcbechet.com\/wp-content\/uploads\/2011\/05\/JCB-ok-4x1.jpg 4w, https:\/\/www.jcbechet.com\/wp-content\/uploads\/2011\/05\/JCB-ok-940x202.jpg 940w\" sizes=\"(max-width: 950px) 100vw, 950px\" \/><\/a><\/p>\n<p>N\u00e9 en 1964 \u00e0 Marseille, Jean-Christophe B\u00e9chet vit et travaille depuis 1990 \u00e0 Paris.<br \/>\nM\u00ealant noir et blanc et couleur, argentique et num\u00e9rique, 24x 36 et moyen format, polaroids et \u201caccidents\u201d photographiques, Jean-Christophe B\u00e9chet cherche pour chaque projet le \u201cbon outil\u201d, celui qui lui permettra de faire dialoguer de fa\u00e7on pertinente une interpr\u00e9tation du r\u00e9el et une mati\u00e8re photographique.<\/p>\n<p>Son travail photographique se d\u00e9veloppe dans deux directions qui se croisent et se r\u00e9pondent en permanence. Ainsi d\u2019un c\u00f4t\u00e9 son approche du r\u00e9el le rend proche d\u2019une forme de \u00ab\u00a0documentaire po\u00e9tique\u00a0\u00bb avec un int\u00e9r\u00eat permanent pour la \u201cphoto de rue\u201d et les architectures urbaines.\u00a0 Il parle alors de ses photographies comme de <strong>PAYSAGES HABIT\u00c9S<\/strong>.<br \/>\nEn parall\u00e8le, il d\u00e9veloppe depuis plus de quinze ans une recherche sur la mati\u00e8re photographique et la sp\u00e9cificit\u00e9 du m\u00e9dium, en argentique comme en num\u00e9rique.\u00a0 Pour cela, il s\u2019attache aux \u00ab\u00a0accidents\u00a0\u00bb techniques, et revisite ses photographies du r\u00e9el en les confrontant \u00e0 plusieurs techniques de tirage. Il restitue ainsi, au-del\u00e0 de la prise de vue, ce travail sur la lumi\u00e8re, le temps et le hasard qui sont, selon lui, les trois piliers de l\u2019acte photographique.<\/p>\n<p>Depuis 20 ans, ce double regard sur le monde se construit livre par livre, l\u2019espace de la page imprim\u00e9e \u00e9tant son terrain d\u2019expression \u201cnaturel\u201d. Il est ainsi l\u2019auteur de plus de 30 livres monographiques.<br \/>\nSes photographies sont pr\u00e9sentes dans plusieurs collections priv\u00e9es (HSBC, FNAC, Fondation Auer\u2026) et publiques (Bnf, Maison Europ\u00e9enne de la Photographie \u00e0 Paris, \u2026). Elles ont \u00e9t\u00e9 montr\u00e9es dans plus de soixante expositions, notamment aux Rencontres d\u2019Arles en 2006 (s\u00e9rie \u00ab Politiques Urbaines \u00bb) en 2012 (s\u00e9rie \u00ab Accidents \u00bb) et expos\u00e9es plusieurs fois \u00e0 la MEP (Maison Europ\u00e9enne de la Photographie, Paris) ou \u00e0 la BNF (\u00abL\u2019\u00e9preuve de la Mati\u00e8re \u00bb, \u00ab Noir et Blanc : une esth\u00e9tique de la photographie\u00bb)<\/p>\n<p>Apr\u00e8s avoir \u00e9t\u00e9 longtemps repr\u00e9sent\u00e9 \u00e0 Paris par \u00ab Les Douches la Galerie \u00bb (2005\/2020), il travaille aujourd\u2019hui avec \u00ab La galerie des Photographes \u00bb et la \u00ab\u00a0Galerie ART-Z-Sultan \u00a0\u00bb \u00e0 Paris et \u00e0 Arles<\/p>\n<p><span style=\"font-weight: bold;\">Monographies<\/span><\/p>\n<p>2025 : Rio Praia \/ \u00e9ditions Loco<br \/>\n2025 : Rio Centro \/ \u00e9ditions Loco<br \/>\n2025 : Frenchtown # 5 : Lure \/ \u00e9ditions Le Pas du Trem<br \/>\n2024 : African Memories \/ \u00e9ditions Loco<br \/>\n2023 : Sauvage Mat\u00e9rialit\u00e9 \/ \u00e9ditions Loco<br \/>\n2023 : Carnet n\u00b035 (R\u00e9trospective) \/ \u00e9ditions Auer + Auer, Gen\u00e8ve<br \/>\n2022 : Frenchtown # 4 : Deauville \/ \u00e9ditions Le Pas du Trem<br \/>\n2022 : Macadam Color Street Photo\u00a0 \/ \u00e9ditions Loco<br \/>\n2021 : Frenchtown # 3 : Saint-Brieuc \/ \u00e9ditions Le Pas du Trem<br \/>\n2021: URSS \u00c9t\u00e9 1991 (chroniques de fin d&#8217;empire)\u00a0 \/ \u00e9ditions Loco<br \/>\n2021 : Frenchtown # 2 : Port-de-Bouc \/ \u00e9ditions Le Pas du Trem<br \/>\n2019 : Habana Song \/ \u00e9ditions Loco<br \/>\n2019 : Frenchtown #1 : Corbeil-Essonnes \/ \u00e9ditions Le Pas du Trem<br \/>\n2018 : Carnets # 10 : Eureka USA \/ \u00e9ditions Trans Photographic Press<br \/>\n2018 : Carnets # 9 : Petits Paysages Am\u00e9ricains\/ \u00e9ditions Trans Photographic Press<br \/>\n2018 : Carnets # 8 : American Animals\/ \u00e9ditions Trans Photographic Press<br \/>\n2016 : European Puzzle \/ \u00e9ditions Loco<br \/>\n2016 : Influences\/ \u00e9ditions de la Martini\u00e8re<br \/>\n2015 : Carnets # 7 : Gunung \/ \u00e9ditions Trans Photographic Press<br \/>\n2015 : Carnets # 6 : 72,03 % \/ \u00e9ditions Trans Photographic Press<br \/>\n2014 : Orlando (This is not a Map\u2026 ) \/ Editions Poetry Wanted<br \/>\n2013 : Marseille, Ville Natale (une autobiographie) \/ \u00e9ditions Trans Photographic Press<br \/>\n2012 : Carnets # 5 : Min\u00e9ral (Altitude) \/ \u00e9ditions Trans Photographic Press<br \/>\n2012 : Carnets # 4 : Tombouctou, peut-\u00eatre\u2026 \u00a0\/ \u00e9ditions Trans Photographic Pres<br \/>\n2011 : American Puzzle \u00a0\/ \u00e9ditions Trans Photographic Press<br \/>\n2010 : Carnets # 3 : Discontinu\u00e9\u2026 \u00a0\/ \u00e9ditions Trans Photographic Press<br \/>\n2008 : Carnets # 2 : Climats (\u00e9ditions Trans Photographic Press<br \/>\n2008 : Carnets # 1 : Noir Vertical \u00a0\/ \u00e9ditions Trans Photographic Press<br \/>\n2006 : Vues n\u00b00, un manifeste photographique \/ \u00e9ditions Trans Photographic Press<br \/>\n2005 : Tokyo Station \u00a0\/ \u00e9ditions Trans Photographic Press<br \/>\n2004 : Sax, Sex, 23h \u00a0\/ \u00e9ditions Filigranes<br \/>\n2002 : Electric\u2019 cit\u00e9s \u00a0\/ \u00e9ditions Marval<\/p>\n<p><span style=\"font-weight: bold;\">Catalogues, textes et ouvrages collectifs<\/span><\/p>\n<p>&#8211; Petite Philosophie Pratique de la Prise de Vue Photographique (\u00e9ditions Cr\u00e9aphis, 2014)<br \/>\n&#8211; Photographie ; Esth\u00e9tique \/ Technique \/ Pratique (\u00e9ditions EPA \/ Hachette, 2022)<br \/>\n&#8211; Acqu\u00e9rir une ciulture photographique (\u00e9ditions Eyrolles, 2021)<br \/>\n&#8211; Concevoir un Portfolio photographique (\u00e9ditions Eyrolles, 2020)<br \/>\n&#8211; Trajectoires Urbaines (Corbeil-Essonnes, l&rsquo;Oeil Urbain, 2013)<br \/>\n&#8211; G\u00e9om\u00e9trie (Toulouse, 2012, Biz&rsquo;Art Populaire)<br \/>\n&#8211; Acidents \u00a0(\u00e9ditions Trans Photographic Press, 2012)<br \/>\n&#8211; Fra-For \u00a0(\u00e9ditions Verlhac, 2011)<br \/>\n&#8211; France 14 \u00a0(\u00e9ditions Trans Photographic Press, 2010)<br \/>\n&#8211; Est-ce ainsi que les hommes vivent ? Tome 1 et Tome 2 \u00a0(\u00e9ditions Le Ch\u00eane, 2005 &amp; 2006)<br \/>\n&#8211; Libert\u00e9s \u00a0(\u00e9ditions Filigranes-Reporters sans Fronti\u00e8res, 2002)<\/p>\n","protected":false},"excerpt":{"rendered":"<p>N\u00e9 en 1964 \u00e0 Marseille, Jean-Christophe B\u00e9chet vit et travaille depuis 1990 \u00e0 Paris. M\u00ealant noir et blanc et couleur, argentique et num\u00e9rique, 24x 36 et moyen format, polaroids et \u201caccidents\u201d photographiques, Jean-Christophe B\u00e9chet&#46;&#46;&#46;<\/p>\n","protected":false},"author":1,"featured_media":0,"parent":0,"menu_order":0,"comment_status":"closed","ping_status":"closed","template":"","meta":{"footnotes":""},"class_list":["post-284","page","type-page","status-publish","hentry"],"_links":{"self":[{"href":"https:\/\/www.jcbechet.com\/index.php?rest_route=\/wp\/v2\/pages\/284"}],"collection":[{"href":"https:\/\/www.jcbechet.com\/index.php?rest_route=\/wp\/v2\/pages"}],"about":[{"href":"https:\/\/www.jcbechet.com\/index.php?rest_route=\/wp\/v2\/types\/page"}],"author":[{"embeddable":true,"href":"https:\/\/www.jcbechet.com\/index.php?rest_route=\/wp\/v2\/users\/1"}],"replies":[{"embeddable":true,"href":"https:\/\/www.jcbechet.com\/index.php?rest_route=%2Fwp%2Fv2%2Fcomments&post=284"}],"version-history":[{"count":10,"href":"https:\/\/www.jcbechet.com\/index.php?rest_route=\/wp\/v2\/pages\/284\/revisions"}],"predecessor-version":[{"id":7563,"href":"https:\/\/www.jcbechet.com\/index.php?rest_route=\/wp\/v2\/pages\/284\/revisions\/7563"}],"wp:attachment":[{"href":"https:\/\/www.jcbechet.com\/index.php?rest_route=%2Fwp%2Fv2%2Fmedia&parent=284"}],"curies":[{"name":"wp","href":"https:\/\/api.w.org\/{rel}","templated":true}]}}