{"id":2755,"date":"2013-06-16T23:45:14","date_gmt":"2013-06-16T21:45:14","guid":{"rendered":"http:\/\/www.jcbechet.com\/?page_id=2755"},"modified":"2021-11-23T01:03:18","modified_gmt":"2021-11-23T00:03:18","slug":"marseille-ville-natale","status":"publish","type":"page","link":"https:\/\/www.jcbechet.com\/?page_id=2755","title":{"rendered":"Marseille, ville natale (2013)"},"content":{"rendered":"<p><a href=\"http:\/\/www.jcbechet.com\/wp-content\/uploads\/2013\/06\/Livre-Marseille-Site.jpg\"><img loading=\"lazy\" decoding=\"async\" class=\"alignleft size-full wp-image-2756\" title=\"Livre Marseille Site\" alt=\"\" src=\"http:\/\/www.jcbechet.com\/wp-content\/uploads\/2013\/06\/Livre-Marseille-Site.jpg\" width=\"950\" height=\"455\" \/><\/a><\/p>\n<p><strong>\u00ab <span style=\"color: #888888;\"><strong>Marseille, Ville Natale \u00bb aux \u00e9ditions Trans Photographic Press<\/strong><\/span><\/strong><br \/>\n<strong> <span style=\"color: #888888;\"><strong> Format 21 x 28 cm, , 224 pages, , 170 photographies<\/strong><\/span><\/strong><br \/>\n<strong> <span style=\"color: #888888;\"><strong> Impression quadri et bichromie , ISBN 979-1090-371231<\/strong><\/span><\/strong><br \/>\n<strong>\u00c9dition normale \u00e9puis\u00e9e<br \/>\nDerniers exemplaires avec tirage de collection (sign\u00e9 et num\u00e9rot\u00e9) \u00e0 250 Euros.<\/strong><\/p>\n<p style=\"text-align: right;\"><em><span style=\"color: #000000;\">\u00ab Marseille appartient \u00e0 qui vient du large \u00bb, Blaise Cendrars<\/span><\/em><\/p>\n<p style=\"text-align: center;\"><strong>l&rsquo;urbain, l&rsquo;ailleurs, la pierre<\/strong><\/p>\n<p>J\u2019ai habit\u00e9 Marseille jusqu\u2019\u00e0 l\u2019\u00e2ge de 21 ans. Depuis 1985, je vis \u00ab\u00a0ailleurs\u00a0\u00bb. Mais je reste un \u00abmarseillais\u00bb. A chaque retour dans ma ville natale, je fais le m\u00eame trajet, attir\u00e9, aimant\u00e9, par le bord de mer. Je marche de la Joliette au Prado, de la Pointe Rouge \u00e0 Callelongue. Et je photographie\u2026 Je suis au milieu de nulle part et pourtant je suis encore dans le huiti\u00e8me arrondissement d&rsquo;une cit\u00e9 qui s&rsquo;\u00e9tire au del\u00e0 du raisonnable\u2026<\/p>\n<p>Si j\u2019aime autant les grandes m\u00e9tropoles, les voyages lointains et les montagnes inhospitali\u00e8res, c\u2019est sans doute \u00e0 Marseille que je le dois. La ville, le d\u00e9paysement, la pierre. L&rsquo;urbain, l&rsquo;ailleurs, le min\u00e9ral. Les trois fondements de mon parcours photographique viennent de Marseille. Ils en sont aussi la matrice, les racines. Je n\u2019ai compris cela que r\u00e9cemment, quand j\u2019ai commenc\u00e9 \u00e0 travailler sur ce livre. La lecture de Blaise Cendrars, dans \u00ab\u00a0l&rsquo;Homme foudroy\u00e9\u00a0\u00bb, m\u2019a aid\u00e9. J&rsquo;avais trouv\u00e9 un guide \u00ab \u00e9tranger \u00bb et d\u00e9c\u00e9d\u00e9 dans ma \u00ab ville natale \u00bb\u2026<\/p>\n<p>Je devais faire le point, voir si mes images \u00ab marseillaises \u00bb, souvent intimes et personnelles, livraient quelques v\u00e9rit\u00e9s sur une ville insaisissable. Car Marseille, chaque habitant le sait, n\u2019est pas une \u00ab vraie \u00bb ville. C\u2019est un ensemble de villages, une suite de petites entit\u00e9s. C\u2019est un sujet impossible pour un photographe. Marseille s\u2019\u00e9chappe de tous les c\u00f4t\u00e9s. Ici c\u2019est le son, pas seulement l\u2019accent, mais les paroles, le bruit, le soleil, le vent, qui cr\u00e9ent l\u2019unit\u00e9 de la ville\u2026<\/p>\n<p>Aujourd&rsquo;hui, trop de clich\u00e9s sont associ\u00e9s \u00e0 la ville ; on ne sait plus quand on est dans le \u00ab vrai \u00bb , dans le \u00ab r\u00e9el \u00bb, dans une \u00ab fiction \u00bb \u2026 Avec Marseille, on navigue \u00e0 vue et on sait que de toute fa\u00e7on, on ratera sa cible. Alors, tant pis allons-y, jetons nous \u00e0 l\u2019eau\u2026 Oui, Marseille est d\u2019abord pour moi la ville de mon enfance, de mes souvenirs, de mes premi\u00e8res photos et de mes premi\u00e8res amours, oui c\u2019est une ville sensuelle et distante, chaleureuse et froide, excessive et cach\u00e9e, inqui\u00e9tante et d\u00e9bonnaire, vulgaire et enthousiasmante\u2026<\/p>\n<p>Ici on parle trop\u2026 trop fort, trop vite, trop longtemps et Marseille a surtout besoin qu\u2019on la laisse tranquille et qu\u2019on \u00e9coute le vent, la mer et les mouettes du frioul\u2026 JCB \/ 2013<\/p>\n","protected":false},"excerpt":{"rendered":"<p>\u00ab Marseille, Ville Natale \u00bb aux \u00e9ditions Trans Photographic Press Format 21 x 28 cm, , 224 pages, , 170 photographies Impression quadri et bichromie , ISBN 979-1090-371231 \u00c9dition normale \u00e9puis\u00e9e Derniers exemplaires avec&#46;&#46;&#46;<\/p>\n","protected":false},"author":1,"featured_media":0,"parent":0,"menu_order":0,"comment_status":"closed","ping_status":"closed","template":"","meta":{"footnotes":""},"class_list":["post-2755","page","type-page","status-publish","hentry"],"_links":{"self":[{"href":"https:\/\/www.jcbechet.com\/index.php?rest_route=\/wp\/v2\/pages\/2755"}],"collection":[{"href":"https:\/\/www.jcbechet.com\/index.php?rest_route=\/wp\/v2\/pages"}],"about":[{"href":"https:\/\/www.jcbechet.com\/index.php?rest_route=\/wp\/v2\/types\/page"}],"author":[{"embeddable":true,"href":"https:\/\/www.jcbechet.com\/index.php?rest_route=\/wp\/v2\/users\/1"}],"replies":[{"embeddable":true,"href":"https:\/\/www.jcbechet.com\/index.php?rest_route=%2Fwp%2Fv2%2Fcomments&post=2755"}],"version-history":[{"count":0,"href":"https:\/\/www.jcbechet.com\/index.php?rest_route=\/wp\/v2\/pages\/2755\/revisions"}],"wp:attachment":[{"href":"https:\/\/www.jcbechet.com\/index.php?rest_route=%2Fwp%2Fv2%2Fmedia&parent=2755"}],"curies":[{"name":"wp","href":"https:\/\/api.w.org\/{rel}","templated":true}]}}