{"id":2498,"date":"2012-11-17T13:46:37","date_gmt":"2012-11-17T12:46:37","guid":{"rendered":"http:\/\/www.jcbechet.com\/?page_id=2498"},"modified":"2025-03-26T22:56:32","modified_gmt":"2025-03-26T21:56:32","slug":"carnets-4-tombouctou-peut-etre-2012","status":"publish","type":"page","link":"https:\/\/www.jcbechet.com\/?page_id=2498","title":{"rendered":"Carnets #4 : Tombouctou, peut-\u00eatre\u2026 (2012)"},"content":{"rendered":"<p><a href=\"http:\/\/www.jcbechet.com\/wp-content\/uploads\/2012\/11\/Site-ok.jpg\"><img loading=\"lazy\" decoding=\"async\" class=\"aligncenter size-full wp-image-2499\" title=\"Site-ok\" src=\"http:\/\/www.jcbechet.com\/wp-content\/uploads\/2012\/11\/Site-ok.jpg\" alt=\"\" width=\"950\" height=\"354\" srcset=\"https:\/\/www.jcbechet.com\/wp-content\/uploads\/2012\/11\/Site-ok.jpg 950w, https:\/\/www.jcbechet.com\/wp-content\/uploads\/2012\/11\/Site-ok-300x111.jpg 300w, https:\/\/www.jcbechet.com\/wp-content\/uploads\/2012\/11\/Site-ok-2x1.jpg 2w, https:\/\/www.jcbechet.com\/wp-content\/uploads\/2012\/11\/Site-ok-940x350.jpg 940w\" sizes=\"(max-width: 950px) 100vw, 950px\" \/><\/a><\/p>\n<p><strong>Format 24\u00d730 cm, 54 pages, 27 photos couleurs, \u00e9ditions trans photographic press<br \/>\n\u00c9dition normale \u00e9puis\u00e9e<\/strong><br \/>\n<strong> Une \u00e9dition limit\u00e9e, num\u00e9rot\u00e9e et sign\u00e9e, avec un tirage original (limit\u00e9 \u00e0 30 exemplaires) est encore disponible aupr\u00e8s de l\u2019auteur (160 E)<\/strong><\/p>\n<h3>Tombouctou, peut-\u00eatre\u2026<\/h3>\n<p>Ce volume aurait d\u00fb \u00eatre le premier de mes \u00ab\u00a0Carnets\u00a0\u00bb. C\u2019est en effet sur les rives du fleuve Niger que j\u2019ai senti que je devenais photographe. C\u2019\u00e9tait il y a 25 ans, \u00e0 l\u2019\u00e9t\u00e9 1987, entre Mopti et Gao. Muni de mes deux Minolta X700, je voyais le chaos du monde s\u2019organiser dans mon viseur\u2026\u00a0 J\u2019avais 23 ans. Mes premi\u00e8res ann\u00e9es photographiques furent africaines. Apr\u00e8s ce premier voyage dans le Sahel de 1987, il y a eu un long s\u00e9jour au Cameroun, et puis un lent retour, en 1990, en auto-stop, \u00e0 travers le Sahara vers la France. J\u2019ai voyag\u00e9 au contact de ceux qui esp\u00e8rent commencer une nouvelle vie, au Nord, en Europe. Pour moi, il s\u2019agissait de retrouver Marseille, ma ville natale. Je voulais revenir doucement, et arriver en bateau depuis Alger, s\u0153ur jumelle de Marseille\u2026<br \/>\nEn janvier 2012, pour f\u00eater les 25 ans de mon premier s\u00e9jour africain, j\u2019avais d\u00e9cid\u00e9 de retourner sur les boucles du Fleuve Niger. Revoir Mopti, Gao, Gourma Rharous, Djenn\u00e9, Tombouctou\u2026 La g\u00e9opolitique en a d\u00e9cid\u00e9 autrement. Chacun m\u2019a d\u00e9conseill\u00e9 d\u2019aller sur ce territoire l\u00e0, d\u00e9sormais ferm\u00e9 aux europ\u00e9ens. Alors je me suis replong\u00e9 dans mes archives. J\u2019avais \u00e9labor\u00e9, il y a vingt ans, de nombreux projets de livres autour de ces images africaines. Aucun n\u2019avait abouti\u2026<br \/>\nL\u2019actualit\u00e9 rattrapait mon pass\u00e9. En juin, le nord du Mali \u00e9tait en guerre. Des groupes extr\u00e9mistes ont commenc\u00e9 \u00e0 d\u00e9truire les mausol\u00e9es et mosqu\u00e9es de Tombouctou.\u00a0 En 1987,\u00a0 je n\u2019avais pass\u00e9 que quelques heures dans cette ville mythique, le temps d\u2019une escale du bateau, le fameux \u00ab\u00a0Capitaine Soumar\u00e9\u00a0\u00bb\u2026 Enfant j\u2019avais d\u00e9cid\u00e9 de voyager en fonction de noms qui me faisaient r\u00eaver\u00a0: Zanzibar, Valparaiso, Vladivostock, Tombouctou\u2026\u00a0 Aujourd\u2019hui l\u2019image de Tombouctou appara\u00eet dans ma m\u00e9moire comme un mirage dans le d\u00e9sert br\u00fbl\u00e9 de soleil.<br \/>\nJ\u2019esp\u00e8re qu\u2019un jour je retournerai au Mali, au Niger, au Burkina-Faso, dans le d\u00e9sert alg\u00e9rien\u2026 Je prendrai alors avec moi ce livre. Il est presque fait pour \u00e7a.\u00a0 Pour garder une trace. Evidemment ce ne sera plus les m\u00eames voyages, les m\u00eames nuits en plein air, les m\u00eames temp\u00eates de sable qui eurent raison de tous mes appareils\u2026\u00a0\u00a0 Mais j\u2019irai, comme les premi\u00e8res fois, au hasard du moment, l\u00e0 o\u00f9 les taxi-brousse me portent. J\u2019aimerai revoir Mopti ou Gao, et Tombouctou, peut-\u00eatre\u2026\u00a0\u00a0 JCB<\/p>\n","protected":false},"excerpt":{"rendered":"<p>Format 24\u00d730 cm, 54 pages, 27 photos couleurs, \u00e9ditions trans photographic press \u00c9dition normale \u00e9puis\u00e9e Une \u00e9dition limit\u00e9e, num\u00e9rot\u00e9e et sign\u00e9e, avec un tirage original (limit\u00e9 \u00e0 30 exemplaires) est encore disponible aupr\u00e8s de&#46;&#46;&#46;<\/p>\n","protected":false},"author":1,"featured_media":0,"parent":0,"menu_order":0,"comment_status":"closed","ping_status":"closed","template":"","meta":{"footnotes":""},"class_list":["post-2498","page","type-page","status-publish","hentry"],"_links":{"self":[{"href":"https:\/\/www.jcbechet.com\/index.php?rest_route=\/wp\/v2\/pages\/2498"}],"collection":[{"href":"https:\/\/www.jcbechet.com\/index.php?rest_route=\/wp\/v2\/pages"}],"about":[{"href":"https:\/\/www.jcbechet.com\/index.php?rest_route=\/wp\/v2\/types\/page"}],"author":[{"embeddable":true,"href":"https:\/\/www.jcbechet.com\/index.php?rest_route=\/wp\/v2\/users\/1"}],"replies":[{"embeddable":true,"href":"https:\/\/www.jcbechet.com\/index.php?rest_route=%2Fwp%2Fv2%2Fcomments&post=2498"}],"version-history":[{"count":1,"href":"https:\/\/www.jcbechet.com\/index.php?rest_route=\/wp\/v2\/pages\/2498\/revisions"}],"predecessor-version":[{"id":6876,"href":"https:\/\/www.jcbechet.com\/index.php?rest_route=\/wp\/v2\/pages\/2498\/revisions\/6876"}],"wp:attachment":[{"href":"https:\/\/www.jcbechet.com\/index.php?rest_route=%2Fwp%2Fv2%2Fmedia&parent=2498"}],"curies":[{"name":"wp","href":"https:\/\/api.w.org\/{rel}","templated":true}]}}