{"id":1547,"date":"2011-10-03T00:24:37","date_gmt":"2011-10-02T22:24:37","guid":{"rendered":"http:\/\/www.jcbechet.com\/?page_id=1547"},"modified":"2011-10-30T18:51:29","modified_gmt":"2011-10-30T17:51:29","slug":"american-puzzle-kodak-city","status":"publish","type":"page","link":"https:\/\/www.jcbechet.com\/?page_id=1547","title":{"rendered":"American Puzzle : Kodak City"},"content":{"rendered":"<p>C\u2019est \u00e0 Rochester, petite ville de 210 000 habitants situ\u00e9e au nord-ouest de l\u2019\u00e9tat de New York, que George Eastman inventa \u00ab Kodak \u00bb en 1888. Aujourd&rsquo;hui les grains d\u2019argent ont \u00e9t\u00e9 balay\u00e9s par les pixels et Kodak City n\u2019existe plus. Pour les photographes, Kodak n\u2019est pas qu\u2019une marque. C\u2019est un symbole. Un mythe fondateur. Aujourd\u2019hui, la photo est aux mains des \u00e9lectroniciens. Et de l\u2019Asie\u2026 Alors je suis all\u00e9 en p\u00e8lerinage \u00e0 Kodak City. J\u2019ai vu les magasins ferm\u00e9s, les usines d\u00e9truites, les labos abandonn\u00e9s\u2026 Alors j&rsquo;ai voulu retrouver dans mes paysages urbains cette couleur \u00ab jaune et rouge \u00bb qui nous a tant marqu\u00e9e. N\u2019avons nous pas vu le monde en Kodachrome pendant des ann\u00e9es ?<script>\/* <![CDATA[ *\/ portfolio_slideshow.slideshows[790] = {\"timeout\":\"4200\",\"autoplay\":\"true\",\"trans\":\"fade\",\"loop\":\"true\",\"speed\":\"400\",\"nowrap\":\"true\"}; \/* ]]> *\/<\/script><div id=\"slideshow-wrapper790\" class=\"slideshow-wrapper clearfix portfolio-slideshow-centered\">\n<div id=\"slideshow-nav790\" class=\"slideshow-nav\">\n\t<a class=\"pause\" style=\"display:none\" href=\"javascript:void(0);\">Pause<\/a>\n\t<a class=\"play\" href=\"javascript:void(0);\">Play<\/a>\n\t<a class=\"restart\" style=\"display:none\" href=\"javascript: void(0);\">Play<\/a>\n\t<a class=\"slideshow-prev\" href=\"javascript: void(0);\">Prev<\/a>\n\t<span class=\"sep\">|<\/span>\n\t<a class=\"slideshow-next\" href=\"javascript: void(0);\">Next<\/a>\n\t<span class=\"slideshow-info790 slideshow-info\"><\/span>\n<\/div><!-- .slideshow-nav -->\n<div id=\"portfolio-slideshow790\" class=\"portfolio-slideshow\" style=\"\">\n\n\t\n\t\n\t\t\t\t\n\t\t\t\n\t\t<div class=\"slideshow-next slideshow-content \">\n\t\t<a class=\"slideshow-next\" href=\"javascript:void(0)\" ><img loading=\"lazy\" decoding=\"async\" class=\"psp-active\" data-img=\"https:\/\/www.jcbechet.com\/wp-content\/uploads\/2011\/10\/096.jpg\" src=\"https:\/\/www.jcbechet.com\/wp-content\/uploads\/2011\/10\/096.jpg\" height=\"600\" width=\"600\" alt=\"Slide 1\"><\/a>\t\t<\/div>\n\n\t\n\t\t\t\t\n\t\t\t\n\t\t<div class=\"slideshow-next slideshow-content not-first\">\n\t\t<a class=\"slideshow-next\" href=\"javascript:void(0)\" ><img loading=\"lazy\" decoding=\"async\" class=\"psp-active\" data-img=\"https:\/\/www.jcbechet.com\/wp-content\/uploads\/2011\/10\/104.jpg\" src=\"data:image\/gif;base64,R0lGODlhAQABAIAAAAAAAP\/\/\/yH5BAEAAAAALAAAAAABAAEAAAIBRAA7\" height=\"600\" width=\"939\" alt=\"Slide 2\"><\/a>\t\t<\/div>\n\n\t\n\t\t\t\t\n\t\t\t\n\t\t<div class=\"slideshow-next slideshow-content not-first\">\n\t\t<a class=\"slideshow-next\" href=\"javascript:void(0)\" ><img loading=\"lazy\" decoding=\"async\" class=\"psp-active\" data-img=\"https:\/\/www.jcbechet.com\/wp-content\/uploads\/2011\/10\/103.jpg\" src=\"data:image\/gif;base64,R0lGODlhAQABAIAAAAAAAP\/\/\/yH5BAEAAAAALAAAAAABAAEAAAIBRAA7\" height=\"600\" width=\"600\" alt=\"Slide 3\"><\/a>\t\t<\/div>\n\n\t\n\t\t\t\t\n\t\t\t\n\t\t<div class=\"slideshow-next slideshow-content not-first\">\n\t\t<a class=\"slideshow-next\" href=\"javascript:void(0)\" ><img loading=\"lazy\" decoding=\"async\" class=\"psp-active\" data-img=\"https:\/\/www.jcbechet.com\/wp-content\/uploads\/2011\/10\/102.jpg\" src=\"data:image\/gif;base64,R0lGODlhAQABAIAAAAAAAP\/\/\/yH5BAEAAAAALAAAAAABAAEAAAIBRAA7\" height=\"600\" width=\"600\" alt=\"Slide 4\"><\/a>\t\t<\/div>\n\n\t\n\t\t\t\t\n\t\t\t\n\t\t<div class=\"slideshow-next slideshow-content not-first\">\n\t\t<a class=\"slideshow-next\" href=\"javascript:void(0)\" ><img loading=\"lazy\" decoding=\"async\" class=\"psp-active\" data-img=\"https:\/\/www.jcbechet.com\/wp-content\/uploads\/2011\/10\/101.jpg\" src=\"data:image\/gif;base64,R0lGODlhAQABAIAAAAAAAP\/\/\/yH5BAEAAAAALAAAAAABAAEAAAIBRAA7\" height=\"600\" width=\"600\" alt=\"Slide 5\"><\/a>\t\t<\/div>\n\n\t\n\t\t\t\t\n\t\t\t\n\t\t<div class=\"slideshow-next slideshow-content not-first\">\n\t\t<a class=\"slideshow-next\" href=\"javascript:void(0)\" ><img loading=\"lazy\" decoding=\"async\" class=\"psp-active\" data-img=\"https:\/\/www.jcbechet.com\/wp-content\/uploads\/2011\/10\/100.jpg\" src=\"data:image\/gif;base64,R0lGODlhAQABAIAAAAAAAP\/\/\/yH5BAEAAAAALAAAAAABAAEAAAIBRAA7\" height=\"600\" width=\"600\" alt=\"Slide 6\"><\/a>\t\t<\/div>\n\n\t\n\t\t\t\t\n\t\t\t\n\t\t<div class=\"slideshow-next slideshow-content not-first\">\n\t\t<a class=\"slideshow-next\" href=\"javascript:void(0)\" ><img loading=\"lazy\" decoding=\"async\" class=\"psp-active\" data-img=\"https:\/\/www.jcbechet.com\/wp-content\/uploads\/2011\/10\/099.jpg\" src=\"data:image\/gif;base64,R0lGODlhAQABAIAAAAAAAP\/\/\/yH5BAEAAAAALAAAAAABAAEAAAIBRAA7\" height=\"600\" width=\"600\" alt=\"Slide 7\"><\/a>\t\t<\/div>\n\n\t\n\t\t\t\t\n\t\t\t\n\t\t<div class=\"slideshow-next slideshow-content not-first\">\n\t\t<a class=\"slideshow-next\" href=\"javascript:void(0)\" ><img loading=\"lazy\" decoding=\"async\" class=\"psp-active\" data-img=\"https:\/\/www.jcbechet.com\/wp-content\/uploads\/2011\/10\/098.jpg\" src=\"data:image\/gif;base64,R0lGODlhAQABAIAAAAAAAP\/\/\/yH5BAEAAAAALAAAAAABAAEAAAIBRAA7\" height=\"600\" width=\"600\" alt=\"Slide 8\"><\/a>\t\t<\/div>\n\n\t\n\t\t\t\t\n\t\t\t\n\t\t<div class=\"slideshow-next slideshow-content not-first\">\n\t\t<a class=\"slideshow-next\" href=\"javascript:void(0)\" ><img loading=\"lazy\" decoding=\"async\" class=\"psp-active\" data-img=\"https:\/\/www.jcbechet.com\/wp-content\/uploads\/2011\/10\/097.jpg\" src=\"data:image\/gif;base64,R0lGODlhAQABAIAAAAAAAP\/\/\/yH5BAEAAAAALAAAAAABAAEAAAIBRAA7\" height=\"600\" width=\"600\" alt=\"Slide 9\"><\/a>\t\t<\/div>\n\n\t\n\t\t\t\t\n\t\t\t\n\t\t<div class=\"slideshow-next slideshow-content not-first\">\n\t\t<a class=\"slideshow-next\" href=\"javascript:void(0)\" ><img loading=\"lazy\" decoding=\"async\" class=\"psp-active\" data-img=\"https:\/\/www.jcbechet.com\/wp-content\/uploads\/2011\/10\/087.jpg\" src=\"data:image\/gif;base64,R0lGODlhAQABAIAAAAAAAP\/\/\/yH5BAEAAAAALAAAAAABAAEAAAIBRAA7\" height=\"600\" width=\"600\" alt=\"Slide 10\"><\/a>\t\t<\/div>\n\n\t\n\t\t\t\t\n\t\t\t\n\t\t<div class=\"slideshow-next slideshow-content not-first\">\n\t\t<a class=\"slideshow-next\" href=\"javascript:void(0)\" ><img loading=\"lazy\" decoding=\"async\" class=\"psp-active\" data-img=\"https:\/\/www.jcbechet.com\/wp-content\/uploads\/2011\/10\/095.jpg\" src=\"data:image\/gif;base64,R0lGODlhAQABAIAAAAAAAP\/\/\/yH5BAEAAAAALAAAAAABAAEAAAIBRAA7\" height=\"600\" width=\"600\" alt=\"Slide 11\"><\/a>\t\t<\/div>\n\n\t\n\t\t\t\t\n\t\t\t\n\t\t<div class=\"slideshow-next slideshow-content not-first\">\n\t\t<a class=\"slideshow-next\" href=\"javascript:void(0)\" ><img loading=\"lazy\" decoding=\"async\" class=\"psp-active\" data-img=\"https:\/\/www.jcbechet.com\/wp-content\/uploads\/2011\/10\/094.jpg\" src=\"data:image\/gif;base64,R0lGODlhAQABAIAAAAAAAP\/\/\/yH5BAEAAAAALAAAAAABAAEAAAIBRAA7\" height=\"600\" width=\"600\" alt=\"Slide 12\"><\/a>\t\t<\/div>\n\n\t\n\t\t\t\t\n\t\t\t\n\t\t<div class=\"slideshow-next slideshow-content not-first\">\n\t\t<a class=\"slideshow-next\" href=\"javascript:void(0)\" ><img loading=\"lazy\" decoding=\"async\" class=\"psp-active\" data-img=\"https:\/\/www.jcbechet.com\/wp-content\/uploads\/2011\/10\/093.jpg\" src=\"data:image\/gif;base64,R0lGODlhAQABAIAAAAAAAP\/\/\/yH5BAEAAAAALAAAAAABAAEAAAIBRAA7\" height=\"600\" width=\"600\" alt=\"Slide 13\"><\/a>\t\t<\/div>\n\n\t\n\t\t\t\t\n\t\t\t\n\t\t<div class=\"slideshow-next slideshow-content not-first\">\n\t\t<a class=\"slideshow-next\" href=\"javascript:void(0)\" ><img loading=\"lazy\" decoding=\"async\" class=\"psp-active\" data-img=\"https:\/\/www.jcbechet.com\/wp-content\/uploads\/2011\/10\/0921.jpg\" src=\"data:image\/gif;base64,R0lGODlhAQABAIAAAAAAAP\/\/\/yH5BAEAAAAALAAAAAABAAEAAAIBRAA7\" height=\"600\" width=\"600\" alt=\"Slide 14\"><\/a>\t\t<\/div>\n\n\t\n\t\t\t\t\n\t\t\t\n\t\t<div class=\"slideshow-next slideshow-content not-first\">\n\t\t<a class=\"slideshow-next\" href=\"javascript:void(0)\" ><img loading=\"lazy\" decoding=\"async\" class=\"psp-active\" data-img=\"https:\/\/www.jcbechet.com\/wp-content\/uploads\/2011\/10\/0911.jpg\" src=\"data:image\/gif;base64,R0lGODlhAQABAIAAAAAAAP\/\/\/yH5BAEAAAAALAAAAAABAAEAAAIBRAA7\" height=\"600\" width=\"600\" alt=\"Slide 15\"><\/a>\t\t<\/div>\n\n\t\n\t\t\t\t\n\t\t\t\n\t\t<div class=\"slideshow-next slideshow-content not-first\">\n\t\t<a class=\"slideshow-next\" href=\"javascript:void(0)\" ><img loading=\"lazy\" decoding=\"async\" class=\"psp-active\" data-img=\"https:\/\/www.jcbechet.com\/wp-content\/uploads\/2011\/10\/090.jpg\" src=\"data:image\/gif;base64,R0lGODlhAQABAIAAAAAAAP\/\/\/yH5BAEAAAAALAAAAAABAAEAAAIBRAA7\" height=\"600\" width=\"600\" alt=\"Slide 16\"><\/a>\t\t<\/div>\n\n\t\n\t\t\t\t\n\t\t\t\n\t\t<div class=\"slideshow-next slideshow-content not-first\">\n\t\t<a class=\"slideshow-next\" href=\"javascript:void(0)\" ><img loading=\"lazy\" decoding=\"async\" class=\"psp-active\" data-img=\"https:\/\/www.jcbechet.com\/wp-content\/uploads\/2011\/10\/089.jpg\" src=\"data:image\/gif;base64,R0lGODlhAQABAIAAAAAAAP\/\/\/yH5BAEAAAAALAAAAAABAAEAAAIBRAA7\" height=\"600\" width=\"600\" alt=\"Slide 17\"><\/a>\t\t<\/div>\n\n\t\n\t\t\t\t\n\t\t\t\n\t\t<div class=\"slideshow-next slideshow-content not-first\">\n\t\t<a class=\"slideshow-next\" href=\"javascript:void(0)\" ><img loading=\"lazy\" decoding=\"async\" class=\"psp-active\" data-img=\"https:\/\/www.jcbechet.com\/wp-content\/uploads\/2011\/10\/088.jpg\" src=\"data:image\/gif;base64,R0lGODlhAQABAIAAAAAAAP\/\/\/yH5BAEAAAAALAAAAAABAAEAAAIBRAA7\" height=\"600\" width=\"600\" alt=\"Slide 18\"><\/a>\t\t<\/div>\n\n\t<\/div>\n<div class=\"slideshow-meta\">\n\n\t\n\t\t\t<p class=\"slideshow-caption\">\n\t\t\t\t\t<\/p>\n\t\n\t\n\n\t\n\t\t\t<p class=\"slideshow-caption\">\n\t\t\t\t\t<\/p>\n\t\n\t\n\n\t\n\t\t\t<p class=\"slideshow-caption\">\n\t\t\t\t\t<\/p>\n\t\n\t\n\n\t\n\t\t\t<p class=\"slideshow-caption\">\n\t\t\t\t\t<\/p>\n\t\n\t\n\n\t\n\t\t\t<p class=\"slideshow-caption\">\n\t\t\t\t\t<\/p>\n\t\n\t\n\n\t\n\t\t\t<p class=\"slideshow-caption\">\n\t\t\t\t\t<\/p>\n\t\n\t\n\n\t\n\t\t\t<p class=\"slideshow-caption\">\n\t\t\t\t\t<\/p>\n\t\n\t\n\n\t\n\t\t\t<p class=\"slideshow-caption\">\n\t\t\t\t\t<\/p>\n\t\n\t\n\n\t\n\t\t\t<p class=\"slideshow-caption\">\n\t\t\t\t\t<\/p>\n\t\n\t\n\n\t\n\t\t\t<p class=\"slideshow-caption\">\n\t\t\t\t\t<\/p>\n\t\n\t\n\n\t\n\t\t\t<p class=\"slideshow-caption\">\n\t\t\t\t\t<\/p>\n\t\n\t\n\n\t\n\t\t\t<p class=\"slideshow-caption\">\n\t\t\t\t\t<\/p>\n\t\n\t\n\n\t\n\t\t\t<p class=\"slideshow-caption\">\n\t\t\t\t\t<\/p>\n\t\n\t\n\n\t\n\t\t\t<p class=\"slideshow-caption\">\n\t\t\t\t\t<\/p>\n\t\n\t\n\n\t\n\t\t\t<p class=\"slideshow-caption\">\n\t\t\t\t\t<\/p>\n\t\n\t\n\n\t\n\t\t\t<p class=\"slideshow-caption\">\n\t\t\t\t\t<\/p>\n\t\n\t\n\n\t\n\t\t\t<p class=\"slideshow-caption\">\n\t\t\t\t\t<\/p>\n\t\n\t\n\n\t\n\t\t\t<p class=\"slideshow-caption\">\n\t\t\t\t\t<\/p>\n\t\n\t\n<\/div><\/div><!--#slideshow-wrapper--><\/p>\n","protected":false},"excerpt":{"rendered":"<p>C\u2019est \u00e0 Rochester, petite ville de 210 000 habitants situ\u00e9e au nord-ouest de l\u2019\u00e9tat de New York, que George Eastman inventa \u00ab Kodak \u00bb en 1888. Aujourd&rsquo;hui les grains d\u2019argent ont \u00e9t\u00e9 balay\u00e9s par&#46;&#46;&#46;<\/p>\n","protected":false},"author":1,"featured_media":0,"parent":0,"menu_order":0,"comment_status":"closed","ping_status":"closed","template":"","meta":{"footnotes":""},"class_list":["post-1547","page","type-page","status-publish","hentry"],"_links":{"self":[{"href":"https:\/\/www.jcbechet.com\/index.php?rest_route=\/wp\/v2\/pages\/1547"}],"collection":[{"href":"https:\/\/www.jcbechet.com\/index.php?rest_route=\/wp\/v2\/pages"}],"about":[{"href":"https:\/\/www.jcbechet.com\/index.php?rest_route=\/wp\/v2\/types\/page"}],"author":[{"embeddable":true,"href":"https:\/\/www.jcbechet.com\/index.php?rest_route=\/wp\/v2\/users\/1"}],"replies":[{"embeddable":true,"href":"https:\/\/www.jcbechet.com\/index.php?rest_route=%2Fwp%2Fv2%2Fcomments&post=1547"}],"version-history":[{"count":0,"href":"https:\/\/www.jcbechet.com\/index.php?rest_route=\/wp\/v2\/pages\/1547\/revisions"}],"wp:attachment":[{"href":"https:\/\/www.jcbechet.com\/index.php?rest_route=%2Fwp%2Fv2%2Fmedia&parent=1547"}],"curies":[{"name":"wp","href":"https:\/\/api.w.org\/{rel}","templated":true}]}}