{"id":1544,"date":"2011-10-03T00:24:13","date_gmt":"2011-10-02T22:24:13","guid":{"rendered":"http:\/\/www.jcbechet.com\/?page_id=1544"},"modified":"2011-10-31T10:15:53","modified_gmt":"2011-10-31T09:15:53","slug":"american-puzzle-orlando-6-a-m","status":"publish","type":"page","link":"https:\/\/www.jcbechet.com\/?page_id=1544","title":{"rendered":"American Puzzle : Orlando 6 a.m"},"content":{"rendered":"<p>Orlando, Floride. Avec le d\u00e9calage horaire, je suis r\u00e9veill\u00e9 t\u00f4t. Je sors de l\u2019h\u00f4tel. Je loge sur International Drive. Il est 6h du matin. Tout semble aseptis\u00e9, noy\u00e9 dans le brouillard matinal. Mais la vie sociale se met en place \u00a0: une femme de m\u00e9nage commence sa journ\u00e9e \u00e0 l\u2019h\u00f4tel. Un jardinier, noir lui aussi, coupe les mauvaises herbes. Un troisi\u00e8me \u00ab\u00a0afro am\u00e9ricain\u00a0\u00bb attend un bus pour aller travailler. A c\u00f4t\u00e9 passe une femme. Elle court, elle fait son jogging. Une autre surfe sur Internet. Elles sont toutes deux \u00ab\u00a0blanches\u00a0\u00bb. Tout comme le golfeur qui quitte l\u2019h\u00f4tel au volant de son 4&#215;4.  Comment photographier des moments s\u00e9par\u00e9s, des trajectoires parall\u00e8les\u00a0? Je suis all\u00e9 quatre ann\u00e9es de suite \u00e0 Orlando. Toujours sur International Drive. Et chaque fois, j\u2019ai photographi\u00e9 pendant une heure, de 6 a.m \u00e0 7 a.m.  <script>\/* <![CDATA[ *\/ portfolio_slideshow.slideshows[127] = {\"timeout\":\"4200\",\"autoplay\":\"true\",\"trans\":\"fade\",\"loop\":\"true\",\"speed\":\"400\",\"nowrap\":\"true\"}; \/* ]]> *\/<\/script><div id=\"slideshow-wrapper127\" class=\"slideshow-wrapper clearfix portfolio-slideshow-centered\">\n<div id=\"slideshow-nav127\" class=\"slideshow-nav\">\n\t<a class=\"pause\" style=\"display:none\" href=\"javascript:void(0);\">Pause<\/a>\n\t<a class=\"play\" href=\"javascript:void(0);\">Play<\/a>\n\t<a class=\"restart\" style=\"display:none\" href=\"javascript: void(0);\">Play<\/a>\n\t<a class=\"slideshow-prev\" href=\"javascript: void(0);\">Prev<\/a>\n\t<span class=\"sep\">|<\/span>\n\t<a class=\"slideshow-next\" href=\"javascript: void(0);\">Next<\/a>\n\t<span class=\"slideshow-info127 slideshow-info\"><\/span>\n<\/div><!-- .slideshow-nav -->\n<div id=\"portfolio-slideshow127\" class=\"portfolio-slideshow\" style=\"\">\n\n\t\n\t\n\t\t\t\t\n\t\t\t\n\t\t<div class=\"slideshow-next slideshow-content \">\n\t\t<a class=\"slideshow-next\" href=\"javascript:void(0)\" ><img loading=\"lazy\" decoding=\"async\" class=\"psp-active\" data-img=\"https:\/\/www.jcbechet.com\/wp-content\/uploads\/2011\/10\/079.jpg\" src=\"https:\/\/www.jcbechet.com\/wp-content\/uploads\/2011\/10\/079.jpg\" height=\"500\" width=\"1000\" alt=\"Slide 1\"><\/a>\t\t<\/div>\n\n\t\n\t\t\t\t\n\t\t\t\n\t\t<div class=\"slideshow-next slideshow-content not-first\">\n\t\t<a class=\"slideshow-next\" href=\"javascript:void(0)\" ><img loading=\"lazy\" decoding=\"async\" class=\"psp-active\" data-img=\"https:\/\/www.jcbechet.com\/wp-content\/uploads\/2011\/10\/0811.jpg\" src=\"data:image\/gif;base64,R0lGODlhAQABAIAAAAAAAP\/\/\/yH5BAEAAAAALAAAAAABAAEAAAIBRAA7\" height=\"500\" width=\"1000\" alt=\"Slide 2\"><\/a>\t\t<\/div>\n\n\t\n\t\t\t\t\n\t\t\t\n\t\t<div class=\"slideshow-next slideshow-content not-first\">\n\t\t<a class=\"slideshow-next\" href=\"javascript:void(0)\" ><img loading=\"lazy\" decoding=\"async\" class=\"psp-active\" data-img=\"https:\/\/www.jcbechet.com\/wp-content\/uploads\/2011\/10\/083.jpg\" src=\"data:image\/gif;base64,R0lGODlhAQABAIAAAAAAAP\/\/\/yH5BAEAAAAALAAAAAABAAEAAAIBRAA7\" height=\"500\" width=\"1000\" alt=\"Slide 3\"><\/a>\t\t<\/div>\n\n\t\n\t\t\t\t\n\t\t\t\n\t\t<div class=\"slideshow-next slideshow-content not-first\">\n\t\t<a class=\"slideshow-next\" href=\"javascript:void(0)\" ><img loading=\"lazy\" decoding=\"async\" class=\"psp-active\" data-img=\"https:\/\/www.jcbechet.com\/wp-content\/uploads\/2011\/10\/084.jpg\" src=\"data:image\/gif;base64,R0lGODlhAQABAIAAAAAAAP\/\/\/yH5BAEAAAAALAAAAAABAAEAAAIBRAA7\" height=\"500\" width=\"1000\" alt=\"Slide 4\"><\/a>\t\t<\/div>\n\n\t\n\t\t\t\t\n\t\t\t\n\t\t<div class=\"slideshow-next slideshow-content not-first\">\n\t\t<a class=\"slideshow-next\" href=\"javascript:void(0)\" ><img loading=\"lazy\" decoding=\"async\" class=\"psp-active\" data-img=\"https:\/\/www.jcbechet.com\/wp-content\/uploads\/2011\/10\/086.jpg\" src=\"data:image\/gif;base64,R0lGODlhAQABAIAAAAAAAP\/\/\/yH5BAEAAAAALAAAAAABAAEAAAIBRAA7\" height=\"500\" width=\"1000\" alt=\"Slide 5\"><\/a>\t\t<\/div>\n\n\t\n\t\t\t\t\n\t\t\t\n\t\t<div class=\"slideshow-next slideshow-content not-first\">\n\t\t<a class=\"slideshow-next\" href=\"javascript:void(0)\" ><img loading=\"lazy\" decoding=\"async\" class=\"psp-active\" data-img=\"https:\/\/www.jcbechet.com\/wp-content\/uploads\/2011\/10\/075.jpg\" src=\"data:image\/gif;base64,R0lGODlhAQABAIAAAAAAAP\/\/\/yH5BAEAAAAALAAAAAABAAEAAAIBRAA7\" height=\"500\" width=\"1000\" alt=\"Slide 6\"><\/a>\t\t<\/div>\n\n\t\n\t\t\t\t\n\t\t\t\n\t\t<div class=\"slideshow-next slideshow-content not-first\">\n\t\t<a class=\"slideshow-next\" href=\"javascript:void(0)\" ><img loading=\"lazy\" decoding=\"async\" class=\"psp-active\" data-img=\"https:\/\/www.jcbechet.com\/wp-content\/uploads\/2011\/10\/077.jpg\" src=\"data:image\/gif;base64,R0lGODlhAQABAIAAAAAAAP\/\/\/yH5BAEAAAAALAAAAAABAAEAAAIBRAA7\" height=\"500\" width=\"1000\" alt=\"Slide 7\"><\/a>\t\t<\/div>\n\n\t<\/div>\n<div class=\"slideshow-meta\">\n\n\t\n\t\t\t<p class=\"slideshow-caption\">\n\t\t\t\t\t<\/p>\n\t\n\t\n\n\t\n\t\t\t<p class=\"slideshow-caption\">\n\t\t\t\t\t<\/p>\n\t\n\t\n\n\t\n\t\t\t<p class=\"slideshow-caption\">\n\t\t\t\t\t<\/p>\n\t\n\t\n\n\t\n\t\t\t<p class=\"slideshow-caption\">\n\t\t\t\t\t<\/p>\n\t\n\t\n\n\t\n\t\t\t<p class=\"slideshow-caption\">\n\t\t\t\t\t<\/p>\n\t\n\t\n\n\t\n\t\t\t<p class=\"slideshow-caption\">\n\t\t\t\t\t<\/p>\n\t\n\t\n\n\t\n\t\t\t<p class=\"slideshow-caption\">\n\t\t\t\t\t<\/p>\n\t\n\t\n<\/div><\/div><!--#slideshow-wrapper--><\/p>\n","protected":false},"excerpt":{"rendered":"<p>Orlando, Floride. Avec le d\u00e9calage horaire, je suis r\u00e9veill\u00e9 t\u00f4t. Je sors de l\u2019h\u00f4tel. Je loge sur International Drive. Il est 6h du matin. Tout semble aseptis\u00e9, noy\u00e9 dans le brouillard matinal. Mais la&#46;&#46;&#46;<\/p>\n","protected":false},"author":1,"featured_media":0,"parent":0,"menu_order":0,"comment_status":"closed","ping_status":"closed","template":"","meta":{"footnotes":""},"class_list":["post-1544","page","type-page","status-publish","hentry"],"_links":{"self":[{"href":"https:\/\/www.jcbechet.com\/index.php?rest_route=\/wp\/v2\/pages\/1544"}],"collection":[{"href":"https:\/\/www.jcbechet.com\/index.php?rest_route=\/wp\/v2\/pages"}],"about":[{"href":"https:\/\/www.jcbechet.com\/index.php?rest_route=\/wp\/v2\/types\/page"}],"author":[{"embeddable":true,"href":"https:\/\/www.jcbechet.com\/index.php?rest_route=\/wp\/v2\/users\/1"}],"replies":[{"embeddable":true,"href":"https:\/\/www.jcbechet.com\/index.php?rest_route=%2Fwp%2Fv2%2Fcomments&post=1544"}],"version-history":[{"count":0,"href":"https:\/\/www.jcbechet.com\/index.php?rest_route=\/wp\/v2\/pages\/1544\/revisions"}],"wp:attachment":[{"href":"https:\/\/www.jcbechet.com\/index.php?rest_route=%2Fwp%2Fv2%2Fmedia&parent=1544"}],"curies":[{"name":"wp","href":"https:\/\/api.w.org\/{rel}","templated":true}]}}