{"id":1469,"date":"2011-10-02T23:42:41","date_gmt":"2011-10-02T21:42:41","guid":{"rendered":"http:\/\/www.jcbechet.com\/?page_id=1469"},"modified":"2021-11-23T01:02:19","modified_gmt":"2021-11-23T00:02:19","slug":"american-puzzle-2011","status":"publish","type":"page","link":"https:\/\/www.jcbechet.com\/?page_id=1469","title":{"rendered":"American Puzzle (2011)"},"content":{"rendered":"<p><a href=\"http:\/\/www.jcbechet.com\/wp-content\/uploads\/2011\/10\/site-us-puzzle.jpg\"><img loading=\"lazy\" decoding=\"async\" class=\"aligncenter size-full wp-image-1470\" title=\"site us puzzle\" alt=\"\" src=\"http:\/\/www.jcbechet.com\/wp-content\/uploads\/2011\/10\/site-us-puzzle.jpg\" width=\"950\" height=\"403\" srcset=\"https:\/\/www.jcbechet.com\/wp-content\/uploads\/2011\/10\/site-us-puzzle.jpg 950w, https:\/\/www.jcbechet.com\/wp-content\/uploads\/2011\/10\/site-us-puzzle-300x127.jpg 300w, https:\/\/www.jcbechet.com\/wp-content\/uploads\/2011\/10\/site-us-puzzle-2x1.jpg 2w, https:\/\/www.jcbechet.com\/wp-content\/uploads\/2011\/10\/site-us-puzzle-940x398.jpg 940w\" sizes=\"(max-width: 950px) 100vw, 950px\" \/><\/a><\/p>\n<p><strong>\u00ab AMERICAN PUZZLE \u00bb\u00a0aux \u00e9ditions Trans Photographic Press<br \/>\nFormat 24 x 28 cm, , 248 pages, , 175 photographies<br \/>\nImpression quadri et bichromie , ISBN 978-2-913176-898<br \/>\n\u00c9dition normale \u00e9puis\u00e9e<br \/>\nDerniers exemplaires avec tirage de collection (sign\u00e9 et num\u00e9rot\u00e9) \u00e0 350 Euros.<br \/>\n<\/strong><\/p>\n<p style=\"text-align: center;\"><em>\u00ab\u00a0La m\u00e9moire croit avant que la connaissance ne se rappelle.\u00a0Croit plus longtemps qu\u2019elle ne se souvient, plus longtemps que la connaissance ne s\u2019interroge.\u00a0\u00bb<\/em><\/p>\n<p style=\"text-align: center;\"><strong>William Faulkner, Lumi\u00e8re d\u2019ao\u00fbt.<\/strong><\/p>\n<p><strong>1988<\/strong> : Fin de mes \u00e9tudes de photographie. Je ne suis alors jamais all\u00e9 aux Etats-Unis, mais je con\u00e7ois un livre intitul\u00e9 \u00ab Le voyage am\u00e9ricain \u00bb dans lequel je rassemble, r\u00e9gion par r\u00e9gion, les photos prises aux USA qui ont fa\u00e7onn\u00e9 mon regard. Mon regard sur ce pays, mon regard sur la photographie elle-m\u00eame. A travers Evans, Arbus, Frank, Friedlander, Avedon, Callahan, Baltz, Eggleston, De Carava\u2026 et Plossu et Depardon\u2026<\/p>\n<p><strong>2011<\/strong>, J\u2019ai compt\u00e9 : je suis all\u00e9 17 fois aux USA. \u00ab Seventeen trips \u00bb. Mes r\u00e9f\u00e9rents \u00ab culturels \u00bb et \u00bbpolitiques \u00bb ont \u00e9volu\u00e9. D\u2019autres images sont venus se superposer \u00e0 celles qui remplissaient mon imaginaire. Mais tous s\u2019est pass\u00e9 comme je le pressentais. Que reste-t- il \u00e0 photographier aux USA ? Rien ? Ce n\u2019\u00e9tait pas possible\u2026 J\u2019ai failli ranger mes bo\u00eetiers. Et puis, un soir, j\u2019ai \u00e9cout\u00e9 au piano une \u00e9ni\u00e8me version des \u00ab Variations Goldberg \u00bb de Jean Sebastien Bach interpr\u00e9t\u00e9s par un jeune pianiste talentueux. Apr\u00e8s tant d\u2019autres, et certains \u00ab monstres sacr\u00e9s \u00bb, il osait affronter cette partition\u2026 Le parall\u00e8le s\u2019imposait : et si le territoire am\u00e9ricain \u00e9tait justement nos \u00ab Variations Goldberg \u00bb \u00e0 nous les photographes du r\u00e9el, de la soci\u00e9t\u00e9 et de la politique ? Et si justement il fallait un jour en passer par l\u00e0 ? Comme une n\u00e9cessit\u00e9 d\u2019aller se frotter \u00e0 ce \u00ab r\u00e9el imaginaire \u00bb. Pour ensuite aller sinon plus loin, du moins ailleurs. Et \u00eatre plus libre peut \u00eatre\u2026<\/p>\n<p>Deux ou trois escales en Asie durant ces derni\u00e8res ann\u00e9es et quelques lectures m\u2019ont confirm\u00e9 ce sentiment : le \u00ab nouveau monde \u00bb n\u2019est plus l\u2019Am\u00e9rique. Pourtant ce pays-continent reste fascinant, inqui\u00e9tant et d\u00e9concertant pour un europ\u00e9en. Comment appr\u00e9hender cette extraordinaire homog\u00e9n\u00e9it\u00e9 dans un peuple fait de mille origines ? Comment comprendre cette adh\u00e9sion aux m\u00eames valeurs et aux m\u00eames signes : le capitalisme, le dollar, le drapeau, les panneaux de basket, Jesus, le culte de la voiture\u2026 Oui, l\u2019American Way of Life change, s\u2019adapte mais existe toujours. Je suis all\u00e9 de Seattle \u00e0 Miami, de Los Angeles aux Chutes du Niagara. Aux quatre coins du pays, on m\u2019a propos\u00e9 exactement le m\u00eame petit d\u00e9jeuner ! En Europe, en France, chaque r\u00e9gion a ses habitudes culinaires. Pas aux USA : le pays de l\u2019individualisme est aussi celui de l\u2019uniformit\u00e9; alors ce livre a failli s\u2019appeler \u00ab Breakfast in America \u00bb \u2026<\/p>\n<p>Mais le \u00ab puzzle \u00bb a repris le dessus. Chaque pi\u00e8ce est diff\u00e9rente mais elle s\u2019ins\u00e8re dans un grand ensemble, extr\u00eamement coh\u00e9rent. Ce fut le d\u00e9fi de la maquette. Pi\u00e8ce par pi\u00e8ce, je voulais faire cohabiter le n&amp;b et la couleur, le western et le jazz, Faulkner et Kodak. La ville et la campagne. En cours de route, j\u2019ai d\u00e9cid\u00e9 que New York n\u2019y trouvait plus sa place, j\u2019en ai enlev\u00e9 les images. Et j\u2019ai repris ma route \u00ab balis\u00e9e \u00bb. Mon parcours. Entre r\u00e9alit\u00e9 et photographie. Et j\u2019ai (re)trouv\u00e9 mon Am\u00e9rique ; celle que je hais, celle que j\u2019aime. Celle qui oublie si vite son histoire si courte, celle qui impose sa m\u00e9moire visuelle \u00e0 tout photographe qui s\u2019y rend.<\/p>\n<p>Je n\u2019avais pas le choix, j\u2019ai assum\u00e9 mes influences. J\u2019ai rencontr\u00e9 \u00ab par hasard \u00bb le tricycle d\u2019Eggleston, les femmes de Winogrand, les drapeaux de Frank, les coins de rues de Stephen Shore, les carrefours de Friedlander, les fa\u00e7ades d\u2019Evans\u2026 Autant d\u2019hasards objectifs que j\u2019ai pris plaisir \u00e0 r\u00e9interpr\u00e9ter. Le th\u00e8me est l\u00e0. Restait \u00e0 faire varier la tonalit\u00e9 et le tempo \u2026 <strong>JCB<\/strong><\/p>\n<p style=\"text-align: right;\"><em>PS : ce livre-puzzle est construit en deux mouvements ( \u00ab Le Hameau \u00bb et \u00bb la Ville \u00ab , en hommage \u00e0 la trilogie de Faulkner sur la famille Snopes) et en deux temps (Orlando 6A.M et Kodak City 2005). Un prologue et un post-scriptum ouvrent et ferment ce puzzle de 175 photos couleur et n&amp;b (174 photos argentiques, et une num\u00e9rique, la derni\u00e8re\u2026)<\/em><\/p>\n","protected":false},"excerpt":{"rendered":"<p>\u00ab AMERICAN PUZZLE \u00bb\u00a0aux \u00e9ditions Trans Photographic Press Format 24 x 28 cm, , 248 pages, , 175 photographies Impression quadri et bichromie , ISBN 978-2-913176-898 \u00c9dition normale \u00e9puis\u00e9e Derniers exemplaires avec tirage de&#46;&#46;&#46;<\/p>\n","protected":false},"author":1,"featured_media":0,"parent":0,"menu_order":0,"comment_status":"closed","ping_status":"closed","template":"","meta":{"footnotes":""},"class_list":["post-1469","page","type-page","status-publish","hentry"],"_links":{"self":[{"href":"https:\/\/www.jcbechet.com\/index.php?rest_route=\/wp\/v2\/pages\/1469"}],"collection":[{"href":"https:\/\/www.jcbechet.com\/index.php?rest_route=\/wp\/v2\/pages"}],"about":[{"href":"https:\/\/www.jcbechet.com\/index.php?rest_route=\/wp\/v2\/types\/page"}],"author":[{"embeddable":true,"href":"https:\/\/www.jcbechet.com\/index.php?rest_route=\/wp\/v2\/users\/1"}],"replies":[{"embeddable":true,"href":"https:\/\/www.jcbechet.com\/index.php?rest_route=%2Fwp%2Fv2%2Fcomments&post=1469"}],"version-history":[{"count":0,"href":"https:\/\/www.jcbechet.com\/index.php?rest_route=\/wp\/v2\/pages\/1469\/revisions"}],"wp:attachment":[{"href":"https:\/\/www.jcbechet.com\/index.php?rest_route=%2Fwp%2Fv2%2Fmedia&parent=1469"}],"curies":[{"name":"wp","href":"https:\/\/api.w.org\/{rel}","templated":true}]}}