{"id":1131,"date":"2011-06-04T23:52:27","date_gmt":"2011-06-04T21:52:27","guid":{"rendered":"http:\/\/www.jcbechet.com\/?page_id=1131"},"modified":"2024-09-19T19:26:50","modified_gmt":"2024-09-19T17:26:50","slug":"tirages","status":"publish","type":"page","link":"https:\/\/www.jcbechet.com\/?page_id=1131","title":{"rendered":"Tirages (format &#038; \u00e9dition)"},"content":{"rendered":"<h1 style=\"text-align: left;\"><span style=\"font-size: 20px;\"><em><span style=\"text-decoration: underline;\"><a href=\"http:\/\/www.jcbechet.com\/wp-content\/uploads\/2011\/06\/Annonce-photos-9502.jpg\"><img loading=\"lazy\" decoding=\"async\" class=\"aligncenter size-full wp-image-2033\" title=\"Annonce photos 950\" src=\"http:\/\/www.jcbechet.com\/wp-content\/uploads\/2011\/06\/Annonce-photos-9502.jpg\" alt=\"\" width=\"950\" height=\"430\" srcset=\"https:\/\/www.jcbechet.com\/wp-content\/uploads\/2011\/06\/Annonce-photos-9502.jpg 950w, https:\/\/www.jcbechet.com\/wp-content\/uploads\/2011\/06\/Annonce-photos-9502-300x135.jpg 300w, https:\/\/www.jcbechet.com\/wp-content\/uploads\/2011\/06\/Annonce-photos-9502-2x1.jpg 2w, https:\/\/www.jcbechet.com\/wp-content\/uploads\/2011\/06\/Annonce-photos-9502-940x425.jpg 940w\" sizes=\"(max-width: 950px) 100vw, 950px\" \/><\/a><\/span><\/em><\/span><\/h1>\n<p style=\"text-align: center;\"><em>Tarifs et disponibilit\u00e9 : jcbechet@gmail.com<\/em><\/p>\n<p><b><span style=\"color: #ff0000;\">AFRICAN MEMORIES<\/span><br \/>\n<\/b>&#8211; Tirage argentique baryt\u00e9 vintage 24&#215;30 cm<br \/>\n&#8211; Tirage argentique baryt\u00e9 vintage 30&#215;40 cm<br \/>\n&#8211; Tirage jet d\u2019encre pigmentaire 30X40 cm (\u00e9dition de 7)<br \/>\n&#8211; Tirage jet d\u2019encre pigmentaire 40&#215;60 cm (\u00e9dition de 5)<\/p>\n<p><b><span style=\"color: #ff0000;\">SAUVAGE MATERIALIT\u00c9<\/span><br \/>\n<\/b>&#8211; Tirage argentique (\u00e9preuve unique)<br \/>\n&#8211; Tirage jet d\u2019encre pigmentaire 30X40 cm (\u00e9dition de 7)<br \/>\n&#8211; Tirage jet d\u2019encre pigmentaire 42&#215;59 cm (\u00e9dition de 5)<\/p>\n<p><b><span style=\"color: #ff0000;\">DEAUVILLE, UNE FICTION DU R\u00c9EL<\/span><br \/>\n<\/b>&#8211; Tirage jet d\u2019encre pigmentaire 30X40 cm (\u00e9dition de 7)<br \/>\n&#8211; Tirage jet d\u2019encre pigmentaire 42&#215;59 cm (\u00e9dition de 5)<br \/>\n&#8211; Tirage argentique 70&#215;100 cm (\u00e9dition de 3)<\/p>\n<p><b><span style=\"text-decoration: underline;\"><span style=\"color: #ff0000; text-decoration: underline;\">MACADAM COLOR (STREET PHOTO)<\/span><\/span> <span style=\"color: #ff0000;\">format 24&#215;36<\/span><br \/>\n<\/b>&#8211; Tirage jet d\u2019encre pigmentaire 26&#215;39 cm (\u00e9dition de 7)<br \/>\n&#8211; Tirage jet d\u2019encre pigmentaire 42&#215;59 cm (\u00e9dition de 5)<br \/>\n&#8211; Tirage argentique 70&#215;100 cm (\u00e9dition de 3)<\/p>\n<p><b><span style=\"color: #ff0000;\">MACADAM COLOR (STREET PHOTO) format 6&#215;6<\/span><br \/>\n<\/b>&#8211; Tirage jet d\u2019encre pigmentaire 36&#215;36 cm (\u00e9dition de 7)<br \/>\n&#8211; Tirage jet d\u2019encre pigmentaire 58&#215;58 cm (\u00e9dition de 5)<br \/>\n&#8211; Tirage argentique 80&#215;80 cm (\u00e9dition de 3)<\/p>\n<p><b><span style=\"color: #ff0000;\">HABANA SONG<\/span><br \/>\n<\/b>&#8211; Tirage jet d\u2019encre pigmentaire 30&#215;45 cm (\u00e9dition de 7)<br \/>\n&#8211; Tirage jet d\u2019encre pigmentaire 40&#215;60 cm (\u00e9dition de 5)<br \/>\n&#8211; Tirage argentique 60&#215;90 cm (\u00e9dition de 3)<\/p>\n<p><span style=\"color: #ff0000;\"><b><span style=\"text-decoration: underline;\">EUROPEAN PUZZLE<\/span><\/b><\/span><br \/>\n<strong>Photos couleur :<\/strong><br \/>\n&#8211; Tirage jet d\u2019encre pigmentaire 30&#215;40 \/ 40 x50 (\u00e9dition de 7)<br \/>\n&#8211; Tirage argentique 40&#215;50 cm (\u00e9ditions de 5)<br \/>\n&#8211; Tirage contrecoll\u00e9 60 x70 \/ 60&#215;90 cm (\u00e9dition de 3)<br \/>\n<strong>Photos n&amp;b :<br \/>\n<\/strong>&#8211; Tirage baryt\u00e9 argentique d\u2019\u00e9poque (vintage), 24\u00d730 cm \/ 30 x40 cm \u00a0<b><br \/>\n<\/b>&#8211; Tirage jet d\u2019encre pigmentaire 30&#215;40 \/ 40 x50 (\u00e9dition de 7)<br \/>\n&#8211; Tirage argentiques 40&#215;50 cm (\u00e9ditions de 5)<br \/>\n&#8211; Tirage contrecoll\u00e9 60 x70 \/ 60&#215;90 cm (\u00e9dition de 3)<\/p>\n<p><em><strong>\u00c9dition de Portfolios :<\/strong> format 30x45cm , choix de 3, 7 ou 10 photos du livre.<\/em><br \/>\n<em> Tirages jet d\u2019encre pigmentaire sur papier baryt\u00e9 (tirages r\u00e9alis\u00e9s par l\u2019auteur)<\/em><br \/>\n<em> \u00c9dition de 30<\/em><\/p>\n<p><span style=\"color: #ff0000;\"><b><span style=\"text-decoration: underline;\">AMERICAN PUZZLE\u00a0 &amp;\u00a0 AMERICAN TRILOGY<\/span><\/b><b><br \/>\n<\/b><strong><span style=\"color: #000000;\">Photos couleur :<\/span><br \/>\n<\/strong><\/span>&#8211; Tirage jet d\u2019encre pigmentaire 30&#215;40 \/ 40 x50 (\u00e9dition de 7)<br \/>\n&#8211; Tirage Ilfochrome-Cibachrome 40\u00d750 cm (tirage manuel par Roland Dufau, \u00e9dition de 5)<br \/>\n&#8211; Tirage argentique 80\u00d780 cm, \u00a0(proc\u00e9d\u00e9 Lambda, tirage contrecoll\u00e9, \u00e9dition de 3)<br \/>\n<strong>Photos n&amp;b :<br \/>\n<\/strong>&#8211; Tirage jet d\u2019encre pigmentaire 30&#215;40 \/ 40 x50 (\u00e9dition de 7)<br \/>\n&#8211; Tirage baryt\u00e9s argentiques 40&#215;50 cm \u00a0(tirage manuel, \u00e9dition de 5)<br \/>\n&#8211; Tirage 60&#215;90 cm, (baryt\u00e9 Lambda, tirage contrecoll\u00e9, \u00e9dition de 3)<\/p>\n<p><em><strong>\u00c9dition de Portfolios<\/strong> : format 30x45cm , choix de 3, 7 ou 10 photos du livre.<\/em><br \/>\n<em> Tirages jet d\u2019encre pigmentaire sur papier baryt\u00e9 (tirages r\u00e9alis\u00e9s par l\u2019auteur)<\/em><br \/>\n<em> \u00c9dition de 30<\/em><\/p>\n<p><span style=\"color: #ff0000;\"><b><span style=\"text-decoration: underline;\">FRENCHTOWN<\/span><\/b><\/span><br \/>\n&#8211; Format 70 x100 cm environ (limit\u00e9 \u00e0 3 exemplaires)<br \/>\n&#8211; Format 40 x 53 cm environ (limit\u00e9 \u00e0 5 exemplaires)<br \/>\n&#8211; Format 30 x40 cm environ (limit\u00e9 \u00e0 7 exemplaires)<\/p>\n<p><span style=\"text-decoration: underline; color: #ff0000;\"><b>ACCIDENTS &amp; VUES N\u00b00<\/b><\/span><br \/>\nChaque tirage a un format sp\u00e9cifique.<br \/>\n&#8211; Format 40\u00d760 cm environ (limit\u00e9 \u00e0 7 exemplaires)<br \/>\n&#8211; Format 60\u00d780 cm environ (limit\u00e9 \u00e0 5 exemplaires)<br \/>\n&#8211; Format 80\u00d7100 cm environ (limit\u00e9 \u00e0 3 exemplaires)<br \/>\nQuelques rares Cibachrome 50\u00d760 cm sont aussi disponibles<\/p>\n<p><span style=\"color: #ff0000;\"><b><span style=\"text-decoration: underline;\">MARSEILLE, VILLE NATALE<\/span><\/b><\/span><br \/>\n<strong>Photos n&amp;b :<\/strong><br \/>\n&#8211; Tirage baryt\u00e9 argentique 24&#215;30 cm \u00a0(tirage manuel, \u00e9dition de 7)<br \/>\n&#8211; Tirage 40\u00d760 cm (tirage manuel, \u00e9dition de 5)<br \/>\n&#8211; Tirage 60&#215;90 cm (baryt\u00e9 Lambda, tirage contrecoll\u00e9, \u00e9dition de 3)<b><br \/>\n<\/b><strong>Photos couleur :<\/strong><br \/>\n&#8211; Tirage jet d\u2019encre pigmentaire 30&#215;40 cm \/ 40&#215;50 cm (\u00e9dition de 7)<br \/>\n&#8211; Tirage 60 x70 cm (\u00e9ditions de 5)<br \/>\n&#8211; Tirages contrecoll\u00e9 80&#215;100 cm (\u00e9dition de 3)<\/p>\n<p><em><strong>\u00c9dition de Portfolios <\/strong>: format 30x45cm , choix de 3, 7 ou 10 photos du livre.<\/em><br \/>\n<em> Tirages jet d\u2019encre pigmentaire sur papier baryt\u00e9 (tirages r\u00e9alis\u00e9s par l\u2019auteur)<\/em><br \/>\n<em> \u00c9dition de 30<\/em><\/p>\n<p><b><span style=\"text-decoration: underline;\"><span style=\"color: #ff0000; text-decoration: underline;\">TOKYO STATION<\/span><br \/>\n<\/span><\/b>&#8211; Tirage couleur jet d\u2019encre pigmentaire 36\u00d736 cm (\u00e9dition de 30)<br \/>\n&#8211; Tirage baryt\u00e9 n&amp;b 36\u00d736 cm (\u00e9dition de 30)<br \/>\n&#8211; Tirage 80&#215;80 cm contrecoll\u00e9 (\u00e9dition de 3)<b><\/b><\/p>\n<p><b><span style=\"text-decoration: underline;\"><span style=\"color: #ff0000; text-decoration: underline;\">ELECTRIC\u2019 CITES\u00a0<\/span> <\/span><\/b><br \/>\n&#8211; Tirage jet d\u2019encre pigmentaire 30&#215;45 (\u00e9dition de 7)<br \/>\n&#8211; Tirage jet d\u2019encre pigmentaire 40&#215;60 (\u00e9ditions de 5)<br \/>\n&#8211; Tirage contrecoll\u00e9 60&#215;90 cm (\u00e9dition de 3)<\/p>\n<p><b><span style=\"text-decoration: underline;\"><span style=\"color: #ff0000; text-decoration: underline;\">NOIR VERTICAL<\/span><br \/>\n<\/span><\/b>&#8211; Tirage jet d\u2019encre pigmentaire 30&#215;45 (\u00e9dition de 7)<br \/>\n&#8211; Tirage argentique 40\u00d750 cm (\u00e9dition de 10)<br \/>\n&#8211; Tirage 60 x90 cm contrecoll\u00e9 (\u00e9dition de 3)<b><\/b><\/p>\n<p><span style=\"color: #ff0000;\"><b><span style=\"text-decoration: underline;\">CLIMATS<\/span><\/b><\/span><br \/>\n&#8211; Tirage jet d\u2019encre pigmentaire 30&#215;45 (\u00e9dition de 7)<br \/>\n&#8211; Tirage jet d\u2019encre pigmentaire 40&#215;60 (\u00e9ditions de 5)<br \/>\n&#8211; Tirage contrecoll\u00e9 60&#215;90 cm (\u00e9dition de 3)<\/p>\n<p><span style=\"color: #ff0000;\"><b><span style=\"text-decoration: underline;\"><span style=\"text-decoration: underline;\">DISCONTINU\u00c9\u2026\u00a0<\/span> <\/span><\/b><\/span><br \/>\n&#8211; Contact argentique, 20x25cm (\u00e9dition de 10)<br \/>\n&#8211; Tirage jet d\u2019encre pigmentaire 40 x 50 cm (\u00e9dition de 10)<br \/>\n&#8211; tirage argentique manuel 30&#215;40 (\u00e9dition de 3)<br \/>\n&#8211; Tirage 100 x 120 (baryt\u00e9 argentique, contrecoll\u00e9, encadr\u00e9s, \u00e9dition de 3)<\/p>\n<p><span style=\"color: #ff0000;\"><b><span style=\"text-decoration: underline;\"><span style=\"text-decoration: underline;\">TOMBOUCTOU, PEUT-\u00caTRE\u2026<\/span> <\/span><\/b><\/span><br \/>\n&#8211; Tirage jet d\u2019encre pigmentaire 30&#215;45 (\u00e9dition de 7)<br \/>\n&#8211; Tirage jet d\u2019encre pigmentaire 40&#215;60 (\u00e9ditions de 5)<br \/>\n&#8211; Tirage contrecoll\u00e9 60&#215;90 cm (\u00e9dition de 3)<br \/>\nQuelques rares tirages Fresson 30&#215;40 cm sont aussi disponibles<\/p>\n<p><span style=\"color: #ff0000;\"><b><span style=\"text-decoration: underline;\">72,03%<\/span><\/b><\/span><br \/>\n&#8211; Tirage jet d\u2019encre pigmentaire 30&#215;40 cm \/ 40 x50 cm (\u00e9dition de 7)<br \/>\n&#8211; Tirage 60 x70 cm (\u00e9ditions de 5)<br \/>\n&#8211; Tirage contrecoll\u00e9 80&#215;100 cm (\u00e9dition de 3)<\/p>\n<p><span style=\"color: #ff0000;\"><b><span style=\"text-decoration: underline;\">GUNUNG<\/span><\/b><\/span><br \/>\n&#8211; Tirage jet d\u2019encre pigmentaire 30&#215;40 \/ 40 x50 (\u00e9dition de 7)<br \/>\n&#8211; Tirage argentiques (30&#215;40 \/ 40&#215;50, \u00e9ditions de 5)<br \/>\n&#8211; Tirage 40 x100 cm contrecoll\u00e9 (\u00e9dition de 3)<\/p>\n<p><span style=\"color: #ff0000;\"><b><span style=\"text-decoration: underline;\">MINERAL \/ALTITUDE<\/span><\/b><\/span><br \/>\n&#8211; Tirage jet d\u2019encre pigmentaire 18&#215;45 cm (\u00e9dition de 7)<br \/>\n&#8211;\u00a0Tirage jet d\u2019encre pigmentaire 23\u00d760 cm (\u00e9dition de 5)<br \/>\n&#8211;\u00a0Tirage contrecoll\u00e9 40 x100 cm (\u00e9dition de 3)<\/p>\n<p><span style=\"color: #3366ff;\"><span style=\"color: #ff0000;\"><b><span style=\"text-decoration: underline;\">FRA-FOR<\/span><\/b><\/span><b><span style=\"text-decoration: underline;\"><br \/>\n<\/span><\/b><\/span>&#8211; Tirage jet d\u2019encre pigmentaire 30\u00d740 cm\u00a0 (limit\u00e9 \u00e0 7 exemplaires)<br \/>\n&#8211;\u00a0Tirage jet d\u2019encre pigmentaire 40\u00d760 cm (limit\u00e9 \u00e0 5 exemplaires)<br \/>\n&#8211; Tirage 60\u00d790 cm (limit\u00e9 \u00e0 3 exemplaire)<\/p>\n","protected":false},"excerpt":{"rendered":"<p>Tarifs et disponibilit\u00e9 : jcbechet@gmail.com AFRICAN MEMORIES &#8211; Tirage argentique baryt\u00e9 vintage 24&#215;30 cm &#8211; Tirage argentique baryt\u00e9 vintage 30&#215;40 cm &#8211; Tirage jet d\u2019encre pigmentaire 30X40 cm (\u00e9dition de 7) &#8211; Tirage jet&#46;&#46;&#46;<\/p>\n","protected":false},"author":1,"featured_media":0,"parent":0,"menu_order":0,"comment_status":"closed","ping_status":"closed","template":"","meta":{"footnotes":""},"class_list":["post-1131","page","type-page","status-publish","hentry"],"_links":{"self":[{"href":"https:\/\/www.jcbechet.com\/index.php?rest_route=\/wp\/v2\/pages\/1131"}],"collection":[{"href":"https:\/\/www.jcbechet.com\/index.php?rest_route=\/wp\/v2\/pages"}],"about":[{"href":"https:\/\/www.jcbechet.com\/index.php?rest_route=\/wp\/v2\/types\/page"}],"author":[{"embeddable":true,"href":"https:\/\/www.jcbechet.com\/index.php?rest_route=\/wp\/v2\/users\/1"}],"replies":[{"embeddable":true,"href":"https:\/\/www.jcbechet.com\/index.php?rest_route=%2Fwp%2Fv2%2Fcomments&post=1131"}],"version-history":[{"count":3,"href":"https:\/\/www.jcbechet.com\/index.php?rest_route=\/wp\/v2\/pages\/1131\/revisions"}],"predecessor-version":[{"id":6675,"href":"https:\/\/www.jcbechet.com\/index.php?rest_route=\/wp\/v2\/pages\/1131\/revisions\/6675"}],"wp:attachment":[{"href":"https:\/\/www.jcbechet.com\/index.php?rest_route=%2Fwp%2Fv2%2Fmedia&parent=1131"}],"curies":[{"name":"wp","href":"https:\/\/api.w.org\/{rel}","templated":true}]}}